{"id":9411,"date":"2024-01-29T17:52:08","date_gmt":"2024-01-29T16:52:08","guid":{"rendered":"https:\/\/velectra.es\/akote\/conception-et-mise-en-page\/"},"modified":"2024-03-26T10:22:57","modified_gmt":"2024-03-26T09:22:57","slug":"conception-et-mise-en-page","status":"publish","type":"page","link":"https:\/\/akotetraducciones.com\/fr\/conception-et-mise-en-page\/","title":{"rendered":"Conception &#038; Mise en page"},"content":{"rendered":"\t\t<div data-elementor-type=\"wp-page\" data-elementor-id=\"9411\" class=\"elementor elementor-9411 elementor-9195\">\n\t\t\t\t\t\t\t<div class=\"elementor-element elementor-element-d5bbc43 e-con-full e-flex lakit-col-width-auto-no e-container e-root-container elementor-top-section e-con e-parent\" data-id=\"d5bbc43\" data-element_type=\"container\" data-settings=\"{&quot;background_background&quot;:&quot;classic&quot;,&quot;content_width&quot;:&quot;full&quot;}\" data-core-v316-plus=\"true\">\n\t\t<div class=\"elementor-element elementor-element-c4af581 e-con-full e-flex lakit-col-width-auto-no e-container e-con e-child\" data-id=\"c4af581\" data-element_type=\"container\" data-settings=\"{&quot;content_width&quot;:&quot;full&quot;}\">\n\t\t\t\t<div class=\"elementor-element elementor-element-ee28bc9 elementor-widget elementor-widget-image\" data-id=\"ee28bc9\" data-element_type=\"widget\" data-widget_type=\"image.default\">\n\t\t\t\t<div class=\"elementor-widget-container\">\n\t\t\t<style>\/*! elementor - v3.17.0 - 25-10-2023 *\/\n.elementor-widget-image{text-align:center}.elementor-widget-image a{display:inline-block}.elementor-widget-image a img[src$=\".svg\"]{width:48px}.elementor-widget-image img{vertical-align:middle;display:inline-block}<\/style>\t\t\t\t\t\t\t\t\t\t\t\t<img fetchpriority=\"high\" decoding=\"async\" width=\"2392\" height=\"1396\" src=\"https:\/\/akotetraducciones.com\/wp-content\/uploads\/2023\/11\/DISENO-Y-MAQUETACION.png\" class=\"attachment-full size-full wp-image-3474\" alt=\"\" srcset=\"https:\/\/akotetraducciones.com\/wp-content\/uploads\/2023\/11\/DISENO-Y-MAQUETACION.png 2392w, https:\/\/akotetraducciones.com\/wp-content\/uploads\/2023\/11\/DISENO-Y-MAQUETACION-1536x896.png 1536w, https:\/\/akotetraducciones.com\/wp-content\/uploads\/2023\/11\/DISENO-Y-MAQUETACION-2048x1195.png 2048w\" sizes=\"(max-width: 2392px) 100vw, 2392px\" \/>\t\t\t\t\t\t\t\t\t\t\t\t\t\t\t<\/div>\n\t\t\t\t<\/div>\n\t\t\t\t<\/div>\n\t\t<div class=\"elementor-element elementor-element-f5adadc e-con-full e-flex lakit-col-width-auto-no e-container e-con e-child\" data-id=\"f5adadc\" data-element_type=\"container\" data-settings=\"{&quot;content_width&quot;:&quot;full&quot;}\">\n\t\t\t\t<div class=\"elementor-element elementor-element-2b4b3f0 elementor-invisible lakit-has-entrance-animation elementor-widget elementor-widget-heading\" data-id=\"2b4b3f0\" data-element_type=\"widget\" data-settings=\"{&quot;motion_fx_motion_fx_mouse&quot;:&quot;yes&quot;,&quot;motion_fx_mouseTrack_effect&quot;:&quot;yes&quot;,&quot;motion_fx_mouseTrack_direction&quot;:&quot;negative&quot;,&quot;_animation&quot;:&quot;fadeInLeft&quot;,&quot;motion_fx_mouseTrack_speed&quot;:{&quot;unit&quot;:&quot;px&quot;,&quot;size&quot;:1,&quot;sizes&quot;:[]}}\" data-widget_type=\"heading.default\">\n\t\t\t\t<div class=\"elementor-widget-container\">\n\t\t\t<style>\/*! elementor - v3.17.0 - 25-10-2023 *\/\n.elementor-heading-title{padding:0;margin:0;line-height:1}.elementor-widget-heading .elementor-heading-title[class*=elementor-size-]>a{color:inherit;font-size:inherit;line-height:inherit}.elementor-widget-heading .elementor-heading-title.elementor-size-small{font-size:15px}.elementor-widget-heading .elementor-heading-title.elementor-size-medium{font-size:19px}.elementor-widget-heading .elementor-heading-title.elementor-size-large{font-size:29px}.elementor-widget-heading .elementor-heading-title.elementor-size-xl{font-size:39px}.elementor-widget-heading .elementor-heading-title.elementor-size-xxl{font-size:59px}<\/style><h2 class=\"elementor-heading-title elementor-size-default\">CONCEPTION ET MISE EN PAGE<\/h2>\t\t<\/div>\n\t\t\t\t<\/div>\n\t\t\t\t<div class=\"elementor-element elementor-element-1bb3fcf elementor-widget elementor-widget-text-editor\" data-id=\"1bb3fcf\" data-element_type=\"widget\" data-widget_type=\"text-editor.default\">\n\t\t\t\t<div class=\"elementor-widget-container\">\n\t\t\t<style>\/*! elementor - v3.17.0 - 25-10-2023 *\/\n.elementor-widget-text-editor.elementor-drop-cap-view-stacked .elementor-drop-cap{background-color:#69727d;color:#fff}.elementor-widget-text-editor.elementor-drop-cap-view-framed .elementor-drop-cap{color:#69727d;border:3px solid;background-color:transparent}.elementor-widget-text-editor:not(.elementor-drop-cap-view-default) .elementor-drop-cap{margin-top:8px}.elementor-widget-text-editor:not(.elementor-drop-cap-view-default) .elementor-drop-cap-letter{width:1em;height:1em}.elementor-widget-text-editor .elementor-drop-cap{float:left;text-align:center;line-height:1;font-size:50px}.elementor-widget-text-editor .elementor-drop-cap-letter{display:inline-block}<\/style>\t\t\t\t<p>NOUS G\u00c9RONS LE PROCESSUS COMPLET DE LA TRADUCTION, DE LA CONCEPTION ET LA MISE EN PAGE JUSQU\u2019\u00c0 L\u2019IMPRESSION.<\/p><p>La remise des traductions dans les m\u00eames formats \u00e0 partir de documents non modifiables requiert un travail professionnel. Nos clients en sont bien conscients.<\/p>\t\t\t\t\t\t<\/div>\n\t\t\t\t<\/div>\n\t\t\t\t<\/div>\n\t\t\t\t<\/div>\n\t\t<div class=\"elementor-element elementor-element-1a974a0 e-flex e-con-boxed lakit-col-width-auto-no e-container e-root-container elementor-top-section e-con e-parent\" data-id=\"1a974a0\" data-element_type=\"container\" data-settings=\"{&quot;content_width&quot;:&quot;boxed&quot;}\" data-core-v316-plus=\"true\">\n\t\t\t\t\t<div class=\"e-con-inner\">\n\t\t\t\t<div class=\"elementor-element elementor-element-926ecaa elementor-widget elementor-widget-text-editor\" data-id=\"926ecaa\" data-element_type=\"widget\" data-widget_type=\"text-editor.default\">\n\t\t\t\t<div class=\"elementor-widget-container\">\n\t\t\t\t\t\t\t<p>Akot\u00e9 propose des solutions compl\u00e8tes de conception et de mise en page \u00e0 travers l\u2019utilisation de logiciels tels qu\u00e9:<\/p><p style=\"text-align: center;\"><strong>InDesign, QuarkXpress ou Illustrator.<\/strong><\/p><p>Du fait de notre exp\u00e9rience, nous savons que ce service est essentiel pour le client, particuli\u00e8rement lorsqu\u2019il faut traduire vers les langues moins fr\u00e9quentes et avec des alphabets diff\u00e9rents : des manuels techniques scann\u00e9s avec des graphiques et des images, des catalogues de produits en PDF, des pr\u00e9sentations, etc. L\u2019adaptation constante aux besoins et aux caract\u00e9ristiques de chaque demande nous a men\u00e9 \u00e0 concevoir \u00e0 partir de rien les publications de nos clients, leur traduction dans diff\u00e9rentes langues et leur impression finale.<\/p>\t\t\t\t\t\t<\/div>\n\t\t\t\t<\/div>\n\t\t\t\t\t<\/div>\n\t\t\t\t<\/div>\n\t\t\t\t\t\t\t<\/div>\n\t\t","protected":false},"excerpt":{"rendered":"<p>CONCEPTION ET MISE EN PAGE NOUS G\u00c9RONS LE PROCESSUS COMPLET DE LA TRADUCTION, DE LA CONCEPTION ET LA MISE EN PAGE JUSQU\u2019\u00c0 L\u2019IMPRESSION. La remise des traductions dans les m\u00eames formats \u00e0 partir de documents non modifiables [&hellip;]<\/p>\n","protected":false},"author":1,"featured_media":7475,"parent":0,"menu_order":0,"comment_status":"closed","ping_status":"closed","template":"","meta":{"footnotes":""},"class_list":["post-9411","page","type-page","status-publish","has-post-thumbnail","hentry"],"_links":{"self":[{"href":"https:\/\/akotetraducciones.com\/fr\/wp-json\/wp\/v2\/pages\/9411","targetHints":{"allow":["GET"]}}],"collection":[{"href":"https:\/\/akotetraducciones.com\/fr\/wp-json\/wp\/v2\/pages"}],"about":[{"href":"https:\/\/akotetraducciones.com\/fr\/wp-json\/wp\/v2\/types\/page"}],"author":[{"embeddable":true,"href":"https:\/\/akotetraducciones.com\/fr\/wp-json\/wp\/v2\/users\/1"}],"replies":[{"embeddable":true,"href":"https:\/\/akotetraducciones.com\/fr\/wp-json\/wp\/v2\/comments?post=9411"}],"version-history":[{"count":9,"href":"https:\/\/akotetraducciones.com\/fr\/wp-json\/wp\/v2\/pages\/9411\/revisions"}],"predecessor-version":[{"id":12040,"href":"https:\/\/akotetraducciones.com\/fr\/wp-json\/wp\/v2\/pages\/9411\/revisions\/12040"}],"wp:featuredmedia":[{"embeddable":true,"href":"https:\/\/akotetraducciones.com\/fr\/wp-json\/wp\/v2\/media\/7475"}],"wp:attachment":[{"href":"https:\/\/akotetraducciones.com\/fr\/wp-json\/wp\/v2\/media?parent=9411"}],"curies":[{"name":"wp","href":"https:\/\/api.w.org\/{rel}","templated":true}]}}