{"id":9433,"date":"2024-01-29T16:04:21","date_gmt":"2024-01-29T15:04:21","guid":{"rendered":"https:\/\/velectra.es\/akote\/interpretation\/"},"modified":"2024-03-26T10:13:10","modified_gmt":"2024-03-26T09:13:10","slug":"interpretation","status":"publish","type":"page","link":"https:\/\/akotetraducciones.com\/fr\/interpretation\/","title":{"rendered":"Interpr\u00e9tation"},"content":{"rendered":"\t\t<div data-elementor-type=\"wp-page\" data-elementor-id=\"9433\" class=\"elementor elementor-9433 elementor-9116\">\n\t\t\t\t\t\t\t<div class=\"elementor-element elementor-element-6863e1e e-flex e-con-boxed lakit-col-width-auto-no e-container e-root-container elementor-top-section e-con e-parent\" data-id=\"6863e1e\" data-element_type=\"container\" data-settings=\"{&quot;background_background&quot;:&quot;classic&quot;,&quot;content_width&quot;:&quot;boxed&quot;}\" data-core-v316-plus=\"true\">\n\t\t\t\t\t<div class=\"e-con-inner\">\n\t\t\t\t<div class=\"elementor-element elementor-element-2c31d8a elementor-widget elementor-widget-spacer\" data-id=\"2c31d8a\" data-element_type=\"widget\" data-widget_type=\"spacer.default\">\n\t\t\t\t<div class=\"elementor-widget-container\">\n\t\t\t<style>\/*! elementor - v3.17.0 - 25-10-2023 *\/\n.elementor-column .elementor-spacer-inner{height:var(--spacer-size)}.e-con{--container-widget-width:100%}.e-con-inner>.elementor-widget-spacer,.e-con>.elementor-widget-spacer{width:var(--container-widget-width,var(--spacer-size));--align-self:var(--container-widget-align-self,initial);--flex-shrink:0}.e-con-inner>.elementor-widget-spacer>.elementor-widget-container,.e-con>.elementor-widget-spacer>.elementor-widget-container{height:100%;width:100%}.e-con-inner>.elementor-widget-spacer>.elementor-widget-container>.elementor-spacer,.e-con>.elementor-widget-spacer>.elementor-widget-container>.elementor-spacer{height:100%}.e-con-inner>.elementor-widget-spacer>.elementor-widget-container>.elementor-spacer>.elementor-spacer-inner,.e-con>.elementor-widget-spacer>.elementor-widget-container>.elementor-spacer>.elementor-spacer-inner{height:var(--container-widget-height,var(--spacer-size))}.e-con-inner>.elementor-widget-spacer.elementor-widget-empty,.e-con>.elementor-widget-spacer.elementor-widget-empty{position:relative;min-height:22px;min-width:22px}.e-con-inner>.elementor-widget-spacer.elementor-widget-empty .elementor-widget-empty-icon,.e-con>.elementor-widget-spacer.elementor-widget-empty .elementor-widget-empty-icon{position:absolute;top:0;bottom:0;left:0;right:0;margin:auto;padding:0;width:22px;height:22px}<\/style>\t\t<div class=\"elementor-spacer\">\n\t\t\t<div class=\"elementor-spacer-inner\"><\/div>\n\t\t<\/div>\n\t\t\t\t<\/div>\n\t\t\t\t<\/div>\n\t\t\t\t<div class=\"elementor-element elementor-element-2b4b3f0 elementor-invisible lakit-has-entrance-animation elementor-widget elementor-widget-heading\" data-id=\"2b4b3f0\" data-element_type=\"widget\" data-settings=\"{&quot;motion_fx_motion_fx_mouse&quot;:&quot;yes&quot;,&quot;motion_fx_mouseTrack_effect&quot;:&quot;yes&quot;,&quot;motion_fx_mouseTrack_direction&quot;:&quot;negative&quot;,&quot;_animation&quot;:&quot;fadeInLeft&quot;,&quot;motion_fx_mouseTrack_speed&quot;:{&quot;unit&quot;:&quot;px&quot;,&quot;size&quot;:1,&quot;sizes&quot;:[]}}\" data-widget_type=\"heading.default\">\n\t\t\t\t<div class=\"elementor-widget-container\">\n\t\t\t<style>\/*! elementor - v3.17.0 - 25-10-2023 *\/\n.elementor-heading-title{padding:0;margin:0;line-height:1}.elementor-widget-heading .elementor-heading-title[class*=elementor-size-]>a{color:inherit;font-size:inherit;line-height:inherit}.elementor-widget-heading .elementor-heading-title.elementor-size-small{font-size:15px}.elementor-widget-heading .elementor-heading-title.elementor-size-medium{font-size:19px}.elementor-widget-heading .elementor-heading-title.elementor-size-large{font-size:29px}.elementor-widget-heading .elementor-heading-title.elementor-size-xl{font-size:39px}.elementor-widget-heading .elementor-heading-title.elementor-size-xxl{font-size:59px}<\/style><h2 class=\"elementor-heading-title elementor-size-default\">INTERPRETACI\u00d3N<\/h2>\t\t<\/div>\n\t\t\t\t<\/div>\n\t\t\t\t<div class=\"elementor-element elementor-element-bb9f223 elementor-widget elementor-widget-spacer\" data-id=\"bb9f223\" data-element_type=\"widget\" data-widget_type=\"spacer.default\">\n\t\t\t\t<div class=\"elementor-widget-container\">\n\t\t\t\t\t<div class=\"elementor-spacer\">\n\t\t\t<div class=\"elementor-spacer-inner\"><\/div>\n\t\t<\/div>\n\t\t\t\t<\/div>\n\t\t\t\t<\/div>\n\t\t\t\t\t<\/div>\n\t\t\t\t<\/div>\n\t\t<div class=\"elementor-element elementor-element-2ae9604 e-flex e-con-boxed lakit-col-width-auto-no e-container e-root-container elementor-top-section e-con e-parent\" data-id=\"2ae9604\" data-element_type=\"container\" data-settings=\"{&quot;content_width&quot;:&quot;boxed&quot;}\" data-core-v316-plus=\"true\">\n\t\t\t\t\t<div class=\"e-con-inner\">\n\t\t<div class=\"elementor-element elementor-element-27b5bf9 e-flex e-con-boxed lakit-col-width-auto-no e-container e-con e-child\" data-id=\"27b5bf9\" data-element_type=\"container\" data-settings=\"{&quot;content_width&quot;:&quot;boxed&quot;}\">\n\t\t\t\t\t<div class=\"e-con-inner\">\n\t\t\t\t<div class=\"elementor-element elementor-element-1bb3fcf elementor-widget elementor-widget-text-editor\" data-id=\"1bb3fcf\" data-element_type=\"widget\" data-widget_type=\"text-editor.default\">\n\t\t\t\t<div class=\"elementor-widget-container\">\n\t\t\t<style>\/*! elementor - v3.17.0 - 25-10-2023 *\/\n.elementor-widget-text-editor.elementor-drop-cap-view-stacked .elementor-drop-cap{background-color:#69727d;color:#fff}.elementor-widget-text-editor.elementor-drop-cap-view-framed .elementor-drop-cap{color:#69727d;border:3px solid;background-color:transparent}.elementor-widget-text-editor:not(.elementor-drop-cap-view-default) .elementor-drop-cap{margin-top:8px}.elementor-widget-text-editor:not(.elementor-drop-cap-view-default) .elementor-drop-cap-letter{width:1em;height:1em}.elementor-widget-text-editor .elementor-drop-cap{float:left;text-align:center;line-height:1;font-size:50px}.elementor-widget-text-editor .elementor-drop-cap-letter{display:inline-block}<\/style>\t\t\t\t<p>NOUS DISPOSONS D\u2019UN R\u00c9SEAU D\u2019INTERPR\u00c8TES AUSSI BIEN EN ESPAGNE QUE DANS LE RESTE DU MONDE POUR POUVOIR ACCOMPAGNER NOS CLIENTS EN PERMANENCE.<\/p><\/p>\n\t\t\t\t\t\t<\/div>\n\t\t\t\t<\/div>\n\t\t\t\t\t<\/div>\n\t\t\t\t<\/div>\n\t\t<div class=\"elementor-element elementor-element-8325e9d e-flex e-con-boxed lakit-col-width-auto-no e-container e-con e-child\" data-id=\"8325e9d\" data-element_type=\"container\" data-settings=\"{&quot;content_width&quot;:&quot;boxed&quot;}\">\n\t\t\t\t\t<div class=\"e-con-inner\">\n\t\t\t\t<div class=\"elementor-element elementor-element-3932bb8 elementor-widget elementor-widget-text-editor\" data-id=\"3932bb8\" data-element_type=\"widget\" data-widget_type=\"text-editor.default\">\n\t\t\t\t<div class=\"elementor-widget-container\">\n\t\t\t\t\t\t\t<p>NOTRE EXP\u00c9RIENCE NOUS A APPRIS QUE CHAQUE \u00c9V\u00c9NEMENT DOIT INCLURE UNE \u00c9QUIPE SP\u00c9CIALIS\u00c9E.<\/p><\/p>\n\t\t\t\t\t\t<\/div>\n\t\t\t\t<\/div>\n\t\t\t\t\t<\/div>\n\t\t\t\t<\/div>\n\t\t<div class=\"elementor-element elementor-element-bb37024 e-flex e-con-boxed lakit-col-width-auto-no e-container e-con e-child\" data-id=\"bb37024\" data-element_type=\"container\" data-settings=\"{&quot;content_width&quot;:&quot;boxed&quot;}\">\n\t\t\t\t\t<div class=\"e-con-inner\">\n\t\t\t\t<div class=\"elementor-element elementor-element-e157704 elementor-widget elementor-widget-text-editor\" data-id=\"e157704\" data-element_type=\"widget\" data-widget_type=\"text-editor.default\">\n\t\t\t\t<div class=\"elementor-widget-container\">\n\t\t\t\t\t\t\t<p>NOUS CONSACRONS DU TEMPS \u00c0 LA S\u00c9LECTION DES MEILLEURS INTERPR\u00c8TES POUR LA PR\u00c9PARATION DE CHAQUE \u00c9V\u00c9NEMENT EN PARTICULIER. NOUS AVONS DE L\u2019EXP\u00c9RIENCE DANS LA COORDINATION DE GRANDS \u00c9V\u00c9NEMENTS INTERNATIONAUX QUI ONT REPR\u00c9SENT\u00c9 UN V\u00c9RITABLE D\u00c9FI.<\/p>\n\t\t\t\t\t\t<\/div>\n\t\t\t\t<\/div>\n\t\t\t\t\t<\/div>\n\t\t\t\t<\/div>\n\t\t<div class=\"elementor-element elementor-element-084cc23 e-flex e-con-boxed lakit-col-width-auto-no e-container e-con e-child\" data-id=\"084cc23\" data-element_type=\"container\" data-settings=\"{&quot;content_width&quot;:&quot;boxed&quot;}\">\n\t\t\t\t\t<div class=\"e-con-inner\">\n\t\t\t\t<div class=\"elementor-element elementor-element-8abcb50 elementor-widget elementor-widget-text-editor\" data-id=\"8abcb50\" data-element_type=\"widget\" data-widget_type=\"text-editor.default\">\n\t\t\t\t<div class=\"elementor-widget-container\">\n\t\t\t\t\t\t\t<p>FORTS DE DIX ANS D\u2019EXP\u00c9RIENCE, NOUS PARTICIPONS AVEC SUCC\u00c8S AUXDITS \u00c9V\u00c9NEMENTS ET R\u00c9PONDONS RAPIDEMENT ET EFFICACEMENT AUX DEMANDES CONCERNANT LES NOUVEAUX \u00c9V\u00c9NEMENTS QUE NOUS R\u00c9ALISONS CHAQUE ANN\u00c9E.<\/p>\n\t\t\t\t\t\t<\/div>\n\t\t\t\t<\/div>\n\t\t\t\t\t<\/div>\n\t\t\t\t<\/div>\n\t\t\t\t\t<\/div>\n\t\t\t\t<\/div>\n\t\t<div class=\"elementor-element elementor-element-884ff74 e-flex e-con-boxed lakit-col-width-auto-no e-container e-root-container elementor-top-section e-con e-parent\" data-id=\"884ff74\" data-element_type=\"container\" data-settings=\"{&quot;content_width&quot;:&quot;boxed&quot;}\" data-core-v316-plus=\"true\">\n\t\t\t\t\t<div class=\"e-con-inner\">\n\t\t<div class=\"elementor-element elementor-element-bfc75e8 e-con-full e-flex lakit-col-width-auto-no e-container e-con e-child\" data-id=\"bfc75e8\" data-element_type=\"container\" data-settings=\"{&quot;content_width&quot;:&quot;full&quot;}\">\n\t\t\t\t<div class=\"elementor-element elementor-element-a3f88f6 elementor-invisible lakit-has-entrance-animation elementor-widget elementor-widget-heading\" data-id=\"a3f88f6\" data-element_type=\"widget\" data-settings=\"{&quot;_animation&quot;:&quot;rollIn&quot;,&quot;_animation_laptop&quot;:&quot;fadeInDown&quot;}\" data-widget_type=\"heading.default\">\n\t\t\t\t<div class=\"elementor-widget-container\">\n\t\t\t<p class=\"elementor-heading-title elementor-size-default\">INTERPRETATION SIMULTAN\u00c9E EN CABINE<\/p>\t\t<\/div>\n\t\t\t\t<\/div>\n\t\t\t\t<div class=\"elementor-element elementor-element-0ac37e7 elementor-widget elementor-widget-spacer\" data-id=\"0ac37e7\" data-element_type=\"widget\" data-widget_type=\"spacer.default\">\n\t\t\t\t<div class=\"elementor-widget-container\">\n\t\t\t\t\t<div class=\"elementor-spacer\">\n\t\t\t<div class=\"elementor-spacer-inner\"><\/div>\n\t\t<\/div>\n\t\t\t\t<\/div>\n\t\t\t\t<\/div>\n\t\t\t\t<div class=\"elementor-element elementor-element-f7e69ac elementor-widget elementor-widget-text-editor\" data-id=\"f7e69ac\" data-element_type=\"widget\" data-widget_type=\"text-editor.default\">\n\t\t\t\t<div class=\"elementor-widget-container\">\n\t\t\t\t\t\t\t<p>Ce type d\u2019interpr\u00e9tation est le plus demand\u00e9 par nos clients pour des congr\u00e8s, des assembl\u00e9es, des conseils d\u2019administration, des conventions et des r\u00e9unions de petite ou grande envergure o\u00f9 interviennent au moins deux langues de travail et dont le nombre de participants est illimit\u00e9. Pour ce type d\u2019interpr\u00e9tation simultan\u00e9e, il est n\u00e9cessaire de disposer de l\u2019\u00e9quipement et du mat\u00e9riel technique correspondant : cabines, r\u00e9cepteurs et sonorisation. (Voir location de mat\u00e9riel.)<\/p>\n\t\t\t\t\t\t<\/div>\n\t\t\t\t<\/div>\n\t\t\t\t<\/div>\n\t\t<div class=\"elementor-element elementor-element-43fa270 e-con-full e-flex lakit-col-width-auto-no e-container e-con e-child\" data-id=\"43fa270\" data-element_type=\"container\" data-settings=\"{&quot;content_width&quot;:&quot;full&quot;}\">\n\t\t\t\t<div class=\"elementor-element elementor-element-d77016c elementor-invisible lakit-has-entrance-animation elementor-widget elementor-widget-heading\" data-id=\"d77016c\" data-element_type=\"widget\" data-settings=\"{&quot;_animation&quot;:&quot;rollIn&quot;,&quot;_animation_laptop&quot;:&quot;fadeInDown&quot;}\" data-widget_type=\"heading.default\">\n\t\t\t\t<div class=\"elementor-widget-container\">\n\t\t\t<p class=\"elementor-heading-title elementor-size-default\">INTERPRETATION SIMULTAN\u00c9E AVEC INFOPORT<\/p>\t\t<\/div>\n\t\t\t\t<\/div>\n\t\t\t\t<div class=\"elementor-element elementor-element-40800da elementor-widget elementor-widget-spacer\" data-id=\"40800da\" data-element_type=\"widget\" data-widget_type=\"spacer.default\">\n\t\t\t\t<div class=\"elementor-widget-container\">\n\t\t\t\t\t<div class=\"elementor-spacer\">\n\t\t\t<div class=\"elementor-spacer-inner\"><\/div>\n\t\t<\/div>\n\t\t\t\t<\/div>\n\t\t\t\t<\/div>\n\t\t\t\t<div class=\"elementor-element elementor-element-54f1b78 elementor-widget elementor-widget-text-editor\" data-id=\"54f1b78\" data-element_type=\"widget\" data-widget_type=\"text-editor.default\">\n\t\t\t\t<div class=\"elementor-widget-container\">\n\t\t\t\t\t\t\t<p>Nous utilisons ce syst\u00e8me technique pour r\u00e9aliser une interpr\u00e9tation en temps r\u00e9el et en mouvement pour un maximum recommand\u00e9 de 20 participants. Ce mat\u00e9riel est g\u00e9n\u00e9ralement utilis\u00e9 lors de visites \u00e0 des institutions, des usines, des mus\u00e9es, etc. Il est n\u00e9cessaire de se doter d\u2019une valise avec des micros et des r\u00e9cepteurs. (Voir location de mat\u00e9riel.)<\/p>\n\t\t\t\t\t\t<\/div>\n\t\t\t\t<\/div>\n\t\t\t\t<div class=\"elementor-element elementor-element-477a4b6 elementor-widget elementor-widget-spacer\" data-id=\"477a4b6\" data-element_type=\"widget\" data-widget_type=\"spacer.default\">\n\t\t\t\t<div class=\"elementor-widget-container\">\n\t\t\t\t\t<div class=\"elementor-spacer\">\n\t\t\t<div class=\"elementor-spacer-inner\"><\/div>\n\t\t<\/div>\n\t\t\t\t<\/div>\n\t\t\t\t<\/div>\n\t\t\t\t<div class=\"elementor-element elementor-element-b891cad elementor-widget elementor-widget-spacer\" data-id=\"b891cad\" data-element_type=\"widget\" data-widget_type=\"spacer.default\">\n\t\t\t\t<div class=\"elementor-widget-container\">\n\t\t\t\t\t<div class=\"elementor-spacer\">\n\t\t\t<div class=\"elementor-spacer-inner\"><\/div>\n\t\t<\/div>\n\t\t\t\t<\/div>\n\t\t\t\t<\/div>\n\t\t\t\t<\/div>\n\t\t\t\t\t<\/div>\n\t\t\t\t<\/div>\n\t\t<div class=\"elementor-element elementor-element-b24b490 e-con-full e-flex lakit-col-width-auto-no e-container e-root-container elementor-top-section e-con e-parent\" data-id=\"b24b490\" data-element_type=\"container\" data-settings=\"{&quot;content_width&quot;:&quot;full&quot;}\" data-core-v316-plus=\"true\">\n\t\t\t\t<div class=\"elementor-element elementor-element-2e2e91a elementor-widget elementor-widget-image\" data-id=\"2e2e91a\" data-element_type=\"widget\" data-widget_type=\"image.default\">\n\t\t\t\t<div class=\"elementor-widget-container\">\n\t\t\t<style>\/*! elementor - v3.17.0 - 25-10-2023 *\/\n.elementor-widget-image{text-align:center}.elementor-widget-image a{display:inline-block}.elementor-widget-image a img[src$=\".svg\"]{width:48px}.elementor-widget-image img{vertical-align:middle;display:inline-block}<\/style>\t\t\t\t\t\t\t\t\t\t\t\t<img fetchpriority=\"high\" decoding=\"async\" width=\"2560\" height=\"1714\" src=\"https:\/\/akotetraducciones.com\/wp-content\/uploads\/2024\/01\/ruben-garcia-R-wQExeiGrc-unsplash-scaled.jpg\" class=\"attachment-large size-large wp-image-8911\" alt=\"\" srcset=\"https:\/\/akotetraducciones.com\/wp-content\/uploads\/2024\/01\/ruben-garcia-R-wQExeiGrc-unsplash-scaled.jpg 2560w, https:\/\/akotetraducciones.com\/wp-content\/uploads\/2024\/01\/ruben-garcia-R-wQExeiGrc-unsplash-1536x1028.jpg 1536w, https:\/\/akotetraducciones.com\/wp-content\/uploads\/2024\/01\/ruben-garcia-R-wQExeiGrc-unsplash-2048x1371.jpg 2048w\" sizes=\"(max-width: 2560px) 100vw, 2560px\" \/>\t\t\t\t\t\t\t\t\t\t\t\t\t\t\t<\/div>\n\t\t\t\t<\/div>\n\t\t\t\t<\/div>\n\t\t<div class=\"elementor-element elementor-element-86b96e2 e-flex e-con-boxed lakit-col-width-auto-no e-container e-root-container elementor-top-section e-con e-parent\" data-id=\"86b96e2\" data-element_type=\"container\" data-settings=\"{&quot;content_width&quot;:&quot;boxed&quot;}\" data-core-v316-plus=\"true\">\n\t\t\t\t\t<div class=\"e-con-inner\">\n\t\t<div class=\"elementor-element elementor-element-9cb9241 e-con-full e-flex lakit-col-width-auto-no e-container e-con e-child\" data-id=\"9cb9241\" data-element_type=\"container\" data-settings=\"{&quot;content_width&quot;:&quot;full&quot;}\">\n\t\t\t\t<div class=\"elementor-element elementor-element-9e5d3b0 elementor-invisible lakit-has-entrance-animation elementor-widget elementor-widget-heading\" data-id=\"9e5d3b0\" data-element_type=\"widget\" data-settings=\"{&quot;_animation&quot;:&quot;rollIn&quot;,&quot;_animation_laptop&quot;:&quot;fadeInDown&quot;}\" data-widget_type=\"heading.default\">\n\t\t\t\t<div class=\"elementor-widget-container\">\n\t\t\t<p class=\"elementor-heading-title elementor-size-default\">INTERPRETATION SIMULTAN\u00c9E CHUCHOT\u00c9E<\/p>\t\t<\/div>\n\t\t\t\t<\/div>\n\t\t\t\t<div class=\"elementor-element elementor-element-ca66dd1 elementor-widget elementor-widget-text-editor\" data-id=\"ca66dd1\" data-element_type=\"widget\" data-widget_type=\"text-editor.default\">\n\t\t\t\t<div class=\"elementor-widget-container\">\n\t\t\t\t\t\t\t<p>Il s\u2019agit d\u2019une interpr\u00e9tation en temps r\u00e9el utilis\u00e9e lorsqu\u2019une ou deux personnes ne partagent pas la m\u00eame langue dans une r\u00e9union, une visite ou une entrevue. L\u2019interpr\u00e8te chuchote au participant le contenu de la r\u00e9union ou de l\u2019entrevue sans utilisation de mat\u00e9riel technique.<\/p>\n\t\t\t\t\t\t<\/div>\n\t\t\t\t<\/div>\n\t\t\t\t<div class=\"elementor-element elementor-element-503642d elementor-widget elementor-widget-spacer\" data-id=\"503642d\" data-element_type=\"widget\" data-widget_type=\"spacer.default\">\n\t\t\t\t<div class=\"elementor-widget-container\">\n\t\t\t\t\t<div class=\"elementor-spacer\">\n\t\t\t<div class=\"elementor-spacer-inner\"><\/div>\n\t\t<\/div>\n\t\t\t\t<\/div>\n\t\t\t\t<\/div>\n\t\t\t\t<div class=\"elementor-element elementor-element-bba04fb elementor-invisible lakit-has-entrance-animation elementor-widget elementor-widget-heading\" data-id=\"bba04fb\" data-element_type=\"widget\" data-settings=\"{&quot;_animation&quot;:&quot;rollIn&quot;,&quot;_animation_laptop&quot;:&quot;fadeInDown&quot;}\" data-widget_type=\"heading.default\">\n\t\t\t\t<div class=\"elementor-widget-container\">\n\t\t\t<p class=\"elementor-heading-title elementor-size-default\">INTERPR\u00c9TATION CONS\u00c9CUTIVE<\/p>\t\t<\/div>\n\t\t\t\t<\/div>\n\t\t\t\t<div class=\"elementor-element elementor-element-e0961b1 elementor-widget elementor-widget-text-editor\" data-id=\"e0961b1\" data-element_type=\"widget\" data-widget_type=\"text-editor.default\">\n\t\t\t\t<div class=\"elementor-widget-container\">\n\t\t\t\t\t\t\t<p>Avece ce service, nous couvrons des \u00e9v\u00e9nements de corte dur\u00e9e tels que des conferencies de presse, des remises de prix, des pr\u00e9sentations de films, des entrevues, etc. Dans ce cas, l\u2019interpr\u00e8te recueille, \u00e0 travers un syst\u00e8me de notes, les informations de l\u2019orateur et, imm\u00e9diatement apr\u00e8s, reproduit le discours dans la langue souhait\u00e9e. Si le discours est tr\u00e8s long, des pause sont pr\u00e9vues pour que l\u2019interpr\u00e8te intervienne. Dans cette situation, aucun mat\u00e9riel technique sp\u00e9cifique d\u2019interpr\u00e9tations n\u2019est n\u00e9cessaire mais il faut tenir compte du fait que la dur\u00e9e de l\u2019\u00e9v\u00e9nement sera allong\u00e9e d\u2019environ 80%.<\/p>\n\t\t\t\t\t\t<\/div>\n\t\t\t\t<\/div>\n\t\t\t\t<\/div>\n\t\t<div class=\"elementor-element elementor-element-acd9a57 e-con-full e-flex lakit-col-width-auto-no e-container e-con e-child\" data-id=\"acd9a57\" data-element_type=\"container\" data-settings=\"{&quot;content_width&quot;:&quot;full&quot;}\">\n\t\t\t\t<div class=\"elementor-element elementor-element-5f2ca60 elementor-invisible lakit-has-entrance-animation elementor-widget elementor-widget-heading\" data-id=\"5f2ca60\" data-element_type=\"widget\" data-settings=\"{&quot;_animation&quot;:&quot;rollIn&quot;,&quot;_animation_laptop&quot;:&quot;fadeInDown&quot;}\" data-widget_type=\"heading.default\">\n\t\t\t\t<div class=\"elementor-widget-container\">\n\t\t\t<p class=\"elementor-heading-title elementor-size-default\">INTERPR\u00c9TATION EN LANGUE DES SIGNES\nINTERNATIONALE ET EN LANGUE DES SIGNES ESPAGNOLE<\/p>\t\t<\/div>\n\t\t\t\t<\/div>\n\t\t\t\t<div class=\"elementor-element elementor-element-60cd121 elementor-widget elementor-widget-text-editor\" data-id=\"60cd121\" data-element_type=\"widget\" data-widget_type=\"text-editor.default\">\n\t\t\t\t<div class=\"elementor-widget-container\">\n\t\t\t\t\t\t\t<p>Un service de plus en plus demand\u00e9 par nos clients pour des congr\u00e8s internationaux, notamment avec un retransmission en direct. Lorsqu\u2019il s\u2019agit d\u2019un \u00e9v\u00e9nement international en plusieurs langues et que l\u2019interpr\u00e9tation \u00e0 r\u00e9aliser ne concerne pas seulement la langue espagnoles, des interpr\u00e8tes de LSI son sollicit\u00e9s.<\/p>\n\t\t\t\t\t\t<\/div>\n\t\t\t\t<\/div>\n\t\t\t\t<div class=\"elementor-element elementor-element-fe4ef3c elementor-widget elementor-widget-spacer\" data-id=\"fe4ef3c\" data-element_type=\"widget\" data-widget_type=\"spacer.default\">\n\t\t\t\t<div class=\"elementor-widget-container\">\n\t\t\t\t\t<div class=\"elementor-spacer\">\n\t\t\t<div class=\"elementor-spacer-inner\"><\/div>\n\t\t<\/div>\n\t\t\t\t<\/div>\n\t\t\t\t<\/div>\n\t\t\t\t<div class=\"elementor-element elementor-element-633908a elementor-widget elementor-widget-image\" data-id=\"633908a\" data-element_type=\"widget\" data-widget_type=\"image.default\">\n\t\t\t\t<div class=\"elementor-widget-container\">\n\t\t\t\t\t\t\t\t\t\t\t\t\t\t\t<img decoding=\"async\" width=\"2376\" height=\"1584\" src=\"https:\/\/akotetraducciones.com\/wp-content\/uploads\/2023\/11\/INTERPRETACION.jpeg\" class=\"attachment-large size-large wp-image-7463\" alt=\"\" srcset=\"https:\/\/akotetraducciones.com\/wp-content\/uploads\/2023\/11\/INTERPRETACION.jpeg 2376w, https:\/\/akotetraducciones.com\/wp-content\/uploads\/2023\/11\/INTERPRETACION-1536x1024.jpeg 1536w, https:\/\/akotetraducciones.com\/wp-content\/uploads\/2023\/11\/INTERPRETACION-2048x1365.jpeg 2048w\" sizes=\"(max-width: 2376px) 100vw, 2376px\" \/>\t\t\t\t\t\t\t\t\t\t\t\t\t\t\t<\/div>\n\t\t\t\t<\/div>\n\t\t\t\t<\/div>\n\t\t\t\t\t<\/div>\n\t\t\t\t<\/div>\n\t\t\t\t\t\t\t<\/div>\n\t\t","protected":false},"excerpt":{"rendered":"<p>INTERPRETACI\u00d3N NOUS DISPOSONS D\u2019UN R\u00c9SEAU D\u2019INTERPR\u00c8TES AUSSI BIEN EN ESPAGNE QUE DANS LE RESTE DU MONDE POUR POUVOIR ACCOMPAGNER NOS CLIENTS EN PERMANENCE. NOTRE EXP\u00c9RIENCE NOUS A APPRIS QUE CHAQUE \u00c9V\u00c9NEMENT DOIT INCLURE UNE \u00c9QUIPE SP\u00c9CIALIS\u00c9E. NOUS [&hellip;]<\/p>\n","protected":false},"author":1,"featured_media":7463,"parent":0,"menu_order":0,"comment_status":"closed","ping_status":"closed","template":"","meta":{"footnotes":""},"class_list":["post-9433","page","type-page","status-publish","has-post-thumbnail","hentry"],"_links":{"self":[{"href":"https:\/\/akotetraducciones.com\/fr\/wp-json\/wp\/v2\/pages\/9433","targetHints":{"allow":["GET"]}}],"collection":[{"href":"https:\/\/akotetraducciones.com\/fr\/wp-json\/wp\/v2\/pages"}],"about":[{"href":"https:\/\/akotetraducciones.com\/fr\/wp-json\/wp\/v2\/types\/page"}],"author":[{"embeddable":true,"href":"https:\/\/akotetraducciones.com\/fr\/wp-json\/wp\/v2\/users\/1"}],"replies":[{"embeddable":true,"href":"https:\/\/akotetraducciones.com\/fr\/wp-json\/wp\/v2\/comments?post=9433"}],"version-history":[{"count":9,"href":"https:\/\/akotetraducciones.com\/fr\/wp-json\/wp\/v2\/pages\/9433\/revisions"}],"predecessor-version":[{"id":12030,"href":"https:\/\/akotetraducciones.com\/fr\/wp-json\/wp\/v2\/pages\/9433\/revisions\/12030"}],"wp:featuredmedia":[{"embeddable":true,"href":"https:\/\/akotetraducciones.com\/fr\/wp-json\/wp\/v2\/media\/7463"}],"wp:attachment":[{"href":"https:\/\/akotetraducciones.com\/fr\/wp-json\/wp\/v2\/media?parent=9433"}],"curies":[{"name":"wp","href":"https:\/\/api.w.org\/{rel}","templated":true}]}}