{"id":9441,"date":"2020-10-30T09:39:56","date_gmt":"2020-10-30T08:39:56","guid":{"rendered":"https:\/\/velectra.es\/akote\/a-notre-sujet\/"},"modified":"2024-03-25T17:39:37","modified_gmt":"2024-03-25T16:39:37","slug":"a-notre-sujet","status":"publish","type":"page","link":"https:\/\/akotetraducciones.com\/fr\/a-notre-sujet\/","title":{"rendered":"\u00c0 NOTRE SUJET"},"content":{"rendered":"\t\t<div data-elementor-type=\"wp-page\" data-elementor-id=\"9441\" class=\"elementor elementor-9441 elementor-1529\">\n\t\t\t\t\t\t\t\t\t<div class=\"elementor-section elementor-top-section elementor-element elementor-element-547efdd elementor-section-full_width elementor-section-content-middle elementor-section-height-default elementor-section-height-default\" data-id=\"547efdd\" data-element_type=\"section\" data-settings=\"{&quot;background_background&quot;:&quot;classic&quot;}\">\n\t\t\t\t\t\t<div class=\"elementor-container elementor-column-gap-no\">\n\t\t\t\t\t<div class=\"elementor-column elementor-col-100 elementor-top-column elementor-element elementor-element-9eeb1d2 lakit-col-width-auto-no\" data-id=\"9eeb1d2\" data-element_type=\"column\">\n\t\t\t<div class=\"elementor-widget-wrap elementor-element-populated\">\n\t\t\t\t\t\t\t\t<div class=\"elementor-element elementor-element-ef47bf8 elementor-widget elementor-widget-spacer\" data-id=\"ef47bf8\" data-element_type=\"widget\" data-widget_type=\"spacer.default\">\n\t\t\t\t<div class=\"elementor-widget-container\">\n\t\t\t<style>\/*! elementor - v3.17.0 - 25-10-2023 *\/\n.elementor-column .elementor-spacer-inner{height:var(--spacer-size)}.e-con{--container-widget-width:100%}.e-con-inner>.elementor-widget-spacer,.e-con>.elementor-widget-spacer{width:var(--container-widget-width,var(--spacer-size));--align-self:var(--container-widget-align-self,initial);--flex-shrink:0}.e-con-inner>.elementor-widget-spacer>.elementor-widget-container,.e-con>.elementor-widget-spacer>.elementor-widget-container{height:100%;width:100%}.e-con-inner>.elementor-widget-spacer>.elementor-widget-container>.elementor-spacer,.e-con>.elementor-widget-spacer>.elementor-widget-container>.elementor-spacer{height:100%}.e-con-inner>.elementor-widget-spacer>.elementor-widget-container>.elementor-spacer>.elementor-spacer-inner,.e-con>.elementor-widget-spacer>.elementor-widget-container>.elementor-spacer>.elementor-spacer-inner{height:var(--container-widget-height,var(--spacer-size))}.e-con-inner>.elementor-widget-spacer.elementor-widget-empty,.e-con>.elementor-widget-spacer.elementor-widget-empty{position:relative;min-height:22px;min-width:22px}.e-con-inner>.elementor-widget-spacer.elementor-widget-empty .elementor-widget-empty-icon,.e-con>.elementor-widget-spacer.elementor-widget-empty .elementor-widget-empty-icon{position:absolute;top:0;bottom:0;left:0;right:0;margin:auto;padding:0;width:22px;height:22px}<\/style>\t\t<div class=\"elementor-spacer\">\n\t\t\t<div class=\"elementor-spacer-inner\"><\/div>\n\t\t<\/div>\n\t\t\t\t<\/div>\n\t\t\t\t<\/div>\n\t\t\t\t<div class=\"elementor-element elementor-element-e8ba94a elementor-invisible lakit-has-entrance-animation elementor-widget elementor-widget-heading\" data-id=\"e8ba94a\" data-element_type=\"widget\" data-settings=\"{&quot;motion_fx_motion_fx_mouse&quot;:&quot;yes&quot;,&quot;motion_fx_mouseTrack_effect&quot;:&quot;yes&quot;,&quot;motion_fx_mouseTrack_direction&quot;:&quot;negative&quot;,&quot;_animation&quot;:&quot;fadeInLeft&quot;,&quot;motion_fx_mouseTrack_speed&quot;:{&quot;unit&quot;:&quot;px&quot;,&quot;size&quot;:1,&quot;sizes&quot;:[]}}\" data-widget_type=\"heading.default\">\n\t\t\t\t<div class=\"elementor-widget-container\">\n\t\t\t<style>\/*! elementor - v3.17.0 - 25-10-2023 *\/\n.elementor-heading-title{padding:0;margin:0;line-height:1}.elementor-widget-heading .elementor-heading-title[class*=elementor-size-]>a{color:inherit;font-size:inherit;line-height:inherit}.elementor-widget-heading .elementor-heading-title.elementor-size-small{font-size:15px}.elementor-widget-heading .elementor-heading-title.elementor-size-medium{font-size:19px}.elementor-widget-heading .elementor-heading-title.elementor-size-large{font-size:29px}.elementor-widget-heading .elementor-heading-title.elementor-size-xl{font-size:39px}.elementor-widget-heading .elementor-heading-title.elementor-size-xxl{font-size:59px}<\/style><h2 class=\"elementor-heading-title elementor-size-default\">NOTRE MOTIVATION<\/h2>\t\t<\/div>\n\t\t\t\t<\/div>\n\t\t\t\t<div class=\"elementor-element elementor-element-36da17b elementor-widget elementor-widget-spacer\" data-id=\"36da17b\" data-element_type=\"widget\" data-widget_type=\"spacer.default\">\n\t\t\t\t<div class=\"elementor-widget-container\">\n\t\t\t\t\t<div class=\"elementor-spacer\">\n\t\t\t<div class=\"elementor-spacer-inner\"><\/div>\n\t\t<\/div>\n\t\t\t\t<\/div>\n\t\t\t\t<\/div>\n\t\t\t\t\t<\/div>\n\t\t<\/div>\n\t\t\t\t\t\t\t<\/div>\n\t\t<\/div>\n\t\t<div class=\"elementor-element elementor-element-b568d53 e-con-full e-flex lakit-col-width-auto-no e-container e-root-container elementor-top-section e-con e-parent\" data-id=\"b568d53\" data-element_type=\"container\" data-settings=\"{&quot;content_width&quot;:&quot;full&quot;}\" data-core-v316-plus=\"true\">\n\t\t<div class=\"elementor-element elementor-element-c80fd98 e-con-full e-flex lakit-col-width-auto-no e-container e-con e-child\" data-id=\"c80fd98\" data-element_type=\"container\" data-settings=\"{&quot;content_width&quot;:&quot;full&quot;}\">\n\t\t<div class=\"elementor-element elementor-element-49b2ea7 e-con-full e-flex lakit-col-width-auto-no e-container e-con e-child\" data-id=\"49b2ea7\" data-element_type=\"container\" data-settings=\"{&quot;content_width&quot;:&quot;full&quot;}\">\n\t\t\t\t<div class=\"elementor-element elementor-element-a813185 elementor-widget elementor-widget-spacer\" data-id=\"a813185\" data-element_type=\"widget\" data-widget_type=\"spacer.default\">\n\t\t\t\t<div class=\"elementor-widget-container\">\n\t\t\t\t\t<div class=\"elementor-spacer\">\n\t\t\t<div class=\"elementor-spacer-inner\"><\/div>\n\t\t<\/div>\n\t\t\t\t<\/div>\n\t\t\t\t<\/div>\n\t\t\t\t<div class=\"elementor-element elementor-element-526a076 elementor-widget elementor-widget-image\" data-id=\"526a076\" data-element_type=\"widget\" data-widget_type=\"image.default\">\n\t\t\t\t<div class=\"elementor-widget-container\">\n\t\t\t<style>\/*! elementor - v3.17.0 - 25-10-2023 *\/\n.elementor-widget-image{text-align:center}.elementor-widget-image a{display:inline-block}.elementor-widget-image a img[src$=\".svg\"]{width:48px}.elementor-widget-image img{vertical-align:middle;display:inline-block}<\/style>\t\t\t\t\t\t\t\t\t\t\t\t<img fetchpriority=\"high\" decoding=\"async\" width=\"2448\" height=\"1376\" src=\"https:\/\/akotetraducciones.com\/wp-content\/uploads\/2024\/03\/traduccion-jurada-1.jpg\" class=\"attachment-full size-full wp-image-11860\" alt=\"\" srcset=\"https:\/\/akotetraducciones.com\/wp-content\/uploads\/2024\/03\/traduccion-jurada-1.jpg 2448w, https:\/\/akotetraducciones.com\/wp-content\/uploads\/2024\/03\/traduccion-jurada-1-1536x863.jpg 1536w, https:\/\/akotetraducciones.com\/wp-content\/uploads\/2024\/03\/traduccion-jurada-1-2048x1151.jpg 2048w\" sizes=\"(max-width: 2448px) 100vw, 2448px\" \/>\t\t\t\t\t\t\t\t\t\t\t\t\t\t\t<\/div>\n\t\t\t\t<\/div>\n\t\t\t\t<\/div>\n\t\t<div class=\"elementor-element elementor-element-74d74b1 e-con-full e-flex lakit-col-width-auto-no e-container e-con e-child\" data-id=\"74d74b1\" data-element_type=\"container\" data-settings=\"{&quot;content_width&quot;:&quot;full&quot;}\">\n\t\t<div class=\"elementor-element elementor-element-7aad94b e-flex e-con-boxed lakit-col-width-auto-no e-container e-con e-child\" data-id=\"7aad94b\" data-element_type=\"container\" data-settings=\"{&quot;content_width&quot;:&quot;boxed&quot;}\">\n\t\t\t\t\t<div class=\"e-con-inner\">\n\t\t\t\t<div class=\"elementor-element elementor-element-919fa93 elementor-widget__width-initial elementor-invisible lakit-has-entrance-animation elementor-widget elementor-widget-text-editor\" data-id=\"919fa93\" data-element_type=\"widget\" data-settings=\"{&quot;_animation&quot;:&quot;fadeInUp&quot;,&quot;_animation_delay&quot;:300}\" data-widget_type=\"text-editor.default\">\n\t\t\t\t<div class=\"elementor-widget-container\">\n\t\t\t<style>\/*! elementor - v3.17.0 - 25-10-2023 *\/\n.elementor-widget-text-editor.elementor-drop-cap-view-stacked .elementor-drop-cap{background-color:#69727d;color:#fff}.elementor-widget-text-editor.elementor-drop-cap-view-framed .elementor-drop-cap{color:#69727d;border:3px solid;background-color:transparent}.elementor-widget-text-editor:not(.elementor-drop-cap-view-default) .elementor-drop-cap{margin-top:8px}.elementor-widget-text-editor:not(.elementor-drop-cap-view-default) .elementor-drop-cap-letter{width:1em;height:1em}.elementor-widget-text-editor .elementor-drop-cap{float:left;text-align:center;line-height:1;font-size:50px}.elementor-widget-text-editor .elementor-drop-cap-letter{display:inline-block}<\/style>\t\t\t\t<p>Akot\u00e9 est cr\u00e9\u00e9e dans le but d&#8217;apporter un service personnalis\u00e9 \u00e0 ses clients. Avec une \u00e9quipe de grands professionnels derri\u00e8re nous, notre plus grande r\u00e9ussite est de nous \u00e9tablir comme une \u00ab boutique \u00bb au sein du secteur de la traduction et de l\u2019interpr\u00e9tation, marqu\u00e9e de notre sceau de distinction.<\/p><p><img decoding=\"async\" class=\"alignnone size-full wp-image-7978\" src=\"https:\/\/akotetraducciones.com\/wp-content\/uploads\/2024\/01\/logo-akote-new2-RELLENO-SIN-TEX.png\" alt=\"\" width=\"1000\" height=\"350\" \/><\/p>\t\t\t\t\t\t<\/div>\n\t\t\t\t<\/div>\n\t\t\t\t\t<\/div>\n\t\t\t\t<\/div>\n\t\t<div class=\"elementor-element elementor-element-2c8a898 e-flex e-con-boxed lakit-col-width-auto-no e-container e-con e-child\" data-id=\"2c8a898\" data-element_type=\"container\" data-settings=\"{&quot;content_width&quot;:&quot;boxed&quot;}\">\n\t\t\t\t\t<div class=\"e-con-inner\">\n\t\t\t\t<div class=\"elementor-element elementor-element-1ffed34 elementor-widget__width-initial elementor-invisible lakit-has-entrance-animation elementor-widget elementor-widget-text-editor\" data-id=\"1ffed34\" data-element_type=\"widget\" data-settings=\"{&quot;_animation&quot;:&quot;fadeInUp&quot;,&quot;_animation_delay&quot;:300}\" data-widget_type=\"text-editor.default\">\n\t\t\t\t<div class=\"elementor-widget-container\">\n\t\t\t\t\t\t\t<p>Nous nous adaptons \u00e0 chaque nouvelle situation et d\u00e9fi qui nous est propos\u00e9, en donnant la priorit\u00e9 aux processus et \u00e0 l&#8217;\u00e9volution des besoins de nos clients, ce qui nous a permis de grandir et d&#8217;\u00e9voluer au fil de ces ann\u00e9es.<\/p><p>Notre plus grande r\u00e9compense vient lorsque nous devenons le partenaire de r\u00e9f\u00e9rence dans le processus d&#8217;internalisation de nos clients, car ils savent que nous faisons aussi de leurs projets les n\u00f4tres.<\/p>\t\t\t\t\t\t<\/div>\n\t\t\t\t<\/div>\n\t\t\t\t\t<\/div>\n\t\t\t\t<\/div>\n\t\t\t\t<\/div>\n\t\t\t\t<\/div>\n\t\t\t\t<\/div>\n\t\t\t\t\t\t\t<\/div>\n\t\t","protected":false},"excerpt":{"rendered":"<p>NOTRE MOTIVATION Akot\u00e9 est cr\u00e9\u00e9e dans le but d&#8217;apporter un service personnalis\u00e9 \u00e0 ses clients. Avec une \u00e9quipe de grands professionnels derri\u00e8re nous, notre plus grande r\u00e9ussite est de nous \u00e9tablir comme une \u00ab boutique \u00bb au [&hellip;]<\/p>\n","protected":false},"author":1,"featured_media":0,"parent":0,"menu_order":0,"comment_status":"closed","ping_status":"closed","template":"","meta":{"footnotes":""},"class_list":["post-9441","page","type-page","status-publish","hentry"],"_links":{"self":[{"href":"https:\/\/akotetraducciones.com\/fr\/wp-json\/wp\/v2\/pages\/9441","targetHints":{"allow":["GET"]}}],"collection":[{"href":"https:\/\/akotetraducciones.com\/fr\/wp-json\/wp\/v2\/pages"}],"about":[{"href":"https:\/\/akotetraducciones.com\/fr\/wp-json\/wp\/v2\/types\/page"}],"author":[{"embeddable":true,"href":"https:\/\/akotetraducciones.com\/fr\/wp-json\/wp\/v2\/users\/1"}],"replies":[{"embeddable":true,"href":"https:\/\/akotetraducciones.com\/fr\/wp-json\/wp\/v2\/comments?post=9441"}],"version-history":[{"count":11,"href":"https:\/\/akotetraducciones.com\/fr\/wp-json\/wp\/v2\/pages\/9441\/revisions"}],"predecessor-version":[{"id":11964,"href":"https:\/\/akotetraducciones.com\/fr\/wp-json\/wp\/v2\/pages\/9441\/revisions\/11964"}],"wp:attachment":[{"href":"https:\/\/akotetraducciones.com\/fr\/wp-json\/wp\/v2\/media?parent=9441"}],"curies":[{"name":"wp","href":"https:\/\/api.w.org\/{rel}","templated":true}]}}