{"id":9449,"date":"2020-10-31T04:57:13","date_gmt":"2020-10-31T03:57:13","guid":{"rendered":"https:\/\/velectra.es\/akote\/services\/"},"modified":"2024-03-26T10:07:59","modified_gmt":"2024-03-26T09:07:59","slug":"servicesfr","status":"publish","type":"page","link":"https:\/\/akotetraducciones.com\/fr\/servicesfr\/","title":{"rendered":"SERVICES FR"},"content":{"rendered":"\t\t<div data-elementor-type=\"wp-page\" data-elementor-id=\"9449\" class=\"elementor elementor-9449 elementor-1628\">\n\t\t\t\t\t\t\t<div class=\"elementor-element elementor-element-742abec e-con-full e-flex lakit-col-width-auto-no e-container e-root-container elementor-top-section e-con e-parent\" data-id=\"742abec\" data-element_type=\"container\" data-settings=\"{&quot;background_background&quot;:&quot;classic&quot;,&quot;content_width&quot;:&quot;full&quot;}\" data-core-v316-plus=\"true\">\n\t\t\t\t<div class=\"elementor-element elementor-element-12b851f elementor-widget elementor-widget-spacer\" data-id=\"12b851f\" data-element_type=\"widget\" data-widget_type=\"spacer.default\">\n\t\t\t\t<div class=\"elementor-widget-container\">\n\t\t\t<style>\/*! elementor - v3.17.0 - 25-10-2023 *\/\n.elementor-column .elementor-spacer-inner{height:var(--spacer-size)}.e-con{--container-widget-width:100%}.e-con-inner>.elementor-widget-spacer,.e-con>.elementor-widget-spacer{width:var(--container-widget-width,var(--spacer-size));--align-self:var(--container-widget-align-self,initial);--flex-shrink:0}.e-con-inner>.elementor-widget-spacer>.elementor-widget-container,.e-con>.elementor-widget-spacer>.elementor-widget-container{height:100%;width:100%}.e-con-inner>.elementor-widget-spacer>.elementor-widget-container>.elementor-spacer,.e-con>.elementor-widget-spacer>.elementor-widget-container>.elementor-spacer{height:100%}.e-con-inner>.elementor-widget-spacer>.elementor-widget-container>.elementor-spacer>.elementor-spacer-inner,.e-con>.elementor-widget-spacer>.elementor-widget-container>.elementor-spacer>.elementor-spacer-inner{height:var(--container-widget-height,var(--spacer-size))}.e-con-inner>.elementor-widget-spacer.elementor-widget-empty,.e-con>.elementor-widget-spacer.elementor-widget-empty{position:relative;min-height:22px;min-width:22px}.e-con-inner>.elementor-widget-spacer.elementor-widget-empty .elementor-widget-empty-icon,.e-con>.elementor-widget-spacer.elementor-widget-empty .elementor-widget-empty-icon{position:absolute;top:0;bottom:0;left:0;right:0;margin:auto;padding:0;width:22px;height:22px}<\/style>\t\t<div class=\"elementor-spacer\">\n\t\t\t<div class=\"elementor-spacer-inner\"><\/div>\n\t\t<\/div>\n\t\t\t\t<\/div>\n\t\t\t\t<\/div>\n\t\t\t\t<div class=\"elementor-element elementor-element-bcc5687 elementor-invisible lakit-has-entrance-animation elementor-widget elementor-widget-heading\" data-id=\"bcc5687\" data-element_type=\"widget\" data-settings=\"{&quot;motion_fx_motion_fx_mouse&quot;:&quot;yes&quot;,&quot;motion_fx_mouseTrack_effect&quot;:&quot;yes&quot;,&quot;motion_fx_mouseTrack_direction&quot;:&quot;negative&quot;,&quot;_animation&quot;:&quot;fadeInLeft&quot;,&quot;motion_fx_mouseTrack_speed&quot;:{&quot;unit&quot;:&quot;px&quot;,&quot;size&quot;:1,&quot;sizes&quot;:[]}}\" data-widget_type=\"heading.default\">\n\t\t\t\t<div class=\"elementor-widget-container\">\n\t\t\t<style>\/*! elementor - v3.17.0 - 25-10-2023 *\/\n.elementor-heading-title{padding:0;margin:0;line-height:1}.elementor-widget-heading .elementor-heading-title[class*=elementor-size-]>a{color:inherit;font-size:inherit;line-height:inherit}.elementor-widget-heading .elementor-heading-title.elementor-size-small{font-size:15px}.elementor-widget-heading .elementor-heading-title.elementor-size-medium{font-size:19px}.elementor-widget-heading .elementor-heading-title.elementor-size-large{font-size:29px}.elementor-widget-heading .elementor-heading-title.elementor-size-xl{font-size:39px}.elementor-widget-heading .elementor-heading-title.elementor-size-xxl{font-size:59px}<\/style><h2 class=\"elementor-heading-title elementor-size-default\">NOUS SOMMES DES SP\u00c9CIALISTES EN:<\/h2>\t\t<\/div>\n\t\t\t\t<\/div>\n\t\t\t\t<div class=\"elementor-element elementor-element-6e0e558 elementor-widget elementor-widget-spacer\" data-id=\"6e0e558\" data-element_type=\"widget\" data-widget_type=\"spacer.default\">\n\t\t\t\t<div class=\"elementor-widget-container\">\n\t\t\t\t\t<div class=\"elementor-spacer\">\n\t\t\t<div class=\"elementor-spacer-inner\"><\/div>\n\t\t<\/div>\n\t\t\t\t<\/div>\n\t\t\t\t<\/div>\n\t\t\t\t<\/div>\n\t\t<div class=\"elementor-element elementor-element-addf1f7 e-con-full e-flex lakit-col-width-auto-no e-container e-root-container elementor-top-section e-con e-parent\" data-id=\"addf1f7\" data-element_type=\"container\" data-settings=\"{&quot;background_background&quot;:&quot;classic&quot;,&quot;content_width&quot;:&quot;full&quot;}\" data-core-v316-plus=\"true\">\n\t\t<div class=\"elementor-element elementor-element-b147bd9 e-con-full e-flex lakit-col-width-auto-no e-container e-con e-child\" data-id=\"b147bd9\" data-element_type=\"container\" data-settings=\"{&quot;content_width&quot;:&quot;full&quot;}\">\n\t\t<div class=\"elementor-element elementor-element-20677e7 e-con-full e-flex lakit-col-width-auto-no e-container e-con e-child\" data-id=\"20677e7\" data-element_type=\"container\" data-settings=\"{&quot;content_width&quot;:&quot;full&quot;}\">\n\t\t\t\t<div class=\"elementor-element elementor-element-578ebab elementor-widget elementor-widget-lastudio-animated-box\" data-id=\"578ebab\" data-element_type=\"widget\" data-widget_type=\"lastudio-animated-box.default\">\n\t\t\t\t<div class=\"elementor-widget-container\">\n\t\t\t<div class=\"lastudio-animated-box lastudio-box-effect-1\">\n\t<div class=\"lastudio-animated-box__front\">\n\t\t<div class=\"lastudio-animated-box__overlay\"><\/div>\n\t\t<div class=\"lastudio-animated-box__inner\">\n\t\t\t\t\t\t<div class=\"lastudio-animated-box__content\">\n\t\t\t<h3 class=\"lastudio-animated-box__title lastudio-animated-box__title--front\">TRADUCTION SP\u00c9CIALIS\u00c9E<\/h3>\t\t\t<\/div>\n\t\t<\/div>\n\t<\/div>\n\t<div class=\"lastudio-animated-box__back\">\n\t\t<div class=\"lastudio-animated-box__overlay\"><\/div>\n\t\t<div class=\"lastudio-animated-box__inner\">\n\t\t\t\t\t\t<div class=\"lastudio-animated-box__content\">\n\t\t\t<a class=\"elementor-button elementor-size-md lastudio-animated-box__button lastudio-animated-box__button--back lastudio-animated-box__button--icon-\" href=\"https:\/\/akotetraducciones.com\/fr\/traduction-specialisee\/\"><span class=\"lastudio-animated-box__button-text\">PLUS D'INFORMATIONS<\/span><\/a>\n\n\t\t\t<\/div>\n\t\t<\/div>\n\t<\/div>\n<\/div>\t\t<\/div>\n\t\t\t\t<\/div>\n\t\t\t\t<\/div>\n\t\t<div class=\"elementor-element elementor-element-6c30451 e-con-full e-flex lakit-col-width-auto-no e-container e-con e-child\" data-id=\"6c30451\" data-element_type=\"container\" data-settings=\"{&quot;content_width&quot;:&quot;full&quot;}\">\n\t\t\t\t<div class=\"elementor-element elementor-element-8ebfc89 elementor-widget elementor-widget-lastudio-animated-box\" data-id=\"8ebfc89\" data-element_type=\"widget\" data-widget_type=\"lastudio-animated-box.default\">\n\t\t\t\t<div class=\"elementor-widget-container\">\n\t\t\t<div class=\"lastudio-animated-box lastudio-box-effect-1\">\n\t<div class=\"lastudio-animated-box__front\">\n\t\t<div class=\"lastudio-animated-box__overlay\"><\/div>\n\t\t<div class=\"lastudio-animated-box__inner\">\n\t\t\t\t\t\t<div class=\"lastudio-animated-box__content\">\n\t\t\t<h3 class=\"lastudio-animated-box__title lastudio-animated-box__title--front\">TRADUCTION ASSERMENT\u00c9E<\/h3>\t\t\t<\/div>\n\t\t<\/div>\n\t<\/div>\n\t<div class=\"lastudio-animated-box__back\">\n\t\t<div class=\"lastudio-animated-box__overlay\"><\/div>\n\t\t<div class=\"lastudio-animated-box__inner\">\n\t\t\t\t\t\t<div class=\"lastudio-animated-box__content\">\n\t\t\t<a class=\"elementor-button elementor-size-md lastudio-animated-box__button lastudio-animated-box__button--back lastudio-animated-box__button--icon-\" href=\"https:\/\/akotetraducciones.com\/fr\/traduction-assermentee\/\"><span class=\"lastudio-animated-box__button-text\">PLUS D'INFORMATIONS<\/span><\/a>\n\n\t\t\t<\/div>\n\t\t<\/div>\n\t<\/div>\n<\/div>\t\t<\/div>\n\t\t\t\t<\/div>\n\t\t\t\t<\/div>\n\t\t<div class=\"elementor-element elementor-element-a44db64 e-con-full e-flex lakit-col-width-auto-no e-container e-con e-child\" data-id=\"a44db64\" data-element_type=\"container\" data-settings=\"{&quot;content_width&quot;:&quot;full&quot;}\">\n\t\t\t\t<div class=\"elementor-element elementor-element-28e9ee6 elementor-widget elementor-widget-lastudio-animated-box\" data-id=\"28e9ee6\" data-element_type=\"widget\" data-widget_type=\"lastudio-animated-box.default\">\n\t\t\t\t<div class=\"elementor-widget-container\">\n\t\t\t<div class=\"lastudio-animated-box lastudio-box-effect-1\">\n\t<div class=\"lastudio-animated-box__front\">\n\t\t<div class=\"lastudio-animated-box__overlay\"><\/div>\n\t\t<div class=\"lastudio-animated-box__inner\">\n\t\t\t\t\t\t<div class=\"lastudio-animated-box__content\">\n\t\t\t<h3 class=\"lastudio-animated-box__title lastudio-animated-box__title--front\">INTERPRETACI\u00d3N<\/h3>\t\t\t<\/div>\n\t\t<\/div>\n\t<\/div>\n\t<div class=\"lastudio-animated-box__back\">\n\t\t<div class=\"lastudio-animated-box__overlay\"><\/div>\n\t\t<div class=\"lastudio-animated-box__inner\">\n\t\t\t\t\t\t<div class=\"lastudio-animated-box__content\">\n\t\t\t<a class=\"elementor-button elementor-size-md lastudio-animated-box__button lastudio-animated-box__button--back lastudio-animated-box__button--icon-\" href=\"https:\/\/akotetraducciones.com\/fr\/interpretation\/\"><span class=\"lastudio-animated-box__button-text\">PLUS D'INFORMATIONS<\/span><\/a>\n\n\t\t\t<\/div>\n\t\t<\/div>\n\t<\/div>\n<\/div>\t\t<\/div>\n\t\t\t\t<\/div>\n\t\t\t\t<\/div>\n\t\t<div class=\"elementor-element elementor-element-8ff909d e-con-full e-flex lakit-col-width-auto-no e-container e-con e-child\" data-id=\"8ff909d\" data-element_type=\"container\" data-settings=\"{&quot;content_width&quot;:&quot;full&quot;}\">\n\t\t\t\t<div class=\"elementor-element elementor-element-8fd42b8 elementor-widget elementor-widget-spacer\" data-id=\"8fd42b8\" data-element_type=\"widget\" data-widget_type=\"spacer.default\">\n\t\t\t\t<div class=\"elementor-widget-container\">\n\t\t\t\t\t<div class=\"elementor-spacer\">\n\t\t\t<div class=\"elementor-spacer-inner\"><\/div>\n\t\t<\/div>\n\t\t\t\t<\/div>\n\t\t\t\t<\/div>\n\t\t\t\t<div class=\"elementor-element elementor-element-4f55b78 elementor-widget elementor-widget-lastudio-animated-box\" data-id=\"4f55b78\" data-element_type=\"widget\" data-widget_type=\"lastudio-animated-box.default\">\n\t\t\t\t<div class=\"elementor-widget-container\">\n\t\t\t<div class=\"lastudio-animated-box lastudio-box-effect-1\">\n\t<div class=\"lastudio-animated-box__front\">\n\t\t<div class=\"lastudio-animated-box__overlay\"><\/div>\n\t\t<div class=\"lastudio-animated-box__inner\">\n\t\t\t\t\t\t<div class=\"lastudio-animated-box__content\">\n\t\t\t<h3 class=\"lastudio-animated-box__title lastudio-animated-box__title--front\">LOCATION DE MAT\u00c9RIEL TECHNIQUE POUR \u00c9V\u00c9NEMENTS<\/h3>\t\t\t<\/div>\n\t\t<\/div>\n\t<\/div>\n\t<div class=\"lastudio-animated-box__back\">\n\t\t<div class=\"lastudio-animated-box__overlay\"><\/div>\n\t\t<div class=\"lastudio-animated-box__inner\">\n\t\t\t\t\t\t<div class=\"lastudio-animated-box__content\">\n\t\t\t<a class=\"elementor-button elementor-size-md lastudio-animated-box__button lastudio-animated-box__button--back lastudio-animated-box__button--icon-\" href=\"https:\/\/akotetraducciones.com\/fr\/location-de-materiel-technique-pour-evenements\/\"><span class=\"lastudio-animated-box__button-text\">PLUS D'INFORMATIONS<\/span><\/a>\n\n\t\t\t<\/div>\n\t\t<\/div>\n\t<\/div>\n<\/div>\t\t<\/div>\n\t\t\t\t<\/div>\n\t\t\t\t<\/div>\n\t\t<div class=\"elementor-element elementor-element-673b785 e-con-full e-flex lakit-col-width-auto-no e-container e-con e-child\" data-id=\"673b785\" data-element_type=\"container\" data-settings=\"{&quot;content_width&quot;:&quot;full&quot;}\">\n\t\t\t\t<div class=\"elementor-element elementor-element-d3592ee elementor-widget elementor-widget-spacer\" data-id=\"d3592ee\" data-element_type=\"widget\" data-widget_type=\"spacer.default\">\n\t\t\t\t<div class=\"elementor-widget-container\">\n\t\t\t\t\t<div class=\"elementor-spacer\">\n\t\t\t<div class=\"elementor-spacer-inner\"><\/div>\n\t\t<\/div>\n\t\t\t\t<\/div>\n\t\t\t\t<\/div>\n\t\t\t\t<div class=\"elementor-element elementor-element-e0724ad elementor-widget elementor-widget-lastudio-animated-box\" data-id=\"e0724ad\" data-element_type=\"widget\" data-widget_type=\"lastudio-animated-box.default\">\n\t\t\t\t<div class=\"elementor-widget-container\">\n\t\t\t<div class=\"lastudio-animated-box lastudio-box-effect-1\">\n\t<div class=\"lastudio-animated-box__front\">\n\t\t<div class=\"lastudio-animated-box__overlay\"><\/div>\n\t\t<div class=\"lastudio-animated-box__inner\">\n\t\t\t\t\t\t<div class=\"lastudio-animated-box__content\">\n\t\t\t<h3 class=\"lastudio-animated-box__title lastudio-animated-box__title--front\">SOUS-TITRAGE ET TRANSCRIPTION<\/h3>\t\t\t<\/div>\n\t\t<\/div>\n\t<\/div>\n\t<div class=\"lastudio-animated-box__back\">\n\t\t<div class=\"lastudio-animated-box__overlay\"><\/div>\n\t\t<div class=\"lastudio-animated-box__inner\">\n\t\t\t\t\t\t<div class=\"lastudio-animated-box__content\">\n\t\t\t<a class=\"elementor-button elementor-size-md lastudio-animated-box__button lastudio-animated-box__button--back lastudio-animated-box__button--icon-\" href=\"https:\/\/akotetraducciones.com\/fr\/sous-titrage-et-transcription\/\"><span class=\"lastudio-animated-box__button-text\">PLUS D'INFORMATIONS<\/span><\/a>\n\n\t\t\t<\/div>\n\t\t<\/div>\n\t<\/div>\n<\/div>\t\t<\/div>\n\t\t\t\t<\/div>\n\t\t\t\t<div class=\"elementor-element elementor-element-fa8f685 elementor-widget elementor-widget-spacer\" data-id=\"fa8f685\" data-element_type=\"widget\" data-widget_type=\"spacer.default\">\n\t\t\t\t<div class=\"elementor-widget-container\">\n\t\t\t\t\t<div class=\"elementor-spacer\">\n\t\t\t<div class=\"elementor-spacer-inner\"><\/div>\n\t\t<\/div>\n\t\t\t\t<\/div>\n\t\t\t\t<\/div>\n\t\t\t\t<\/div>\n\t\t<div class=\"elementor-element elementor-element-b6aa089 e-con-full e-flex lakit-col-width-auto-no e-container e-con e-child\" data-id=\"b6aa089\" data-element_type=\"container\" data-settings=\"{&quot;content_width&quot;:&quot;full&quot;}\">\n\t\t\t\t<div class=\"elementor-element elementor-element-71f5887 elementor-widget elementor-widget-spacer\" data-id=\"71f5887\" data-element_type=\"widget\" data-widget_type=\"spacer.default\">\n\t\t\t\t<div class=\"elementor-widget-container\">\n\t\t\t\t\t<div class=\"elementor-spacer\">\n\t\t\t<div class=\"elementor-spacer-inner\"><\/div>\n\t\t<\/div>\n\t\t\t\t<\/div>\n\t\t\t\t<\/div>\n\t\t\t\t<div class=\"elementor-element elementor-element-ec4fbe9 elementor-widget elementor-widget-lastudio-animated-box\" data-id=\"ec4fbe9\" data-element_type=\"widget\" data-widget_type=\"lastudio-animated-box.default\">\n\t\t\t\t<div class=\"elementor-widget-container\">\n\t\t\t<div class=\"lastudio-animated-box lastudio-box-effect-1\">\n\t<div class=\"lastudio-animated-box__front\">\n\t\t<div class=\"lastudio-animated-box__overlay\"><\/div>\n\t\t<div class=\"lastudio-animated-box__inner\">\n\t\t\t\t\t\t<div class=\"lastudio-animated-box__content\">\n\t\t\t<h3 class=\"lastudio-animated-box__title lastudio-animated-box__title--front\">CONCEPTION ET MISE EN PAGE<\/h3>\t\t\t<\/div>\n\t\t<\/div>\n\t<\/div>\n\t<div class=\"lastudio-animated-box__back\">\n\t\t<div class=\"lastudio-animated-box__overlay\"><\/div>\n\t\t<div class=\"lastudio-animated-box__inner\">\n\t\t\t\t\t\t<div class=\"lastudio-animated-box__content\">\n\t\t\t<a class=\"elementor-button elementor-size-md lastudio-animated-box__button lastudio-animated-box__button--back lastudio-animated-box__button--icon-\" href=\"https:\/\/akotetraducciones.com\/fr\/conception-et-mise-en-page\/\"><span class=\"lastudio-animated-box__button-text\">PLUS D'INFORMATIONS<\/span><\/a>\n\n\t\t\t<\/div>\n\t\t<\/div>\n\t<\/div>\n<\/div>\t\t<\/div>\n\t\t\t\t<\/div>\n\t\t\t\t<\/div>\n\t\t\t\t<\/div>\n\t\t\t\t<\/div>\n\t\t\t\t<div class=\"elementor-section elementor-top-section elementor-element elementor-element-2d10c2d elementor-section-boxed elementor-section-height-default elementor-section-height-default\" data-id=\"2d10c2d\" data-element_type=\"section\" data-settings=\"{&quot;background_background&quot;:&quot;classic&quot;}\">\n\t\t\t\t\t\t<div class=\"elementor-container elementor-column-gap-no\">\n\t\t\t\t\t<div class=\"elementor-column elementor-col-100 elementor-top-column elementor-element elementor-element-a3983c0 lakit-col-width-auto-no\" data-id=\"a3983c0\" data-element_type=\"column\">\n\t\t\t<div class=\"elementor-widget-wrap elementor-element-populated\">\n\t\t\t\t\t\t\t\t<div class=\"elementor-element elementor-element-eb389ac elementor-widget elementor-widget-spacer\" data-id=\"eb389ac\" data-element_type=\"widget\" data-widget_type=\"spacer.default\">\n\t\t\t\t<div class=\"elementor-widget-container\">\n\t\t\t\t\t<div class=\"elementor-spacer\">\n\t\t\t<div class=\"elementor-spacer-inner\"><\/div>\n\t\t<\/div>\n\t\t\t\t<\/div>\n\t\t\t\t<\/div>\n\t\t\t\t<div class=\"elementor-element elementor-element-2ae89cc elementor-invisible lakit-has-entrance-animation elementor-widget elementor-widget-heading\" data-id=\"2ae89cc\" data-element_type=\"widget\" data-settings=\"{&quot;motion_fx_motion_fx_mouse&quot;:&quot;yes&quot;,&quot;motion_fx_mouseTrack_effect&quot;:&quot;yes&quot;,&quot;motion_fx_mouseTrack_direction&quot;:&quot;negative&quot;,&quot;_animation&quot;:&quot;fadeInLeft&quot;,&quot;motion_fx_mouseTrack_speed&quot;:{&quot;unit&quot;:&quot;px&quot;,&quot;size&quot;:1,&quot;sizes&quot;:[]}}\" data-widget_type=\"heading.default\">\n\t\t\t\t<div class=\"elementor-widget-container\">\n\t\t\t<h2 class=\"elementor-heading-title elementor-size-default\">CONTACT<\/h2>\t\t<\/div>\n\t\t\t\t<\/div>\n\t\t\t\t<div class=\"elementor-element elementor-element-5d7ff33 elementor-invisible lakit-has-entrance-animation elementor-widget elementor-widget-contactform-7\" data-id=\"5d7ff33\" data-element_type=\"widget\" data-settings=\"{&quot;_animation&quot;:&quot;fadeInUp&quot;,&quot;_animation_delay&quot;:500}\" data-widget_type=\"contactform-7.default\">\n\t\t\t\t<div class=\"elementor-widget-container\">\n\t\t\t\n<div class=\"wpcf7 no-js\" id=\"wpcf7-f9504-o1\" lang=\"en-US\" dir=\"ltr\">\n<div class=\"screen-reader-response\"><p role=\"status\" aria-live=\"polite\" aria-atomic=\"true\"><\/p> <ul><\/ul><\/div>\n<form action=\"\/fr\/wp-json\/wp\/v2\/pages\/9449#wpcf7-f9504-o1\" method=\"post\" class=\"wpcf7-form init\" aria-label=\"Contact form\" novalidate=\"novalidate\" data-status=\"init\">\n<div style=\"display: none;\">\n<input type=\"hidden\" name=\"_wpcf7\" value=\"9504\" \/>\n<input type=\"hidden\" name=\"_wpcf7_version\" value=\"5.8.2\" \/>\n<input type=\"hidden\" name=\"_wpcf7_locale\" value=\"en_US\" \/>\n<input type=\"hidden\" name=\"_wpcf7_unit_tag\" value=\"wpcf7-f9504-o1\" \/>\n<input type=\"hidden\" name=\"_wpcf7_container_post\" value=\"0\" \/>\n<input type=\"hidden\" name=\"_wpcf7_posted_data_hash\" value=\"\" \/>\n<\/div>\n<div>\n\t<p><span class=\"wpcf7-form-control-wrap\" data-name=\"your-name\"><input size=\"40\" class=\"wpcf7-form-control wpcf7-text wpcf7-validates-as-required\" aria-required=\"true\" aria-invalid=\"false\" placeholder=\"Nom ou Entreprise\" value=\"\" type=\"text\" name=\"your-name\" \/><\/span>\n\t<\/p>\n<\/div>\n<div>\n\t<p><span class=\"wpcf7-form-control-wrap\" data-name=\"your-phone\"><input size=\"40\" class=\"wpcf7-form-control wpcf7-tel wpcf7-validates-as-required wpcf7-text wpcf7-validates-as-tel\" aria-required=\"true\" aria-invalid=\"false\" placeholder=\"T\u00e9l\u00e9phone de contact\" value=\"\" type=\"tel\" name=\"your-phone\" \/><\/span>\n\t<\/p>\n<\/div>\n<div>\n\t<p><span class=\"wpcf7-form-control-wrap\" data-name=\"your-email\"><input size=\"40\" class=\"wpcf7-form-control wpcf7-email wpcf7-validates-as-required wpcf7-text wpcf7-validates-as-email\" aria-required=\"true\" aria-invalid=\"false\" placeholder=\"Email\" value=\"\" type=\"email\" name=\"your-email\" \/><\/span>\n\t<\/p>\n<\/div>\n<div>\n\t<p><span class=\"wpcf7-form-control-wrap\" data-name=\"interested-in\"><select class=\"wpcf7-form-control wpcf7-select wpcf7-validates-as-required\" aria-required=\"true\" aria-invalid=\"false\" name=\"interested-in\"><option value=\"\">Services:<\/option><option value=\"Traduction sp\u00e9cialis\u00e9e\">Traduction sp\u00e9cialis\u00e9e<\/option><option value=\"Traduction asserment\u00e9e\">Traduction asserment\u00e9e<\/option><option value=\"Interpr\u00e9tation\">Interpr\u00e9tation<\/option><option value=\"Location de cabines\">Location de cabines<\/option><option value=\"Sous-titrage et transcription\">Sous-titrage et transcription<\/option><option value=\"Conception et mise en page\">Conception et mise en page<\/option><\/select><\/span>\n\t<\/p>\n<\/div>\n<div>\n\t<p><span class=\"wpcf7-form-control-wrap\" data-name=\"your-message\"><textarea cols=\"40\" rows=\"10\" class=\"wpcf7-form-control wpcf7-textarea\" aria-invalid=\"false\" placeholder=\"Message\" name=\"your-message\"><\/textarea><\/span>\n\t<\/p>\n<\/div>\n<p><span class=\"wpcf7-form-control-wrap\" data-name=\"acceptance-523\"><span class=\"wpcf7-form-control wpcf7-acceptance\"><span class=\"wpcf7-list-item\"><label><input type=\"checkbox\" name=\"acceptance-523\" value=\"1\" aria-invalid=\"false\" \/><span class=\"wpcf7-list-item-label\">J'ai lu et accept\u00e9 les mentions l\u00e9gales et la politique de confidentialit\u00e9<\/span><\/label><\/span><\/span><\/span>\n<\/p>\n<div>\n\t<p><input class=\"wpcf7-form-control wpcf7-submit has-spinner\" type=\"submit\" value=\"Envoyer\" \/>\n\t<\/p>\n<\/div><div class=\"wpcf7-response-output\" aria-hidden=\"true\"><\/div>\n<\/form>\n<\/div>\n\t\t<\/div>\n\t\t\t\t<\/div>\n\t\t\t\t<div class=\"elementor-element elementor-element-a80869b elementor-widget elementor-widget-spacer\" data-id=\"a80869b\" data-element_type=\"widget\" data-widget_type=\"spacer.default\">\n\t\t\t\t<div class=\"elementor-widget-container\">\n\t\t\t\t\t<div class=\"elementor-spacer\">\n\t\t\t<div class=\"elementor-spacer-inner\"><\/div>\n\t\t<\/div>\n\t\t\t\t<\/div>\n\t\t\t\t<\/div>\n\t\t\t\t<div class=\"elementor-element elementor-element-b234c08 elementor-widget__width-initial elementor-absolute elementor-hidden-tablet elementor-hidden-phone elementor-widget elementor-widget-spacer\" data-id=\"b234c08\" data-element_type=\"widget\" data-settings=\"{&quot;_position&quot;:&quot;absolute&quot;,&quot;motion_fx_motion_fx_scrolling&quot;:&quot;yes&quot;,&quot;motion_fx_translateX_effect&quot;:&quot;yes&quot;,&quot;motion_fx_translateX_direction&quot;:&quot;negative&quot;,&quot;motion_fx_translateX_speed&quot;:{&quot;unit&quot;:&quot;px&quot;,&quot;size&quot;:3,&quot;sizes&quot;:[]},&quot;motion_fx_translateX_affectedRange&quot;:{&quot;unit&quot;:&quot;%&quot;,&quot;size&quot;:&quot;&quot;,&quot;sizes&quot;:{&quot;start&quot;:20,&quot;end&quot;:50}},&quot;motion_fx_devices&quot;:[&quot;mobile&quot;,&quot;mobile_extra&quot;,&quot;tablet&quot;,&quot;laptop&quot;,&quot;widescreen&quot;,&quot;desktop&quot;]}\" data-widget_type=\"spacer.default\">\n\t\t\t\t<div class=\"elementor-widget-container\">\n\t\t\t\t\t<div class=\"elementor-spacer\">\n\t\t\t<div class=\"elementor-spacer-inner\"><\/div>\n\t\t<\/div>\n\t\t\t\t<\/div>\n\t\t\t\t<\/div>\n\t\t\t\t<div class=\"elementor-element elementor-element-fc0ee1c elementor-widget__width-initial elementor-absolute elementor-hidden-tablet elementor-hidden-phone elementor-widget elementor-widget-spacer\" data-id=\"fc0ee1c\" data-element_type=\"widget\" data-settings=\"{&quot;_position&quot;:&quot;absolute&quot;,&quot;motion_fx_motion_fx_scrolling&quot;:&quot;yes&quot;,&quot;motion_fx_translateY_effect&quot;:&quot;yes&quot;,&quot;motion_fx_translateY_direction&quot;:&quot;negative&quot;,&quot;motion_fx_translateY_speed&quot;:{&quot;unit&quot;:&quot;px&quot;,&quot;size&quot;:3,&quot;sizes&quot;:[]},&quot;motion_fx_translateY_affectedRange&quot;:{&quot;unit&quot;:&quot;%&quot;,&quot;size&quot;:&quot;&quot;,&quot;sizes&quot;:{&quot;start&quot;:20,&quot;end&quot;:80}},&quot;motion_fx_devices&quot;:[&quot;mobile&quot;,&quot;mobile_extra&quot;,&quot;tablet&quot;,&quot;laptop&quot;,&quot;widescreen&quot;,&quot;desktop&quot;]}\" data-widget_type=\"spacer.default\">\n\t\t\t\t<div class=\"elementor-widget-container\">\n\t\t\t\t\t<div class=\"elementor-spacer\">\n\t\t\t<div class=\"elementor-spacer-inner\"><\/div>\n\t\t<\/div>\n\t\t\t\t<\/div>\n\t\t\t\t<\/div>\n\t\t\t\t<div class=\"elementor-element elementor-element-d5ce673 elementor-widget__width-initial elementor-absolute elementor-hidden-tablet elementor-hidden-phone elementor-widget elementor-widget-spacer\" data-id=\"d5ce673\" data-element_type=\"widget\" data-settings=\"{&quot;_position&quot;:&quot;absolute&quot;,&quot;motion_fx_motion_fx_scrolling&quot;:&quot;yes&quot;,&quot;motion_fx_translateY_effect&quot;:&quot;yes&quot;,&quot;motion_fx_translateY_speed&quot;:{&quot;unit&quot;:&quot;px&quot;,&quot;size&quot;:3,&quot;sizes&quot;:[]},&quot;motion_fx_translateY_affectedRange&quot;:{&quot;unit&quot;:&quot;%&quot;,&quot;size&quot;:&quot;&quot;,&quot;sizes&quot;:{&quot;start&quot;:20,&quot;end&quot;:80}},&quot;motion_fx_devices&quot;:[&quot;mobile&quot;,&quot;mobile_extra&quot;,&quot;tablet&quot;,&quot;laptop&quot;,&quot;widescreen&quot;,&quot;desktop&quot;]}\" data-widget_type=\"spacer.default\">\n\t\t\t\t<div class=\"elementor-widget-container\">\n\t\t\t\t\t<div class=\"elementor-spacer\">\n\t\t\t<div class=\"elementor-spacer-inner\"><\/div>\n\t\t<\/div>\n\t\t\t\t<\/div>\n\t\t\t\t<\/div>\n\t\t\t\t\t<\/div>\n\t\t<\/div>\n\t\t\t\t\t\t\t<\/div>\n\t\t<\/div>\n\t\t\t\t\t\t\t<\/div>\n\t\t","protected":false},"excerpt":{"rendered":"<p>NOUS SOMMES DES SP\u00c9CIALISTES EN: TRADUCTION SP\u00c9CIALIS\u00c9E PLUS D&#8217;INFORMATIONS TRADUCTION ASSERMENT\u00c9E PLUS D&#8217;INFORMATIONS INTERPRETACI\u00d3N PLUS D&#8217;INFORMATIONS LOCATION DE MAT\u00c9RIEL TECHNIQUE POUR \u00c9V\u00c9NEMENTS PLUS D&#8217;INFORMATIONS SOUS-TITRAGE ET TRANSCRIPTION PLUS D&#8217;INFORMATIONS CONCEPTION ET MISE EN PAGE PLUS D&#8217;INFORMATIONS CONTACT [&hellip;]<\/p>\n","protected":false},"author":1,"featured_media":0,"parent":0,"menu_order":0,"comment_status":"closed","ping_status":"closed","template":"","meta":{"footnotes":""},"class_list":["post-9449","page","type-page","status-publish","hentry"],"_links":{"self":[{"href":"https:\/\/akotetraducciones.com\/fr\/wp-json\/wp\/v2\/pages\/9449","targetHints":{"allow":["GET"]}}],"collection":[{"href":"https:\/\/akotetraducciones.com\/fr\/wp-json\/wp\/v2\/pages"}],"about":[{"href":"https:\/\/akotetraducciones.com\/fr\/wp-json\/wp\/v2\/types\/page"}],"author":[{"embeddable":true,"href":"https:\/\/akotetraducciones.com\/fr\/wp-json\/wp\/v2\/users\/1"}],"replies":[{"embeddable":true,"href":"https:\/\/akotetraducciones.com\/fr\/wp-json\/wp\/v2\/comments?post=9449"}],"version-history":[{"count":31,"href":"https:\/\/akotetraducciones.com\/fr\/wp-json\/wp\/v2\/pages\/9449\/revisions"}],"predecessor-version":[{"id":12015,"href":"https:\/\/akotetraducciones.com\/fr\/wp-json\/wp\/v2\/pages\/9449\/revisions\/12015"}],"wp:attachment":[{"href":"https:\/\/akotetraducciones.com\/fr\/wp-json\/wp\/v2\/media?parent=9449"}],"curies":[{"name":"wp","href":"https:\/\/api.w.org\/{rel}","templated":true}]}}