{"id":9492,"date":"2024-01-29T17:28:27","date_gmt":"2024-01-29T16:28:27","guid":{"rendered":"https:\/\/velectra.es\/akote\/location-de-materiel-technique-pour-evenements\/"},"modified":"2024-03-26T10:16:33","modified_gmt":"2024-03-26T09:16:33","slug":"location-de-materiel-technique-pour-evenements","status":"publish","type":"page","link":"https:\/\/akotetraducciones.com\/fr\/location-de-materiel-technique-pour-evenements\/","title":{"rendered":"Location de mat\u00e9riel technique"},"content":{"rendered":"\t\t<div data-elementor-type=\"wp-page\" data-elementor-id=\"9492\" class=\"elementor elementor-9492 elementor-9166\">\n\t\t\t\t\t\t\t<div class=\"elementor-element elementor-element-d5bbc43 e-con-full e-flex lakit-col-width-auto-no e-container e-root-container elementor-top-section e-con e-parent\" data-id=\"d5bbc43\" data-element_type=\"container\" data-settings=\"{&quot;background_background&quot;:&quot;classic&quot;,&quot;content_width&quot;:&quot;full&quot;}\" data-core-v316-plus=\"true\">\n\t\t<div class=\"elementor-element elementor-element-c4af581 e-con-full e-flex lakit-col-width-auto-no e-container e-con e-child\" data-id=\"c4af581\" data-element_type=\"container\" data-settings=\"{&quot;content_width&quot;:&quot;full&quot;}\">\n\t\t\t\t<div class=\"elementor-element elementor-element-2b4b3f0 elementor-invisible lakit-has-entrance-animation elementor-widget elementor-widget-heading\" data-id=\"2b4b3f0\" data-element_type=\"widget\" data-settings=\"{&quot;motion_fx_motion_fx_mouse&quot;:&quot;yes&quot;,&quot;motion_fx_mouseTrack_effect&quot;:&quot;yes&quot;,&quot;motion_fx_mouseTrack_direction&quot;:&quot;negative&quot;,&quot;_animation&quot;:&quot;fadeInLeft&quot;,&quot;motion_fx_mouseTrack_speed&quot;:{&quot;unit&quot;:&quot;px&quot;,&quot;size&quot;:1,&quot;sizes&quot;:[]}}\" data-widget_type=\"heading.default\">\n\t\t\t\t<div class=\"elementor-widget-container\">\n\t\t\t<style>\/*! elementor - v3.17.0 - 25-10-2023 *\/\n.elementor-heading-title{padding:0;margin:0;line-height:1}.elementor-widget-heading .elementor-heading-title[class*=elementor-size-]>a{color:inherit;font-size:inherit;line-height:inherit}.elementor-widget-heading .elementor-heading-title.elementor-size-small{font-size:15px}.elementor-widget-heading .elementor-heading-title.elementor-size-medium{font-size:19px}.elementor-widget-heading .elementor-heading-title.elementor-size-large{font-size:29px}.elementor-widget-heading .elementor-heading-title.elementor-size-xl{font-size:39px}.elementor-widget-heading .elementor-heading-title.elementor-size-xxl{font-size:59px}<\/style><h2 class=\"elementor-heading-title elementor-size-default\">LOCATION DE MAT\u00c9RIEL TECHNIQUE\nPOUR \u00c9V\u00c9NEMENTS<\/h2>\t\t<\/div>\n\t\t\t\t<\/div>\n\t\t\t\t<div class=\"elementor-element elementor-element-1bb3fcf elementor-widget elementor-widget-text-editor\" data-id=\"1bb3fcf\" data-element_type=\"widget\" data-widget_type=\"text-editor.default\">\n\t\t\t\t<div class=\"elementor-widget-container\">\n\t\t\t<style>\/*! elementor - v3.17.0 - 25-10-2023 *\/\n.elementor-widget-text-editor.elementor-drop-cap-view-stacked .elementor-drop-cap{background-color:#69727d;color:#fff}.elementor-widget-text-editor.elementor-drop-cap-view-framed .elementor-drop-cap{color:#69727d;border:3px solid;background-color:transparent}.elementor-widget-text-editor:not(.elementor-drop-cap-view-default) .elementor-drop-cap{margin-top:8px}.elementor-widget-text-editor:not(.elementor-drop-cap-view-default) .elementor-drop-cap-letter{width:1em;height:1em}.elementor-widget-text-editor .elementor-drop-cap{float:left;text-align:center;line-height:1;font-size:50px}.elementor-widget-text-editor .elementor-drop-cap-letter{display:inline-block}<\/style>\t\t\t\t<p>Nous r\u00e9alisons des \u00e9v\u00e9nements de petite et grande envergure (congr\u00e8s internationaux, s\u00e9minaires, r\u00e9unions internes, etc.).<\/p><p>Pour chaque cas, nous \u00e9valuons les particularit\u00e9s et les diff\u00e9rents besoins techniques, et effectuons une enqu\u00eate aupr\u00e8s du client pour pr\u00e9voir le mat\u00e9riel le plus appropri\u00e9. Les besoins les plus habituels sont les suivants :<\/p>\t\t\t\t\t\t<\/div>\n\t\t\t\t<\/div>\n\t\t\t\t<\/div>\n\t\t<div class=\"elementor-element elementor-element-f5adadc e-con-full e-flex lakit-col-width-auto-no e-container e-con e-child\" data-id=\"f5adadc\" data-element_type=\"container\" data-settings=\"{&quot;content_width&quot;:&quot;full&quot;}\">\n\t\t\t\t<div class=\"elementor-element elementor-element-ee28bc9 elementor-widget elementor-widget-image\" data-id=\"ee28bc9\" data-element_type=\"widget\" data-widget_type=\"image.default\">\n\t\t\t\t<div class=\"elementor-widget-container\">\n\t\t\t<style>\/*! elementor - v3.17.0 - 25-10-2023 *\/\n.elementor-widget-image{text-align:center}.elementor-widget-image a{display:inline-block}.elementor-widget-image a img[src$=\".svg\"]{width:48px}.elementor-widget-image img{vertical-align:middle;display:inline-block}<\/style>\t\t\t\t\t\t\t\t\t\t\t\t<img fetchpriority=\"high\" decoding=\"async\" width=\"2500\" height=\"1667\" src=\"https:\/\/akotetraducciones.com\/wp-content\/uploads\/2023\/11\/ALQUILER-DE-EQUIPO-TECNICO.jpeg\" class=\"attachment-full size-full wp-image-3472\" alt=\"\" srcset=\"https:\/\/akotetraducciones.com\/wp-content\/uploads\/2023\/11\/ALQUILER-DE-EQUIPO-TECNICO.jpeg 2500w, https:\/\/akotetraducciones.com\/wp-content\/uploads\/2023\/11\/ALQUILER-DE-EQUIPO-TECNICO-1536x1024.jpeg 1536w, https:\/\/akotetraducciones.com\/wp-content\/uploads\/2023\/11\/ALQUILER-DE-EQUIPO-TECNICO-2048x1366.jpeg 2048w\" sizes=\"(max-width: 2500px) 100vw, 2500px\" \/>\t\t\t\t\t\t\t\t\t\t\t\t\t\t\t<\/div>\n\t\t\t\t<\/div>\n\t\t\t\t<\/div>\n\t\t\t\t<\/div>\n\t\t<div class=\"elementor-element elementor-element-884ff74 e-flex e-con-boxed lakit-col-width-auto-no e-container e-root-container elementor-top-section e-con e-parent\" data-id=\"884ff74\" data-element_type=\"container\" data-settings=\"{&quot;content_width&quot;:&quot;boxed&quot;}\" data-core-v316-plus=\"true\">\n\t\t\t\t\t<div class=\"e-con-inner\">\n\t\t<div class=\"elementor-element elementor-element-bb125e1 e-flex e-con-boxed lakit-col-width-auto-no e-container e-con e-child\" data-id=\"bb125e1\" data-element_type=\"container\" data-settings=\"{&quot;content_width&quot;:&quot;boxed&quot;}\">\n\t\t\t\t\t<div class=\"e-con-inner\">\n\t\t<div class=\"elementor-element elementor-element-004c44d e-con-full e-flex lakit-col-width-auto-no e-container e-con e-child\" data-id=\"004c44d\" data-element_type=\"container\" data-settings=\"{&quot;content_width&quot;:&quot;full&quot;}\">\n\t\t\t\t<div class=\"elementor-element elementor-element-e02e42b elementor-invisible lakit-has-entrance-animation elementor-widget elementor-widget-heading\" data-id=\"e02e42b\" data-element_type=\"widget\" data-settings=\"{&quot;_animation&quot;:&quot;rollIn&quot;,&quot;_animation_laptop&quot;:&quot;fadeInDown&quot;}\" data-widget_type=\"heading.default\">\n\t\t\t\t<div class=\"elementor-widget-container\">\n\t\t\t<p class=\"elementor-heading-title elementor-size-default\">\u00c9V\u00c9NEMENT D\u2019INTERPR\u00c9TATION SIMULTAN\u00c9E EN CABINE<\/p>\t\t<\/div>\n\t\t\t\t<\/div>\n\t\t\t\t<div class=\"elementor-element elementor-element-77ca937 elementor-widget elementor-widget-spacer\" data-id=\"77ca937\" data-element_type=\"widget\" data-widget_type=\"spacer.default\">\n\t\t\t\t<div class=\"elementor-widget-container\">\n\t\t\t<style>\/*! elementor - v3.17.0 - 25-10-2023 *\/\n.elementor-column .elementor-spacer-inner{height:var(--spacer-size)}.e-con{--container-widget-width:100%}.e-con-inner>.elementor-widget-spacer,.e-con>.elementor-widget-spacer{width:var(--container-widget-width,var(--spacer-size));--align-self:var(--container-widget-align-self,initial);--flex-shrink:0}.e-con-inner>.elementor-widget-spacer>.elementor-widget-container,.e-con>.elementor-widget-spacer>.elementor-widget-container{height:100%;width:100%}.e-con-inner>.elementor-widget-spacer>.elementor-widget-container>.elementor-spacer,.e-con>.elementor-widget-spacer>.elementor-widget-container>.elementor-spacer{height:100%}.e-con-inner>.elementor-widget-spacer>.elementor-widget-container>.elementor-spacer>.elementor-spacer-inner,.e-con>.elementor-widget-spacer>.elementor-widget-container>.elementor-spacer>.elementor-spacer-inner{height:var(--container-widget-height,var(--spacer-size))}.e-con-inner>.elementor-widget-spacer.elementor-widget-empty,.e-con>.elementor-widget-spacer.elementor-widget-empty{position:relative;min-height:22px;min-width:22px}.e-con-inner>.elementor-widget-spacer.elementor-widget-empty .elementor-widget-empty-icon,.e-con>.elementor-widget-spacer.elementor-widget-empty .elementor-widget-empty-icon{position:absolute;top:0;bottom:0;left:0;right:0;margin:auto;padding:0;width:22px;height:22px}<\/style>\t\t<div class=\"elementor-spacer\">\n\t\t\t<div class=\"elementor-spacer-inner\"><\/div>\n\t\t<\/div>\n\t\t\t\t<\/div>\n\t\t\t\t<\/div>\n\t\t\t\t<div class=\"elementor-element elementor-element-926ecaa elementor-widget elementor-widget-text-editor\" data-id=\"926ecaa\" data-element_type=\"widget\" data-widget_type=\"text-editor.default\">\n\t\t\t\t<div class=\"elementor-widget-container\">\n\t\t\t\t\t\t\t<ul><li>Cabines d\u2019interpr\u00e9tation simultan\u00e9e (de 2 ou 3 interpr\u00e8tes) via infrarouges Bosch (norme ISO).<\/li><li>R\u00e9cepteurs \u00e0 infrarouges de jusqu\u2019\u00e0 32 canaux.<\/li><li>Syst\u00e8me complet de sonorisation, tables de mixage et microphonie.<\/li><li>Projecteurs, moniteurs vid\u00e9o, \u00e9crans plasma, etc.<\/li><\/ul>\t\t\t\t\t\t<\/div>\n\t\t\t\t<\/div>\n\t\t\t\t<\/div>\n\t\t<div class=\"elementor-element elementor-element-f82f129 e-con-full e-flex lakit-col-width-auto-no e-container e-con e-child\" data-id=\"f82f129\" data-element_type=\"container\" data-settings=\"{&quot;content_width&quot;:&quot;full&quot;}\">\n\t\t\t\t<div class=\"elementor-element elementor-element-9bf5ade elementor-invisible lakit-has-entrance-animation elementor-widget elementor-widget-heading\" data-id=\"9bf5ade\" data-element_type=\"widget\" data-settings=\"{&quot;_animation&quot;:&quot;rollIn&quot;,&quot;_animation_laptop&quot;:&quot;fadeInDown&quot;}\" data-widget_type=\"heading.default\">\n\t\t\t\t<div class=\"elementor-widget-container\">\n\t\t\t<p class=\"elementor-heading-title elementor-size-default\">AUTRES SERVICES POUR \u00c9V\u00c9NEMENTS<\/p>\t\t<\/div>\n\t\t\t\t<\/div>\n\t\t\t\t<div class=\"elementor-element elementor-element-5eb37a7 elementor-widget elementor-widget-spacer\" data-id=\"5eb37a7\" data-element_type=\"widget\" data-widget_type=\"spacer.default\">\n\t\t\t\t<div class=\"elementor-widget-container\">\n\t\t\t\t\t<div class=\"elementor-spacer\">\n\t\t\t<div class=\"elementor-spacer-inner\"><\/div>\n\t\t<\/div>\n\t\t\t\t<\/div>\n\t\t\t\t<\/div>\n\t\t\t\t<div class=\"elementor-element elementor-element-5f40253 elementor-widget elementor-widget-text-editor\" data-id=\"5f40253\" data-element_type=\"widget\" data-widget_type=\"text-editor.default\">\n\t\t\t\t<div class=\"elementor-widget-container\">\n\t\t\t\t\t\t\t<p><strong>Vid\u00e9o et montage:<\/strong><br \/>Nous r\u00e9alisons l\u2019enregistrement et le montage de l\u2019\u00e9v\u00e9nement pour archivage ou promotion.<br \/><strong>Audio:<\/strong><br \/>Nous r\u00e9alisons la transcription de l\u2019\u00e9v\u00e9nement dans la langue de d\u00e9part ou vers les langues ayant \u00e9t\u00e9 interpr\u00e9t\u00e9es pour le montage post\u00e9rieur d\u2019une publication.<br \/><strong>SOUS-TITRAGE<\/strong><br \/>Nous r\u00e9alisons le sous-titrage de la vid\u00e9o de l\u2019\u00e9v\u00e9nement.<\/p>\t\t\t\t\t\t<\/div>\n\t\t\t\t<\/div>\n\t\t\t\t<div class=\"elementor-element elementor-element-fe0397f elementor-widget elementor-widget-spacer\" data-id=\"fe0397f\" data-element_type=\"widget\" data-widget_type=\"spacer.default\">\n\t\t\t\t<div class=\"elementor-widget-container\">\n\t\t\t\t\t<div class=\"elementor-spacer\">\n\t\t\t<div class=\"elementor-spacer-inner\"><\/div>\n\t\t<\/div>\n\t\t\t\t<\/div>\n\t\t\t\t<\/div>\n\t\t\t\t<div class=\"elementor-element elementor-element-64dcdd8 elementor-widget elementor-widget-spacer\" data-id=\"64dcdd8\" data-element_type=\"widget\" data-widget_type=\"spacer.default\">\n\t\t\t\t<div class=\"elementor-widget-container\">\n\t\t\t\t\t<div class=\"elementor-spacer\">\n\t\t\t<div class=\"elementor-spacer-inner\"><\/div>\n\t\t<\/div>\n\t\t\t\t<\/div>\n\t\t\t\t<\/div>\n\t\t\t\t<\/div>\n\t\t\t\t\t<\/div>\n\t\t\t\t<\/div>\n\t\t\t\t\t<\/div>\n\t\t\t\t<\/div>\n\t\t\t\t\t\t\t<\/div>\n\t\t","protected":false},"excerpt":{"rendered":"<p>LOCATION DE MAT\u00c9RIEL TECHNIQUE POUR \u00c9V\u00c9NEMENTS Nous r\u00e9alisons des \u00e9v\u00e9nements de petite et grande envergure (congr\u00e8s internationaux, s\u00e9minaires, r\u00e9unions internes, etc.). Pour chaque cas, nous \u00e9valuons les particularit\u00e9s et les diff\u00e9rents besoins techniques, et effectuons une enqu\u00eate [&hellip;]<\/p>\n","protected":false},"author":1,"featured_media":7467,"parent":0,"menu_order":0,"comment_status":"closed","ping_status":"closed","template":"","meta":{"footnotes":""},"class_list":["post-9492","page","type-page","status-publish","has-post-thumbnail","hentry"],"_links":{"self":[{"href":"https:\/\/akotetraducciones.com\/fr\/wp-json\/wp\/v2\/pages\/9492","targetHints":{"allow":["GET"]}}],"collection":[{"href":"https:\/\/akotetraducciones.com\/fr\/wp-json\/wp\/v2\/pages"}],"about":[{"href":"https:\/\/akotetraducciones.com\/fr\/wp-json\/wp\/v2\/types\/page"}],"author":[{"embeddable":true,"href":"https:\/\/akotetraducciones.com\/fr\/wp-json\/wp\/v2\/users\/1"}],"replies":[{"embeddable":true,"href":"https:\/\/akotetraducciones.com\/fr\/wp-json\/wp\/v2\/comments?post=9492"}],"version-history":[{"count":21,"href":"https:\/\/akotetraducciones.com\/fr\/wp-json\/wp\/v2\/pages\/9492\/revisions"}],"predecessor-version":[{"id":12033,"href":"https:\/\/akotetraducciones.com\/fr\/wp-json\/wp\/v2\/pages\/9492\/revisions\/12033"}],"wp:featuredmedia":[{"embeddable":true,"href":"https:\/\/akotetraducciones.com\/fr\/wp-json\/wp\/v2\/media\/7467"}],"wp:attachment":[{"href":"https:\/\/akotetraducciones.com\/fr\/wp-json\/wp\/v2\/media?parent=9492"}],"curies":[{"name":"wp","href":"https:\/\/api.w.org\/{rel}","templated":true}]}}