{"id":9413,"date":"2024-01-29T17:52:08","date_gmt":"2024-01-29T16:52:08","guid":{"rendered":"https:\/\/velectra.es\/akote\/design-og-layout\/"},"modified":"2024-02-02T12:07:37","modified_gmt":"2024-02-02T12:07:37","slug":"design-og-layout","status":"publish","type":"page","link":"https:\/\/akotetraducciones.com\/nb-nor\/design-og-layout\/","title":{"rendered":"Design og Layout"},"content":{"rendered":"\t\t<div data-elementor-type=\"wp-page\" data-elementor-id=\"9413\" class=\"elementor elementor-9413 elementor-9195\">\n\t\t\t\t\t\t\t<div class=\"elementor-element elementor-element-d5bbc43 e-con-full e-flex lakit-col-width-auto-no e-container e-root-container elementor-top-section e-con e-parent\" data-id=\"d5bbc43\" data-element_type=\"container\" data-settings=\"{&quot;background_background&quot;:&quot;classic&quot;,&quot;content_width&quot;:&quot;full&quot;}\" data-core-v316-plus=\"true\">\n\t\t<div class=\"elementor-element elementor-element-c4af581 e-con-full e-flex lakit-col-width-auto-no e-container e-con e-child\" data-id=\"c4af581\" data-element_type=\"container\" data-settings=\"{&quot;content_width&quot;:&quot;full&quot;}\">\n\t\t\t\t<div class=\"elementor-element elementor-element-ee28bc9 elementor-widget elementor-widget-image\" data-id=\"ee28bc9\" data-element_type=\"widget\" data-widget_type=\"image.default\">\n\t\t\t\t<div class=\"elementor-widget-container\">\n\t\t\t<style>\/*! elementor - v3.17.0 - 25-10-2023 *\/\n.elementor-widget-image{text-align:center}.elementor-widget-image a{display:inline-block}.elementor-widget-image a img[src$=\".svg\"]{width:48px}.elementor-widget-image img{vertical-align:middle;display:inline-block}<\/style>\t\t\t\t\t\t\t\t\t\t\t\t<img fetchpriority=\"high\" decoding=\"async\" width=\"2392\" height=\"1396\" src=\"https:\/\/akotetraducciones.com\/wp-content\/uploads\/2023\/11\/DISENO-Y-MAQUETACION.png\" class=\"attachment-full size-full wp-image-3474\" alt=\"\" srcset=\"https:\/\/akotetraducciones.com\/wp-content\/uploads\/2023\/11\/DISENO-Y-MAQUETACION.png 2392w, https:\/\/akotetraducciones.com\/wp-content\/uploads\/2023\/11\/DISENO-Y-MAQUETACION-1536x896.png 1536w, https:\/\/akotetraducciones.com\/wp-content\/uploads\/2023\/11\/DISENO-Y-MAQUETACION-2048x1195.png 2048w\" sizes=\"(max-width: 2392px) 100vw, 2392px\" \/>\t\t\t\t\t\t\t\t\t\t\t\t\t\t\t<\/div>\n\t\t\t\t<\/div>\n\t\t\t\t<\/div>\n\t\t<div class=\"elementor-element elementor-element-f5adadc e-con-full e-flex lakit-col-width-auto-no e-container e-con e-child\" data-id=\"f5adadc\" data-element_type=\"container\" data-settings=\"{&quot;content_width&quot;:&quot;full&quot;}\">\n\t\t\t\t<div class=\"elementor-element elementor-element-2b4b3f0 elementor-widget elementor-widget-heading\" data-id=\"2b4b3f0\" data-element_type=\"widget\" data-widget_type=\"heading.default\">\n\t\t\t\t<div class=\"elementor-widget-container\">\n\t\t\t<style>\/*! elementor - v3.17.0 - 25-10-2023 *\/\n.elementor-heading-title{padding:0;margin:0;line-height:1}.elementor-widget-heading .elementor-heading-title[class*=elementor-size-]>a{color:inherit;font-size:inherit;line-height:inherit}.elementor-widget-heading .elementor-heading-title.elementor-size-small{font-size:15px}.elementor-widget-heading .elementor-heading-title.elementor-size-medium{font-size:19px}.elementor-widget-heading .elementor-heading-title.elementor-size-large{font-size:29px}.elementor-widget-heading .elementor-heading-title.elementor-size-xl{font-size:39px}.elementor-widget-heading .elementor-heading-title.elementor-size-xxl{font-size:59px}<\/style><h2 class=\"elementor-heading-title elementor-size-default\">DESIGN OG LAYOUT<\/h2>\t\t<\/div>\n\t\t\t\t<\/div>\n\t\t\t\t<div class=\"elementor-element elementor-element-1bb3fcf elementor-widget elementor-widget-text-editor\" data-id=\"1bb3fcf\" data-element_type=\"widget\" data-widget_type=\"text-editor.default\">\n\t\t\t\t<div class=\"elementor-widget-container\">\n\t\t\t<style>\/*! elementor - v3.17.0 - 25-10-2023 *\/\n.elementor-widget-text-editor.elementor-drop-cap-view-stacked .elementor-drop-cap{background-color:#69727d;color:#fff}.elementor-widget-text-editor.elementor-drop-cap-view-framed .elementor-drop-cap{color:#69727d;border:3px solid;background-color:transparent}.elementor-widget-text-editor:not(.elementor-drop-cap-view-default) .elementor-drop-cap{margin-top:8px}.elementor-widget-text-editor:not(.elementor-drop-cap-view-default) .elementor-drop-cap-letter{width:1em;height:1em}.elementor-widget-text-editor .elementor-drop-cap{float:left;text-align:center;line-height:1;font-size:50px}.elementor-widget-text-editor .elementor-drop-cap-letter{display:inline-block}<\/style>\t\t\t\t<p>VI ADMINISTRERER HELE PROSESSEN FRA OVERSETTELSE, DESIGN OG LAYOUT TIL ENDELIG TRYKKING. ET PROFESJONELT STYKKE ARBEID M\u00c5 TIL FOR \u00c5 LEVERE OVERSETTELSER I SAMME FORMAT SOM ORIGINALE DOKUMENTER SOM IKKE KAN REDIGERES. KUNDENE V\u00c5RE VET DETTE.<\/p>\n\t\t\t\t\t\t<\/div>\n\t\t\t\t<\/div>\n\t\t\t\t<\/div>\n\t\t\t\t<\/div>\n\t\t<div class=\"elementor-element elementor-element-1a974a0 e-flex e-con-boxed lakit-col-width-auto-no e-container e-root-container elementor-top-section e-con e-parent\" data-id=\"1a974a0\" data-element_type=\"container\" data-settings=\"{&quot;content_width&quot;:&quot;boxed&quot;}\" data-core-v316-plus=\"true\">\n\t\t\t\t\t<div class=\"e-con-inner\">\n\t\t\t\t<div class=\"elementor-element elementor-element-926ecaa elementor-widget elementor-widget-text-editor\" data-id=\"926ecaa\" data-element_type=\"widget\" data-widget_type=\"text-editor.default\">\n\t\t\t\t<div class=\"elementor-widget-container\">\n\t\t\t\t\t\t\t<p>Akot\u00e9 tilbyr integrerte l\u00f8sninger for design og layout gjennom bruken av programmer som:<\/p>\n<p style=\"text-align: center;\">InDesign, QuarkXpress e Illustrator.<\/p>\n<p>Av erfaring vet vi at denne tjenesten er avgj\u00f8rende for kunden, s\u00e6rlig n\u00e5r oversettelsen er til mindre vanlige spr\u00e5k som har et annet alfabet: f.eks. av skannede tekniske manualer med grafikk og bilder, produktkataloger i PDF-format, presentasjoner osv. Takket v\u00e6re v\u00e5r kontinuerlige tilpasning til hvert enkelt oppdrags krav og s\u00e6rtrekk kan vi n\u00e5 utforme v\u00e5re kunders publikasjoner fra grunnen av, oversette dem til ulike spr\u00e5k og klargj\u00f8re dem for endelig utgivelse. (Se \u00abSuksesshistorier\u00bb.)<\/p>\n\t\t\t\t\t\t<\/div>\n\t\t\t\t<\/div>\n\t\t\t\t\t<\/div>\n\t\t\t\t<\/div>\n\t\t\t\t\t\t\t<\/div>\n\t\t","protected":false},"excerpt":{"rendered":"<p>DESIGN OG LAYOUT VI ADMINISTRERER HELE PROSESSEN FRA OVERSETTELSE, DESIGN OG LAYOUT TIL ENDELIG TRYKKING. ET PROFESJONELT STYKKE ARBEID M\u00c5 TIL FOR \u00c5 LEVERE OVERSETTELSER I SAMME FORMAT SOM ORIGINALE DOKUMENTER SOM IKKE KAN REDIGERES. KUNDENE V\u00c5RE [&hellip;]<\/p>\n","protected":false},"author":1,"featured_media":7476,"parent":0,"menu_order":0,"comment_status":"closed","ping_status":"closed","template":"","meta":{"footnotes":""},"class_list":["post-9413","page","type-page","status-publish","has-post-thumbnail","hentry"],"_links":{"self":[{"href":"https:\/\/akotetraducciones.com\/nb-nor\/wp-json\/wp\/v2\/pages\/9413","targetHints":{"allow":["GET"]}}],"collection":[{"href":"https:\/\/akotetraducciones.com\/nb-nor\/wp-json\/wp\/v2\/pages"}],"about":[{"href":"https:\/\/akotetraducciones.com\/nb-nor\/wp-json\/wp\/v2\/types\/page"}],"author":[{"embeddable":true,"href":"https:\/\/akotetraducciones.com\/nb-nor\/wp-json\/wp\/v2\/users\/1"}],"replies":[{"embeddable":true,"href":"https:\/\/akotetraducciones.com\/nb-nor\/wp-json\/wp\/v2\/comments?post=9413"}],"version-history":[{"count":8,"href":"https:\/\/akotetraducciones.com\/nb-nor\/wp-json\/wp\/v2\/pages\/9413\/revisions"}],"predecessor-version":[{"id":10558,"href":"https:\/\/akotetraducciones.com\/nb-nor\/wp-json\/wp\/v2\/pages\/9413\/revisions\/10558"}],"wp:featuredmedia":[{"embeddable":true,"href":"https:\/\/akotetraducciones.com\/nb-nor\/wp-json\/wp\/v2\/media\/7476"}],"wp:attachment":[{"href":"https:\/\/akotetraducciones.com\/nb-nor\/wp-json\/wp\/v2\/media?parent=9413"}],"curies":[{"name":"wp","href":"https:\/\/api.w.org\/{rel}","templated":true}]}}