{"id":9435,"date":"2024-01-29T16:04:21","date_gmt":"2024-01-29T15:04:21","guid":{"rendered":"https:\/\/velectra.es\/akote\/tolking\/"},"modified":"2024-02-02T12:05:14","modified_gmt":"2024-02-02T12:05:14","slug":"tolking","status":"publish","type":"page","link":"https:\/\/akotetraducciones.com\/nb-nor\/tolking\/","title":{"rendered":"Tolking"},"content":{"rendered":"\t\t<div data-elementor-type=\"wp-page\" data-elementor-id=\"9435\" class=\"elementor elementor-9435 elementor-9116\">\n\t\t\t\t\t\t\t<div class=\"elementor-element elementor-element-6863e1e e-flex e-con-boxed lakit-col-width-auto-no e-container e-root-container elementor-top-section e-con e-parent\" data-id=\"6863e1e\" data-element_type=\"container\" data-settings=\"{&quot;background_background&quot;:&quot;classic&quot;,&quot;content_width&quot;:&quot;boxed&quot;}\" data-core-v316-plus=\"true\">\n\t\t\t\t\t<div class=\"e-con-inner\">\n\t\t\t\t<div class=\"elementor-element elementor-element-2c31d8a elementor-widget elementor-widget-spacer\" data-id=\"2c31d8a\" data-element_type=\"widget\" data-widget_type=\"spacer.default\">\n\t\t\t\t<div class=\"elementor-widget-container\">\n\t\t\t<style>\/*! elementor - v3.17.0 - 25-10-2023 *\/\n.elementor-column .elementor-spacer-inner{height:var(--spacer-size)}.e-con{--container-widget-width:100%}.e-con-inner>.elementor-widget-spacer,.e-con>.elementor-widget-spacer{width:var(--container-widget-width,var(--spacer-size));--align-self:var(--container-widget-align-self,initial);--flex-shrink:0}.e-con-inner>.elementor-widget-spacer>.elementor-widget-container,.e-con>.elementor-widget-spacer>.elementor-widget-container{height:100%;width:100%}.e-con-inner>.elementor-widget-spacer>.elementor-widget-container>.elementor-spacer,.e-con>.elementor-widget-spacer>.elementor-widget-container>.elementor-spacer{height:100%}.e-con-inner>.elementor-widget-spacer>.elementor-widget-container>.elementor-spacer>.elementor-spacer-inner,.e-con>.elementor-widget-spacer>.elementor-widget-container>.elementor-spacer>.elementor-spacer-inner{height:var(--container-widget-height,var(--spacer-size))}.e-con-inner>.elementor-widget-spacer.elementor-widget-empty,.e-con>.elementor-widget-spacer.elementor-widget-empty{position:relative;min-height:22px;min-width:22px}.e-con-inner>.elementor-widget-spacer.elementor-widget-empty .elementor-widget-empty-icon,.e-con>.elementor-widget-spacer.elementor-widget-empty .elementor-widget-empty-icon{position:absolute;top:0;bottom:0;left:0;right:0;margin:auto;padding:0;width:22px;height:22px}<\/style>\t\t<div class=\"elementor-spacer\">\n\t\t\t<div class=\"elementor-spacer-inner\"><\/div>\n\t\t<\/div>\n\t\t\t\t<\/div>\n\t\t\t\t<\/div>\n\t\t\t\t<div class=\"elementor-element elementor-element-2b4b3f0 elementor-widget elementor-widget-heading\" data-id=\"2b4b3f0\" data-element_type=\"widget\" data-widget_type=\"heading.default\">\n\t\t\t\t<div class=\"elementor-widget-container\">\n\t\t\t<style>\/*! elementor - v3.17.0 - 25-10-2023 *\/\n.elementor-heading-title{padding:0;margin:0;line-height:1}.elementor-widget-heading .elementor-heading-title[class*=elementor-size-]>a{color:inherit;font-size:inherit;line-height:inherit}.elementor-widget-heading .elementor-heading-title.elementor-size-small{font-size:15px}.elementor-widget-heading .elementor-heading-title.elementor-size-medium{font-size:19px}.elementor-widget-heading .elementor-heading-title.elementor-size-large{font-size:29px}.elementor-widget-heading .elementor-heading-title.elementor-size-xl{font-size:39px}.elementor-widget-heading .elementor-heading-title.elementor-size-xxl{font-size:59px}<\/style><h2 class=\"elementor-heading-title elementor-size-default\">TOLKING<\/h2>\t\t<\/div>\n\t\t\t\t<\/div>\n\t\t\t\t<div class=\"elementor-element elementor-element-bb9f223 elementor-widget elementor-widget-spacer\" data-id=\"bb9f223\" data-element_type=\"widget\" data-widget_type=\"spacer.default\">\n\t\t\t\t<div class=\"elementor-widget-container\">\n\t\t\t\t\t<div class=\"elementor-spacer\">\n\t\t\t<div class=\"elementor-spacer-inner\"><\/div>\n\t\t<\/div>\n\t\t\t\t<\/div>\n\t\t\t\t<\/div>\n\t\t\t\t\t<\/div>\n\t\t\t\t<\/div>\n\t\t<div class=\"elementor-element elementor-element-2ae9604 e-flex e-con-boxed lakit-col-width-auto-no e-container e-root-container elementor-top-section e-con e-parent\" data-id=\"2ae9604\" data-element_type=\"container\" data-settings=\"{&quot;content_width&quot;:&quot;boxed&quot;}\" data-core-v316-plus=\"true\">\n\t\t\t\t\t<div class=\"e-con-inner\">\n\t\t<div class=\"elementor-element elementor-element-27b5bf9 e-flex e-con-boxed lakit-col-width-auto-no e-container e-con e-child\" data-id=\"27b5bf9\" data-element_type=\"container\" data-settings=\"{&quot;content_width&quot;:&quot;boxed&quot;}\">\n\t\t\t\t\t<div class=\"e-con-inner\">\n\t\t\t\t<div class=\"elementor-element elementor-element-1bb3fcf elementor-widget elementor-widget-text-editor\" data-id=\"1bb3fcf\" data-element_type=\"widget\" data-widget_type=\"text-editor.default\">\n\t\t\t\t<div class=\"elementor-widget-container\">\n\t\t\t<style>\/*! elementor - v3.17.0 - 25-10-2023 *\/\n.elementor-widget-text-editor.elementor-drop-cap-view-stacked .elementor-drop-cap{background-color:#69727d;color:#fff}.elementor-widget-text-editor.elementor-drop-cap-view-framed .elementor-drop-cap{color:#69727d;border:3px solid;background-color:transparent}.elementor-widget-text-editor:not(.elementor-drop-cap-view-default) .elementor-drop-cap{margin-top:8px}.elementor-widget-text-editor:not(.elementor-drop-cap-view-default) .elementor-drop-cap-letter{width:1em;height:1em}.elementor-widget-text-editor .elementor-drop-cap{float:left;text-align:center;line-height:1;font-size:50px}.elementor-widget-text-editor .elementor-drop-cap-letter{display:inline-block}<\/style>\t\t\t\t<p>VI HAR ET NETTVERK AV TOLKER B\u00c5DE I SPANIA OG I RESTEN AV VERDEN, SLIK AT VI KAN LEDSAGE KUNDENE V\u00c5RE.<\/p><\/p>\n\t\t\t\t\t\t<\/div>\n\t\t\t\t<\/div>\n\t\t\t\t\t<\/div>\n\t\t\t\t<\/div>\n\t\t<div class=\"elementor-element elementor-element-8325e9d e-flex e-con-boxed lakit-col-width-auto-no e-container e-con e-child\" data-id=\"8325e9d\" data-element_type=\"container\" data-settings=\"{&quot;content_width&quot;:&quot;boxed&quot;}\">\n\t\t\t\t\t<div class=\"e-con-inner\">\n\t\t\t\t<div class=\"elementor-element elementor-element-3932bb8 elementor-widget elementor-widget-text-editor\" data-id=\"3932bb8\" data-element_type=\"widget\" data-widget_type=\"text-editor.default\">\n\t\t\t\t<div class=\"elementor-widget-container\">\n\t\t\t\t\t\t\t<p>VI HAR L\u00c6RT AV ERFARING AT MAN B\u00d8R HA ET EGET SPESIALTEAM FOR HVERT ARRANGEMENT.<\/p><\/p>\n\t\t\t\t\t\t<\/div>\n\t\t\t\t<\/div>\n\t\t\t\t\t<\/div>\n\t\t\t\t<\/div>\n\t\t<div class=\"elementor-element elementor-element-bb37024 e-flex e-con-boxed lakit-col-width-auto-no e-container e-con e-child\" data-id=\"bb37024\" data-element_type=\"container\" data-settings=\"{&quot;content_width&quot;:&quot;boxed&quot;}\">\n\t\t\t\t\t<div class=\"e-con-inner\">\n\t\t\t\t<div class=\"elementor-element elementor-element-e157704 elementor-widget elementor-widget-text-editor\" data-id=\"e157704\" data-element_type=\"widget\" data-widget_type=\"text-editor.default\">\n\t\t\t\t<div class=\"elementor-widget-container\">\n\t\t\t\t\t\t\t<p>VI VIER TID TIL \u00c5 VELGE DE BESTE TOLKENE SOM EN DEL AV FORBEREDELSENE TIL HVERT ENKELT ARRANGEMENT. VI HAR ERFARING MED KOORDINERING AV STORE, INTERNASJONALE ARRANGEMENTER MED MANGE UTFORDRINGER.<\/p>\n\t\t\t\t\t\t<\/div>\n\t\t\t\t<\/div>\n\t\t\t\t\t<\/div>\n\t\t\t\t<\/div>\n\t\t<div class=\"elementor-element elementor-element-084cc23 e-flex e-con-boxed lakit-col-width-auto-no e-container e-con e-child\" data-id=\"084cc23\" data-element_type=\"container\" data-settings=\"{&quot;content_width&quot;:&quot;boxed&quot;}\">\n\t\t\t\t\t<div class=\"e-con-inner\">\n\t\t\t\t<div class=\"elementor-element elementor-element-8abcb50 elementor-widget elementor-widget-text-editor\" data-id=\"8abcb50\" data-element_type=\"widget\" data-widget_type=\"text-editor.default\">\n\t\t\t\t<div class=\"elementor-widget-container\">\n\t\t\t\t\t\t\t<p>VI HAR TI \u00c5RS ERFARING MED \u00c5 DELTA VED DISSE ARRANGEMENTENE, OG SVARER RASKT OG SIKKERT VED DE NYE ARRANGEMENTENE VI ER MED P\u00c5 HVERT \u00c5R.<\/p>\n\t\t\t\t\t\t<\/div>\n\t\t\t\t<\/div>\n\t\t\t\t\t<\/div>\n\t\t\t\t<\/div>\n\t\t\t\t\t<\/div>\n\t\t\t\t<\/div>\n\t\t<div class=\"elementor-element elementor-element-884ff74 e-flex e-con-boxed lakit-col-width-auto-no e-container e-root-container elementor-top-section e-con e-parent\" data-id=\"884ff74\" data-element_type=\"container\" data-settings=\"{&quot;content_width&quot;:&quot;boxed&quot;}\" data-core-v316-plus=\"true\">\n\t\t\t\t\t<div class=\"e-con-inner\">\n\t\t<div class=\"elementor-element elementor-element-bfc75e8 e-con-full e-flex lakit-col-width-auto-no e-container e-con e-child\" data-id=\"bfc75e8\" data-element_type=\"container\" data-settings=\"{&quot;content_width&quot;:&quot;full&quot;}\">\n\t\t\t\t<div class=\"elementor-element elementor-element-a3f88f6 elementor-invisible lakit-has-entrance-animation elementor-widget elementor-widget-heading\" data-id=\"a3f88f6\" data-element_type=\"widget\" data-settings=\"{&quot;_animation&quot;:&quot;rollIn&quot;,&quot;_animation_laptop&quot;:&quot;fadeInDown&quot;}\" data-widget_type=\"heading.default\">\n\t\t\t\t<div class=\"elementor-widget-container\">\n\t\t\t<p class=\"elementor-heading-title elementor-size-default\">SIMULTANTOLKING I KABIN<\/p>\t\t<\/div>\n\t\t\t\t<\/div>\n\t\t\t\t<div class=\"elementor-element elementor-element-0ac37e7 elementor-widget elementor-widget-spacer\" data-id=\"0ac37e7\" data-element_type=\"widget\" data-widget_type=\"spacer.default\">\n\t\t\t\t<div class=\"elementor-widget-container\">\n\t\t\t\t\t<div class=\"elementor-spacer\">\n\t\t\t<div class=\"elementor-spacer-inner\"><\/div>\n\t\t<\/div>\n\t\t\t\t<\/div>\n\t\t\t\t<\/div>\n\t\t\t\t<div class=\"elementor-element elementor-element-f7e69ac elementor-widget elementor-widget-text-editor\" data-id=\"f7e69ac\" data-element_type=\"widget\" data-widget_type=\"text-editor.default\">\n\t\t\t\t<div class=\"elementor-widget-container\">\n\t\t\t\t\t\t\t<p>Denne typen tolking er den kundene v\u00e5re ettersp\u00f8r mest i forbindelse med kongresser, samlinger, generalforsamlinger, konferanser og st\u00f8rre og mindre m\u00f8ter, der to eller flere arbeidsspr\u00e5k benyttes og det ikke er en grense for hvor mange som kan v\u00e6re til stede. or denne typen simultanoversettelse m\u00e5 man ha et team og teknisk utstyr for dette: kabiner, mottakere og lydutstyr. (se \u00abLeie av utstyr\u00bb).<\/p>\n\t\t\t\t\t\t<\/div>\n\t\t\t\t<\/div>\n\t\t\t\t<\/div>\n\t\t<div class=\"elementor-element elementor-element-43fa270 e-con-full e-flex lakit-col-width-auto-no e-container e-con e-child\" data-id=\"43fa270\" data-element_type=\"container\" data-settings=\"{&quot;content_width&quot;:&quot;full&quot;}\">\n\t\t\t\t<div class=\"elementor-element elementor-element-d77016c elementor-invisible lakit-has-entrance-animation elementor-widget elementor-widget-heading\" data-id=\"d77016c\" data-element_type=\"widget\" data-settings=\"{&quot;_animation&quot;:&quot;rollIn&quot;,&quot;_animation_laptop&quot;:&quot;fadeInDown&quot;}\" data-widget_type=\"heading.default\">\n\t\t\t\t<div class=\"elementor-widget-container\">\n\t\t\t<p class=\"elementor-heading-title elementor-size-default\">SIMULTANTOLKING MED INFOPORT<\/p>\t\t<\/div>\n\t\t\t\t<\/div>\n\t\t\t\t<div class=\"elementor-element elementor-element-a011661 elementor-widget elementor-widget-spacer\" data-id=\"a011661\" data-element_type=\"widget\" data-widget_type=\"spacer.default\">\n\t\t\t\t<div class=\"elementor-widget-container\">\n\t\t\t\t\t<div class=\"elementor-spacer\">\n\t\t\t<div class=\"elementor-spacer-inner\"><\/div>\n\t\t<\/div>\n\t\t\t\t<\/div>\n\t\t\t\t<\/div>\n\t\t\t\t<div class=\"elementor-element elementor-element-54f1b78 elementor-widget elementor-widget-text-editor\" data-id=\"54f1b78\" data-element_type=\"widget\" data-widget_type=\"text-editor.default\">\n\t\t\t\t<div class=\"elementor-widget-container\">\n\t\t\t\t\t\t\t<p>Vi bruker dette tekniske systemet for \u00e5 utf\u00f8re tolking i sanntid og i bevegelse, der anbefalt antall deltakere er maksimalt 20. Vi jobber ofte med dette utstyret ved bes\u00f8k ved institusjoner, fabrikker, museer o.l. Man m\u00e5 ha en stresskoffert med mikrofoner og mottakere (se \u00abLeie av utstyr\u00bb).<\/p>\n\t\t\t\t\t\t<\/div>\n\t\t\t\t<\/div>\n\t\t\t\t<div class=\"elementor-element elementor-element-477a4b6 elementor-widget elementor-widget-spacer\" data-id=\"477a4b6\" data-element_type=\"widget\" data-widget_type=\"spacer.default\">\n\t\t\t\t<div class=\"elementor-widget-container\">\n\t\t\t\t\t<div class=\"elementor-spacer\">\n\t\t\t<div class=\"elementor-spacer-inner\"><\/div>\n\t\t<\/div>\n\t\t\t\t<\/div>\n\t\t\t\t<\/div>\n\t\t\t\t<div class=\"elementor-element elementor-element-b891cad elementor-widget elementor-widget-spacer\" data-id=\"b891cad\" data-element_type=\"widget\" data-widget_type=\"spacer.default\">\n\t\t\t\t<div class=\"elementor-widget-container\">\n\t\t\t\t\t<div class=\"elementor-spacer\">\n\t\t\t<div class=\"elementor-spacer-inner\"><\/div>\n\t\t<\/div>\n\t\t\t\t<\/div>\n\t\t\t\t<\/div>\n\t\t\t\t<\/div>\n\t\t\t\t\t<\/div>\n\t\t\t\t<\/div>\n\t\t<div class=\"elementor-element elementor-element-b24b490 e-con-full e-flex lakit-col-width-auto-no e-container e-root-container elementor-top-section e-con e-parent\" data-id=\"b24b490\" data-element_type=\"container\" data-settings=\"{&quot;content_width&quot;:&quot;full&quot;}\" data-core-v316-plus=\"true\">\n\t\t\t\t<div class=\"elementor-element elementor-element-2e2e91a elementor-widget elementor-widget-image\" data-id=\"2e2e91a\" data-element_type=\"widget\" data-widget_type=\"image.default\">\n\t\t\t\t<div class=\"elementor-widget-container\">\n\t\t\t<style>\/*! elementor - v3.17.0 - 25-10-2023 *\/\n.elementor-widget-image{text-align:center}.elementor-widget-image a{display:inline-block}.elementor-widget-image a img[src$=\".svg\"]{width:48px}.elementor-widget-image img{vertical-align:middle;display:inline-block}<\/style>\t\t\t\t\t\t\t\t\t\t\t\t<img fetchpriority=\"high\" decoding=\"async\" width=\"2560\" height=\"1714\" src=\"https:\/\/akotetraducciones.com\/wp-content\/uploads\/2024\/01\/ruben-garcia-R-wQExeiGrc-unsplash-scaled.jpg\" class=\"attachment-large size-large wp-image-8911\" alt=\"\" srcset=\"https:\/\/akotetraducciones.com\/wp-content\/uploads\/2024\/01\/ruben-garcia-R-wQExeiGrc-unsplash-scaled.jpg 2560w, https:\/\/akotetraducciones.com\/wp-content\/uploads\/2024\/01\/ruben-garcia-R-wQExeiGrc-unsplash-1536x1028.jpg 1536w, https:\/\/akotetraducciones.com\/wp-content\/uploads\/2024\/01\/ruben-garcia-R-wQExeiGrc-unsplash-2048x1371.jpg 2048w\" sizes=\"(max-width: 2560px) 100vw, 2560px\" \/>\t\t\t\t\t\t\t\t\t\t\t\t\t\t\t<\/div>\n\t\t\t\t<\/div>\n\t\t\t\t<\/div>\n\t\t<div class=\"elementor-element elementor-element-86b96e2 e-flex e-con-boxed lakit-col-width-auto-no e-container e-root-container elementor-top-section e-con e-parent\" data-id=\"86b96e2\" data-element_type=\"container\" data-settings=\"{&quot;content_width&quot;:&quot;boxed&quot;}\" data-core-v316-plus=\"true\">\n\t\t\t\t\t<div class=\"e-con-inner\">\n\t\t<div class=\"elementor-element elementor-element-9cb9241 e-con-full e-flex lakit-col-width-auto-no e-container e-con e-child\" data-id=\"9cb9241\" data-element_type=\"container\" data-settings=\"{&quot;content_width&quot;:&quot;full&quot;}\">\n\t\t\t\t<div class=\"elementor-element elementor-element-9e5d3b0 elementor-invisible lakit-has-entrance-animation elementor-widget elementor-widget-heading\" data-id=\"9e5d3b0\" data-element_type=\"widget\" data-settings=\"{&quot;_animation&quot;:&quot;rollIn&quot;,&quot;_animation_laptop&quot;:&quot;fadeInDown&quot;}\" data-widget_type=\"heading.default\">\n\t\t\t\t<div class=\"elementor-widget-container\">\n\t\t\t<p class=\"elementor-heading-title elementor-size-default\">HVISKET SIMULTANTOLKING<\/p>\t\t<\/div>\n\t\t\t\t<\/div>\n\t\t\t\t<div class=\"elementor-element elementor-element-ca66dd1 elementor-widget elementor-widget-text-editor\" data-id=\"ca66dd1\" data-element_type=\"widget\" data-widget_type=\"text-editor.default\">\n\t\t\t\t<div class=\"elementor-widget-container\">\n\t\t\t\t\t\t\t<p>Dette er en type tolking i sanntid som benyttes n\u00e5r en eller to personer ikke snakker det samme spr\u00e5ket i et m\u00f8te, bes\u00f8k eller intervju. Tolken hvisker innholdet av m\u00f8tet eller intervjuet til m\u00f8tedeltakeren, uten at teknisk utstyr er n\u00f8dvendig.<\/p>\n\t\t\t\t\t\t<\/div>\n\t\t\t\t<\/div>\n\t\t\t\t<div class=\"elementor-element elementor-element-503642d elementor-widget elementor-widget-spacer\" data-id=\"503642d\" data-element_type=\"widget\" data-widget_type=\"spacer.default\">\n\t\t\t\t<div class=\"elementor-widget-container\">\n\t\t\t\t\t<div class=\"elementor-spacer\">\n\t\t\t<div class=\"elementor-spacer-inner\"><\/div>\n\t\t<\/div>\n\t\t\t\t<\/div>\n\t\t\t\t<\/div>\n\t\t\t\t<div class=\"elementor-element elementor-element-bba04fb elementor-invisible lakit-has-entrance-animation elementor-widget elementor-widget-heading\" data-id=\"bba04fb\" data-element_type=\"widget\" data-settings=\"{&quot;_animation&quot;:&quot;rollIn&quot;,&quot;_animation_laptop&quot;:&quot;fadeInDown&quot;}\" data-widget_type=\"heading.default\">\n\t\t\t\t<div class=\"elementor-widget-container\">\n\t\t\t<p class=\"elementor-heading-title elementor-size-default\">KONSEKUTIV (P\u00c5F\u00d8LGENDE) TOLKING<\/p>\t\t<\/div>\n\t\t\t\t<\/div>\n\t\t\t\t<div class=\"elementor-element elementor-element-e0961b1 elementor-widget elementor-widget-text-editor\" data-id=\"e0961b1\" data-element_type=\"widget\" data-widget_type=\"text-editor.default\">\n\t\t\t\t<div class=\"elementor-widget-container\">\n\t\t\t\t\t\t\t<p>Med denne tjenesten dekker vi arrangementer av kort varighet, slik som pressekonferanser, premieoverrekkelser, presentasjoner av filmer, intervjuer osv. Med denne tolkemetoden har tolken et system for \u00e5 notere ned hva taleren sier, og gjentar umiddelbart etter det som har blitt sagt p\u00e5 \u00f8nsket spr\u00e5k. Hvis talen eller foredraget er sv\u00e6rt langt, vil man avtale \u00e5 legge inn sm\u00e5 pauser der tolken kommer inn. I dette tilfellet er det ikke n\u00f8dvendig med et spesialisert teknisk team for tolkingen, men man b\u00f8r ta i betraktning at tiden arrangementet tar vil \u00f8kes med rundt 80 %.<\/p>\n\t\t\t\t\t\t<\/div>\n\t\t\t\t<\/div>\n\t\t\t\t<\/div>\n\t\t<div class=\"elementor-element elementor-element-acd9a57 e-con-full e-flex lakit-col-width-auto-no e-container e-con e-child\" data-id=\"acd9a57\" data-element_type=\"container\" data-settings=\"{&quot;content_width&quot;:&quot;full&quot;}\">\n\t\t\t\t<div class=\"elementor-element elementor-element-5f2ca60 elementor-invisible lakit-has-entrance-animation elementor-widget elementor-widget-heading\" data-id=\"5f2ca60\" data-element_type=\"widget\" data-settings=\"{&quot;_animation&quot;:&quot;rollIn&quot;,&quot;_animation_laptop&quot;:&quot;fadeInDown&quot;}\" data-widget_type=\"heading.default\">\n\t\t\t\t<div class=\"elementor-widget-container\">\n\t\t\t<p class=\"elementor-heading-title elementor-size-default\">TOLKING AV DET INTERNASJONALE TEGNSPR\u00c5KET IS (\u00abINTERNATIONAL SIGN\u00bb)\nOG AV SPANSK TEGNSPR\u00c5K (LSE)<\/p>\t\t<\/div>\n\t\t\t\t<\/div>\n\t\t\t\t<div class=\"elementor-element elementor-element-60cd121 elementor-widget elementor-widget-text-editor\" data-id=\"60cd121\" data-element_type=\"widget\" data-widget_type=\"text-editor.default\">\n\t\t\t\t<div class=\"elementor-widget-container\">\n\t\t\t\t\t\t\t<p>Dette er en tjeneste kundene v\u00e5re ettersp\u00f8r stadig mer i forbindelse med internasjonale kongresser, s\u00e6rlig n\u00e5r de blir direktesendt. Ved internasjonale arrangementer der flere spr\u00e5k brukes og man ikke bare skal tolke til spansk, m\u00e5 man ha tolker som bruker IS, ikke bare LSE.<\/p>\n\t\t\t\t\t\t<\/div>\n\t\t\t\t<\/div>\n\t\t\t\t<div class=\"elementor-element elementor-element-fe4ef3c elementor-widget elementor-widget-spacer\" data-id=\"fe4ef3c\" data-element_type=\"widget\" data-widget_type=\"spacer.default\">\n\t\t\t\t<div class=\"elementor-widget-container\">\n\t\t\t\t\t<div class=\"elementor-spacer\">\n\t\t\t<div class=\"elementor-spacer-inner\"><\/div>\n\t\t<\/div>\n\t\t\t\t<\/div>\n\t\t\t\t<\/div>\n\t\t\t\t<div class=\"elementor-element elementor-element-633908a elementor-widget elementor-widget-image\" data-id=\"633908a\" data-element_type=\"widget\" data-widget_type=\"image.default\">\n\t\t\t\t<div class=\"elementor-widget-container\">\n\t\t\t\t\t\t\t\t\t\t\t\t\t\t\t<img decoding=\"async\" width=\"2376\" height=\"1584\" src=\"https:\/\/akotetraducciones.com\/wp-content\/uploads\/2023\/11\/INTERPRETACION.jpeg\" class=\"attachment-large size-large wp-image-7464\" alt=\"\" srcset=\"https:\/\/akotetraducciones.com\/wp-content\/uploads\/2023\/11\/INTERPRETACION.jpeg 2376w, https:\/\/akotetraducciones.com\/wp-content\/uploads\/2023\/11\/INTERPRETACION-1536x1024.jpeg 1536w, https:\/\/akotetraducciones.com\/wp-content\/uploads\/2023\/11\/INTERPRETACION-2048x1365.jpeg 2048w\" sizes=\"(max-width: 2376px) 100vw, 2376px\" \/>\t\t\t\t\t\t\t\t\t\t\t\t\t\t\t<\/div>\n\t\t\t\t<\/div>\n\t\t\t\t<\/div>\n\t\t\t\t\t<\/div>\n\t\t\t\t<\/div>\n\t\t\t\t\t\t\t<\/div>\n\t\t","protected":false},"excerpt":{"rendered":"<p>TOLKING VI HAR ET NETTVERK AV TOLKER B\u00c5DE I SPANIA OG I RESTEN AV VERDEN, SLIK AT VI KAN LEDSAGE KUNDENE V\u00c5RE. VI HAR L\u00c6RT AV ERFARING AT MAN B\u00d8R HA ET EGET SPESIALTEAM FOR HVERT ARRANGEMENT. [&hellip;]<\/p>\n","protected":false},"author":1,"featured_media":7464,"parent":0,"menu_order":0,"comment_status":"closed","ping_status":"closed","template":"","meta":{"footnotes":""},"class_list":["post-9435","page","type-page","status-publish","has-post-thumbnail","hentry"],"_links":{"self":[{"href":"https:\/\/akotetraducciones.com\/nb-nor\/wp-json\/wp\/v2\/pages\/9435","targetHints":{"allow":["GET"]}}],"collection":[{"href":"https:\/\/akotetraducciones.com\/nb-nor\/wp-json\/wp\/v2\/pages"}],"about":[{"href":"https:\/\/akotetraducciones.com\/nb-nor\/wp-json\/wp\/v2\/types\/page"}],"author":[{"embeddable":true,"href":"https:\/\/akotetraducciones.com\/nb-nor\/wp-json\/wp\/v2\/users\/1"}],"replies":[{"embeddable":true,"href":"https:\/\/akotetraducciones.com\/nb-nor\/wp-json\/wp\/v2\/comments?post=9435"}],"version-history":[{"count":11,"href":"https:\/\/akotetraducciones.com\/nb-nor\/wp-json\/wp\/v2\/pages\/9435\/revisions"}],"predecessor-version":[{"id":10546,"href":"https:\/\/akotetraducciones.com\/nb-nor\/wp-json\/wp\/v2\/pages\/9435\/revisions\/10546"}],"wp:featuredmedia":[{"embeddable":true,"href":"https:\/\/akotetraducciones.com\/nb-nor\/wp-json\/wp\/v2\/media\/7464"}],"wp:attachment":[{"href":"https:\/\/akotetraducciones.com\/nb-nor\/wp-json\/wp\/v2\/media?parent=9435"}],"curies":[{"name":"wp","href":"https:\/\/api.w.org\/{rel}","templated":true}]}}