{"id":9443,"date":"2020-10-30T09:39:56","date_gmt":"2020-10-30T08:39:56","guid":{"rendered":"https:\/\/velectra.es\/akote\/om-oss\/"},"modified":"2024-03-25T17:06:38","modified_gmt":"2024-03-25T16:06:38","slug":"om-oss","status":"publish","type":"page","link":"https:\/\/akotetraducciones.com\/nb-nor\/om-oss\/","title":{"rendered":"OM OSS"},"content":{"rendered":"\t\t<div data-elementor-type=\"wp-page\" data-elementor-id=\"9443\" class=\"elementor elementor-9443 elementor-1529\">\n\t\t\t\t\t\t\t\t\t<div class=\"elementor-section elementor-top-section elementor-element elementor-element-547efdd elementor-section-full_width elementor-section-content-middle elementor-section-height-default elementor-section-height-default\" data-id=\"547efdd\" data-element_type=\"section\" data-settings=\"{&quot;background_background&quot;:&quot;classic&quot;}\">\n\t\t\t\t\t\t<div class=\"elementor-container elementor-column-gap-no\">\n\t\t\t\t\t<div class=\"elementor-column elementor-col-100 elementor-top-column elementor-element elementor-element-9eeb1d2 lakit-col-width-auto-no\" data-id=\"9eeb1d2\" data-element_type=\"column\">\n\t\t\t<div class=\"elementor-widget-wrap elementor-element-populated\">\n\t\t\t\t\t\t\t\t<div class=\"elementor-element elementor-element-ef47bf8 elementor-widget elementor-widget-spacer\" data-id=\"ef47bf8\" data-element_type=\"widget\" data-widget_type=\"spacer.default\">\n\t\t\t\t<div class=\"elementor-widget-container\">\n\t\t\t<style>\/*! elementor - v3.17.0 - 25-10-2023 *\/\n.elementor-column .elementor-spacer-inner{height:var(--spacer-size)}.e-con{--container-widget-width:100%}.e-con-inner>.elementor-widget-spacer,.e-con>.elementor-widget-spacer{width:var(--container-widget-width,var(--spacer-size));--align-self:var(--container-widget-align-self,initial);--flex-shrink:0}.e-con-inner>.elementor-widget-spacer>.elementor-widget-container,.e-con>.elementor-widget-spacer>.elementor-widget-container{height:100%;width:100%}.e-con-inner>.elementor-widget-spacer>.elementor-widget-container>.elementor-spacer,.e-con>.elementor-widget-spacer>.elementor-widget-container>.elementor-spacer{height:100%}.e-con-inner>.elementor-widget-spacer>.elementor-widget-container>.elementor-spacer>.elementor-spacer-inner,.e-con>.elementor-widget-spacer>.elementor-widget-container>.elementor-spacer>.elementor-spacer-inner{height:var(--container-widget-height,var(--spacer-size))}.e-con-inner>.elementor-widget-spacer.elementor-widget-empty,.e-con>.elementor-widget-spacer.elementor-widget-empty{position:relative;min-height:22px;min-width:22px}.e-con-inner>.elementor-widget-spacer.elementor-widget-empty .elementor-widget-empty-icon,.e-con>.elementor-widget-spacer.elementor-widget-empty .elementor-widget-empty-icon{position:absolute;top:0;bottom:0;left:0;right:0;margin:auto;padding:0;width:22px;height:22px}<\/style>\t\t<div class=\"elementor-spacer\">\n\t\t\t<div class=\"elementor-spacer-inner\"><\/div>\n\t\t<\/div>\n\t\t\t\t<\/div>\n\t\t\t\t<\/div>\n\t\t\t\t<div class=\"elementor-element elementor-element-e8ba94a elementor-invisible lakit-has-entrance-animation elementor-widget elementor-widget-heading\" data-id=\"e8ba94a\" data-element_type=\"widget\" data-settings=\"{&quot;motion_fx_motion_fx_mouse&quot;:&quot;yes&quot;,&quot;motion_fx_mouseTrack_effect&quot;:&quot;yes&quot;,&quot;motion_fx_mouseTrack_direction&quot;:&quot;negative&quot;,&quot;_animation&quot;:&quot;fadeInLeft&quot;,&quot;motion_fx_mouseTrack_speed&quot;:{&quot;unit&quot;:&quot;px&quot;,&quot;size&quot;:1,&quot;sizes&quot;:[]}}\" data-widget_type=\"heading.default\">\n\t\t\t\t<div class=\"elementor-widget-container\">\n\t\t\t<style>\/*! elementor - v3.17.0 - 25-10-2023 *\/\n.elementor-heading-title{padding:0;margin:0;line-height:1}.elementor-widget-heading .elementor-heading-title[class*=elementor-size-]>a{color:inherit;font-size:inherit;line-height:inherit}.elementor-widget-heading .elementor-heading-title.elementor-size-small{font-size:15px}.elementor-widget-heading .elementor-heading-title.elementor-size-medium{font-size:19px}.elementor-widget-heading .elementor-heading-title.elementor-size-large{font-size:29px}.elementor-widget-heading .elementor-heading-title.elementor-size-xl{font-size:39px}.elementor-widget-heading .elementor-heading-title.elementor-size-xxl{font-size:59px}<\/style><h2 class=\"elementor-heading-title elementor-size-default\">V\u00c5R MOTIVASJON<\/h2>\t\t<\/div>\n\t\t\t\t<\/div>\n\t\t\t\t<div class=\"elementor-element elementor-element-36da17b elementor-widget elementor-widget-spacer\" data-id=\"36da17b\" data-element_type=\"widget\" data-widget_type=\"spacer.default\">\n\t\t\t\t<div class=\"elementor-widget-container\">\n\t\t\t\t\t<div class=\"elementor-spacer\">\n\t\t\t<div class=\"elementor-spacer-inner\"><\/div>\n\t\t<\/div>\n\t\t\t\t<\/div>\n\t\t\t\t<\/div>\n\t\t\t\t\t<\/div>\n\t\t<\/div>\n\t\t\t\t\t\t\t<\/div>\n\t\t<\/div>\n\t\t<div class=\"elementor-element elementor-element-30bd413 e-con-full e-flex lakit-col-width-auto-no e-container e-root-container elementor-top-section e-con e-parent\" data-id=\"30bd413\" data-element_type=\"container\" data-settings=\"{&quot;content_width&quot;:&quot;full&quot;}\" data-core-v316-plus=\"true\">\n\t\t<div class=\"elementor-element elementor-element-9ffc0b9 e-con-full e-flex lakit-col-width-auto-no e-container e-con e-child\" data-id=\"9ffc0b9\" data-element_type=\"container\" data-settings=\"{&quot;content_width&quot;:&quot;full&quot;}\">\n\t\t\t\t<div class=\"elementor-element elementor-element-d30bf4f elementor-widget elementor-widget-spacer\" data-id=\"d30bf4f\" data-element_type=\"widget\" data-widget_type=\"spacer.default\">\n\t\t\t\t<div class=\"elementor-widget-container\">\n\t\t\t\t\t<div class=\"elementor-spacer\">\n\t\t\t<div class=\"elementor-spacer-inner\"><\/div>\n\t\t<\/div>\n\t\t\t\t<\/div>\n\t\t\t\t<\/div>\n\t\t\t\t<div class=\"elementor-element elementor-element-a96ee9c elementor-widget elementor-widget-image\" data-id=\"a96ee9c\" data-element_type=\"widget\" data-widget_type=\"image.default\">\n\t\t\t\t<div class=\"elementor-widget-container\">\n\t\t\t<style>\/*! elementor - v3.17.0 - 25-10-2023 *\/\n.elementor-widget-image{text-align:center}.elementor-widget-image a{display:inline-block}.elementor-widget-image a img[src$=\".svg\"]{width:48px}.elementor-widget-image img{vertical-align:middle;display:inline-block}<\/style>\t\t\t\t\t\t\t\t\t\t\t\t<img fetchpriority=\"high\" decoding=\"async\" width=\"2448\" height=\"1376\" src=\"https:\/\/akotetraducciones.com\/wp-content\/uploads\/2024\/03\/traduccion-jurada-1.jpg\" class=\"attachment-full size-full wp-image-11860\" alt=\"\" srcset=\"https:\/\/akotetraducciones.com\/wp-content\/uploads\/2024\/03\/traduccion-jurada-1.jpg 2448w, https:\/\/akotetraducciones.com\/wp-content\/uploads\/2024\/03\/traduccion-jurada-1-1536x863.jpg 1536w, https:\/\/akotetraducciones.com\/wp-content\/uploads\/2024\/03\/traduccion-jurada-1-2048x1151.jpg 2048w\" sizes=\"(max-width: 2448px) 100vw, 2448px\" \/>\t\t\t\t\t\t\t\t\t\t\t\t\t\t\t<\/div>\n\t\t\t\t<\/div>\n\t\t\t\t<\/div>\n\t\t<div class=\"elementor-element elementor-element-00d7aef e-con-full e-flex lakit-col-width-auto-no e-container e-con e-child\" data-id=\"00d7aef\" data-element_type=\"container\" data-settings=\"{&quot;content_width&quot;:&quot;full&quot;}\">\n\t\t<div class=\"elementor-element elementor-element-f1f920b e-flex e-con-boxed lakit-col-width-auto-no e-container e-con e-child\" data-id=\"f1f920b\" data-element_type=\"container\" data-settings=\"{&quot;content_width&quot;:&quot;boxed&quot;}\">\n\t\t\t\t\t<div class=\"e-con-inner\">\n\t\t\t\t<div class=\"elementor-element elementor-element-976f54c elementor-widget__width-initial elementor-invisible lakit-has-entrance-animation elementor-widget elementor-widget-text-editor\" data-id=\"976f54c\" data-element_type=\"widget\" data-settings=\"{&quot;_animation&quot;:&quot;fadeInUp&quot;,&quot;_animation_delay&quot;:300}\" data-widget_type=\"text-editor.default\">\n\t\t\t\t<div class=\"elementor-widget-container\">\n\t\t\t<style>\/*! elementor - v3.17.0 - 25-10-2023 *\/\n.elementor-widget-text-editor.elementor-drop-cap-view-stacked .elementor-drop-cap{background-color:#69727d;color:#fff}.elementor-widget-text-editor.elementor-drop-cap-view-framed .elementor-drop-cap{color:#69727d;border:3px solid;background-color:transparent}.elementor-widget-text-editor:not(.elementor-drop-cap-view-default) .elementor-drop-cap{margin-top:8px}.elementor-widget-text-editor:not(.elementor-drop-cap-view-default) .elementor-drop-cap-letter{width:1em;height:1em}.elementor-widget-text-editor .elementor-drop-cap{float:left;text-align:center;line-height:1;font-size:50px}.elementor-widget-text-editor .elementor-drop-cap-letter{display:inline-block}<\/style>\t\t\t\t<p>Akot\u00e9 ble grunnlagt med en m\u00e5lsetting om \u00e5 gi kundene en personlig tilpasset tjeneste. \u00e5r fremste prestasjon, som vi har oppn\u00e5dd ved hjelp av v\u00e5rt team av dyktige fagfolk, har v\u00e6rt \u00e5 etablere oss som en <em>\u00abboutique\u00bb<\/em> med en unik profil innen oversettelses- og tolkebransjen.<\/p><p><img decoding=\"async\" class=\"alignnone size-full wp-image-7978\" src=\"https:\/\/akotetraducciones.com\/wp-content\/uploads\/2024\/01\/logo-akote-new2-RELLENO-SIN-TEX.png\" alt=\"\" width=\"1000\" height=\"350\" \/><\/p>\t\t\t\t\t\t<\/div>\n\t\t\t\t<\/div>\n\t\t\t\t\t<\/div>\n\t\t\t\t<\/div>\n\t\t<div class=\"elementor-element elementor-element-4448384 e-flex e-con-boxed lakit-col-width-auto-no e-container e-con e-child\" data-id=\"4448384\" data-element_type=\"container\" data-settings=\"{&quot;content_width&quot;:&quot;boxed&quot;}\">\n\t\t\t\t\t<div class=\"e-con-inner\">\n\t\t\t\t<div class=\"elementor-element elementor-element-1ddf1d9 elementor-widget__width-initial elementor-invisible lakit-has-entrance-animation elementor-widget elementor-widget-text-editor\" data-id=\"1ddf1d9\" data-element_type=\"widget\" data-settings=\"{&quot;_animation&quot;:&quot;fadeInUp&quot;,&quot;_animation_delay&quot;:300}\" data-widget_type=\"text-editor.default\">\n\t\t\t\t<div class=\"elementor-widget-container\">\n\t\t\t\t\t\t\t<p>Vi tilpasser oss alle nye situasjoner og utfordringer vi st\u00e5r overfor og prioriterer v\u00e5re kunders prosesser og behovsutvikling, og dette har hjulpet oss til \u00e5 vokse og utvikle oss gjennom disse \u00e5rene.<\/p><p>Den viktigste bel\u00f8nningen vi f\u00e5r for dette er n\u00e5r vi blir v\u00e5re kunders foretrukne leverand\u00f8r i internaliseringsprosesser, siden de vet at vi gj\u00f8r deres prosjekter til v\u00e5re prosjekter.<\/p>\t\t\t\t\t\t<\/div>\n\t\t\t\t<\/div>\n\t\t\t\t\t<\/div>\n\t\t\t\t<\/div>\n\t\t\t\t<\/div>\n\t\t\t\t<\/div>\n\t\t\t\t\t\t\t<\/div>\n\t\t","protected":false},"excerpt":{"rendered":"<p>V\u00c5R MOTIVASJON Akot\u00e9 ble grunnlagt med en m\u00e5lsetting om \u00e5 gi kundene en personlig tilpasset tjeneste. \u00e5r fremste prestasjon, som vi har oppn\u00e5dd ved hjelp av v\u00e5rt team av dyktige fagfolk, har v\u00e6rt \u00e5 etablere oss som [&hellip;]<\/p>\n","protected":false},"author":1,"featured_media":0,"parent":0,"menu_order":0,"comment_status":"closed","ping_status":"closed","template":"","meta":{"footnotes":""},"class_list":["post-9443","page","type-page","status-publish","hentry"],"_links":{"self":[{"href":"https:\/\/akotetraducciones.com\/nb-nor\/wp-json\/wp\/v2\/pages\/9443","targetHints":{"allow":["GET"]}}],"collection":[{"href":"https:\/\/akotetraducciones.com\/nb-nor\/wp-json\/wp\/v2\/pages"}],"about":[{"href":"https:\/\/akotetraducciones.com\/nb-nor\/wp-json\/wp\/v2\/types\/page"}],"author":[{"embeddable":true,"href":"https:\/\/akotetraducciones.com\/nb-nor\/wp-json\/wp\/v2\/users\/1"}],"replies":[{"embeddable":true,"href":"https:\/\/akotetraducciones.com\/nb-nor\/wp-json\/wp\/v2\/comments?post=9443"}],"version-history":[{"count":20,"href":"https:\/\/akotetraducciones.com\/nb-nor\/wp-json\/wp\/v2\/pages\/9443\/revisions"}],"predecessor-version":[{"id":11940,"href":"https:\/\/akotetraducciones.com\/nb-nor\/wp-json\/wp\/v2\/pages\/9443\/revisions\/11940"}],"wp:attachment":[{"href":"https:\/\/akotetraducciones.com\/nb-nor\/wp-json\/wp\/v2\/media?parent=9443"}],"curies":[{"name":"wp","href":"https:\/\/api.w.org\/{rel}","templated":true}]}}