{"id":9469,"date":"2020-10-31T03:37:17","date_gmt":"2020-10-31T02:37:17","guid":{"rendered":"https:\/\/velectra.es\/akote\/spesialisert-oversettelse\/"},"modified":"2024-02-02T12:02:07","modified_gmt":"2024-02-02T12:02:07","slug":"spesialisert-oversettelse","status":"publish","type":"page","link":"https:\/\/akotetraducciones.com\/nb-nor\/spesialisert-oversettelse\/","title":{"rendered":"Spesialisert Oversettelse"},"content":{"rendered":"\t\t<div data-elementor-type=\"wp-page\" data-elementor-id=\"9469\" class=\"elementor elementor-9469 elementor-1600\">\n\t\t\t\t\t\t\t<div class=\"elementor-element elementor-element-6863e1e e-con-full e-flex lakit-col-width-auto-no e-container e-root-container elementor-top-section e-con e-parent\" data-id=\"6863e1e\" data-element_type=\"container\" data-settings=\"{&quot;background_background&quot;:&quot;classic&quot;,&quot;content_width&quot;:&quot;full&quot;}\" data-core-v316-plus=\"true\">\n\t\t\t\t<div class=\"elementor-element elementor-element-2c31d8a elementor-widget elementor-widget-spacer\" data-id=\"2c31d8a\" data-element_type=\"widget\" data-widget_type=\"spacer.default\">\n\t\t\t\t<div class=\"elementor-widget-container\">\n\t\t\t<style>\/*! elementor - v3.17.0 - 25-10-2023 *\/\n.elementor-column .elementor-spacer-inner{height:var(--spacer-size)}.e-con{--container-widget-width:100%}.e-con-inner>.elementor-widget-spacer,.e-con>.elementor-widget-spacer{width:var(--container-widget-width,var(--spacer-size));--align-self:var(--container-widget-align-self,initial);--flex-shrink:0}.e-con-inner>.elementor-widget-spacer>.elementor-widget-container,.e-con>.elementor-widget-spacer>.elementor-widget-container{height:100%;width:100%}.e-con-inner>.elementor-widget-spacer>.elementor-widget-container>.elementor-spacer,.e-con>.elementor-widget-spacer>.elementor-widget-container>.elementor-spacer{height:100%}.e-con-inner>.elementor-widget-spacer>.elementor-widget-container>.elementor-spacer>.elementor-spacer-inner,.e-con>.elementor-widget-spacer>.elementor-widget-container>.elementor-spacer>.elementor-spacer-inner{height:var(--container-widget-height,var(--spacer-size))}.e-con-inner>.elementor-widget-spacer.elementor-widget-empty,.e-con>.elementor-widget-spacer.elementor-widget-empty{position:relative;min-height:22px;min-width:22px}.e-con-inner>.elementor-widget-spacer.elementor-widget-empty .elementor-widget-empty-icon,.e-con>.elementor-widget-spacer.elementor-widget-empty .elementor-widget-empty-icon{position:absolute;top:0;bottom:0;left:0;right:0;margin:auto;padding:0;width:22px;height:22px}<\/style>\t\t<div class=\"elementor-spacer\">\n\t\t\t<div class=\"elementor-spacer-inner\"><\/div>\n\t\t<\/div>\n\t\t\t\t<\/div>\n\t\t\t\t<\/div>\n\t\t\t\t<div class=\"elementor-element elementor-element-2b4b3f0 elementor-widget elementor-widget-heading\" data-id=\"2b4b3f0\" data-element_type=\"widget\" data-widget_type=\"heading.default\">\n\t\t\t\t<div class=\"elementor-widget-container\">\n\t\t\t<style>\/*! elementor - v3.17.0 - 25-10-2023 *\/\n.elementor-heading-title{padding:0;margin:0;line-height:1}.elementor-widget-heading .elementor-heading-title[class*=elementor-size-]>a{color:inherit;font-size:inherit;line-height:inherit}.elementor-widget-heading .elementor-heading-title.elementor-size-small{font-size:15px}.elementor-widget-heading .elementor-heading-title.elementor-size-medium{font-size:19px}.elementor-widget-heading .elementor-heading-title.elementor-size-large{font-size:29px}.elementor-widget-heading .elementor-heading-title.elementor-size-xl{font-size:39px}.elementor-widget-heading .elementor-heading-title.elementor-size-xxl{font-size:59px}<\/style><h2 class=\"elementor-heading-title elementor-size-default\">SPESIALISERT OVERSETTELSE<\/h2>\t\t<\/div>\n\t\t\t\t<\/div>\n\t\t\t\t<div class=\"elementor-element elementor-element-bb9f223 elementor-widget elementor-widget-spacer\" data-id=\"bb9f223\" data-element_type=\"widget\" data-widget_type=\"spacer.default\">\n\t\t\t\t<div class=\"elementor-widget-container\">\n\t\t\t\t\t<div class=\"elementor-spacer\">\n\t\t\t<div class=\"elementor-spacer-inner\"><\/div>\n\t\t<\/div>\n\t\t\t\t<\/div>\n\t\t\t\t<\/div>\n\t\t\t\t<\/div>\n\t\t<div class=\"elementor-element elementor-element-2ae9604 e-flex e-con-boxed lakit-col-width-auto-no e-container e-root-container elementor-top-section e-con e-parent\" data-id=\"2ae9604\" data-element_type=\"container\" data-settings=\"{&quot;content_width&quot;:&quot;boxed&quot;}\" data-core-v316-plus=\"true\">\n\t\t\t\t\t<div class=\"e-con-inner\">\n\t\t<div class=\"elementor-element elementor-element-27b5bf9 e-flex e-con-boxed lakit-col-width-auto-no e-container e-con e-child\" data-id=\"27b5bf9\" data-element_type=\"container\" data-settings=\"{&quot;content_width&quot;:&quot;boxed&quot;}\">\n\t\t\t\t\t<div class=\"e-con-inner\">\n\t\t\t\t<div class=\"elementor-element elementor-element-881b2a2 elementor-invisible lakit-has-entrance-animation elementor-widget elementor-widget-heading\" data-id=\"881b2a2\" data-element_type=\"widget\" data-settings=\"{&quot;_animation&quot;:&quot;rollIn&quot;,&quot;_animation_laptop&quot;:&quot;fadeInDown&quot;}\" data-widget_type=\"heading.default\">\n\t\t\t\t<div class=\"elementor-widget-container\">\n\t\t\t<p class=\"elementor-heading-title elementor-size-default\">TEKNISK OVERSETTELSE<\/p>\t\t<\/div>\n\t\t\t\t<\/div>\n\t\t\t\t<div class=\"elementor-element elementor-element-1bb3fcf elementor-widget elementor-widget-text-editor\" data-id=\"1bb3fcf\" data-element_type=\"widget\" data-widget_type=\"text-editor.default\">\n\t\t\t\t<div class=\"elementor-widget-container\">\n\t\t\t<style>\/*! elementor - v3.17.0 - 25-10-2023 *\/\n.elementor-widget-text-editor.elementor-drop-cap-view-stacked .elementor-drop-cap{background-color:#69727d;color:#fff}.elementor-widget-text-editor.elementor-drop-cap-view-framed .elementor-drop-cap{color:#69727d;border:3px solid;background-color:transparent}.elementor-widget-text-editor:not(.elementor-drop-cap-view-default) .elementor-drop-cap{margin-top:8px}.elementor-widget-text-editor:not(.elementor-drop-cap-view-default) .elementor-drop-cap-letter{width:1em;height:1em}.elementor-widget-text-editor .elementor-drop-cap{float:left;text-align:center;line-height:1;font-size:50px}.elementor-widget-text-editor .elementor-drop-cap-letter{display:inline-block}<\/style>\t\t\t\t<p>BYGGETEKNIKK, FLYPLASSRELATERT, ARKITEKTUR\/BYGNINGSARBEID, FORNYBAR ENERGI OSV.<\/p>\n\t\t\t\t\t\t<\/div>\n\t\t\t\t<\/div>\n\t\t\t\t<div class=\"elementor-element elementor-element-9c6fcca elementor-widget elementor-widget-text-editor\" data-id=\"9c6fcca\" data-element_type=\"widget\" data-widget_type=\"text-editor.default\">\n\t\t\t\t<div class=\"elementor-widget-container\">\n\t\t\t\t\t\t\t<p>P\u00e5 dette feltet er <strong>oversettelsene<\/strong> ofte en del av sv\u00e6rt omfattende prosjekter med knappe tidsfrister, der effektivt lagarbeid er n\u00f8dvendig *(to eller flere oversettere, inkl.*(to eller flere oversettere, inkl. korrekturleserrollen). Her drar vi nytte av v\u00e5r brede og nyttige erfaring med v\u00e5re kunder i ingeni\u00f8rbransjen, som har utvidet virksomheten sin til land som Tyrkia, Brasil, Norge og Saudi-Arabia.<\/p>\n\t\t\t\t\t\t<\/div>\n\t\t\t\t<\/div>\n\t\t\t\t\t<\/div>\n\t\t\t\t<\/div>\n\t\t<div class=\"elementor-element elementor-element-54cafeb e-flex e-con-boxed lakit-col-width-auto-no e-container e-con e-child\" data-id=\"54cafeb\" data-element_type=\"container\" data-settings=\"{&quot;content_width&quot;:&quot;boxed&quot;}\">\n\t\t\t\t\t<div class=\"e-con-inner\">\n\t\t\t\t<div class=\"elementor-element elementor-element-7672b00 elementor-invisible lakit-has-entrance-animation elementor-widget elementor-widget-heading\" data-id=\"7672b00\" data-element_type=\"widget\" data-settings=\"{&quot;_animation&quot;:&quot;rollIn&quot;,&quot;_animation_laptop&quot;:&quot;fadeInDown&quot;}\" data-widget_type=\"heading.default\">\n\t\t\t\t<div class=\"elementor-widget-container\">\n\t\t\t<p class=\"elementor-heading-title elementor-size-default\">FINANSRELATERT OVERSETTELSE<\/p>\t\t<\/div>\n\t\t\t\t<\/div>\n\t\t\t\t<div class=\"elementor-element elementor-element-f838fe8 elementor-widget elementor-widget-spacer\" data-id=\"f838fe8\" data-element_type=\"widget\" data-widget_type=\"spacer.default\">\n\t\t\t\t<div class=\"elementor-widget-container\">\n\t\t\t\t\t<div class=\"elementor-spacer\">\n\t\t\t<div class=\"elementor-spacer-inner\"><\/div>\n\t\t<\/div>\n\t\t\t\t<\/div>\n\t\t\t\t<\/div>\n\t\t\t\t<div class=\"elementor-element elementor-element-d8fd9ba elementor-widget elementor-widget-text-editor\" data-id=\"d8fd9ba\" data-element_type=\"widget\" data-widget_type=\"text-editor.default\">\n\t\t\t\t<div class=\"elementor-widget-container\">\n\t\t\t\t\t\t\t<p>For <strong>oversettelser<\/strong> av dokumenter tilknyttet denne sektoren m\u00e5 man bruke h\u00f8yt <strong>spesialiserte oversettere.<\/strong> Vi oversetter regelemessig: \u00e5rsregnskaper, balanser, \u00e5rsrapporter, resultatregnskap, revisjonsrapporter, \u00e5rsberetninger, banksertifikater, kontoutskrifter o.l.<\/p>\n\t\t\t\t\t\t<\/div>\n\t\t\t\t<\/div>\n\t\t\t\t\t<\/div>\n\t\t\t\t<\/div>\n\t\t\t\t\t<\/div>\n\t\t\t\t<\/div>\n\t\t<div class=\"elementor-element elementor-element-884ff74 e-flex e-con-boxed lakit-col-width-auto-no e-container e-root-container elementor-top-section e-con e-parent\" data-id=\"884ff74\" data-element_type=\"container\" data-settings=\"{&quot;content_width&quot;:&quot;boxed&quot;}\" data-core-v316-plus=\"true\">\n\t\t\t\t\t<div class=\"e-con-inner\">\n\t\t<div class=\"elementor-element elementor-element-bfc75e8 e-con-full e-flex lakit-col-width-auto-no e-container e-con e-child\" data-id=\"bfc75e8\" data-element_type=\"container\" data-settings=\"{&quot;content_width&quot;:&quot;full&quot;}\">\n\t\t\t\t<div class=\"elementor-element elementor-element-a3f88f6 elementor-invisible lakit-has-entrance-animation elementor-widget elementor-widget-heading\" data-id=\"a3f88f6\" data-element_type=\"widget\" data-settings=\"{&quot;_animation&quot;:&quot;rollIn&quot;,&quot;_animation_laptop&quot;:&quot;fadeInDown&quot;}\" data-widget_type=\"heading.default\">\n\t\t\t\t<div class=\"elementor-widget-container\">\n\t\t\t<p class=\"elementor-heading-title elementor-size-default\">OVERSETTELSE FOR BILBRANSJEN<\/p>\t\t<\/div>\n\t\t\t\t<\/div>\n\t\t\t\t<div class=\"elementor-element elementor-element-f7e69ac elementor-widget elementor-widget-text-editor\" data-id=\"f7e69ac\" data-element_type=\"widget\" data-widget_type=\"text-editor.default\">\n\t\t\t\t<div class=\"elementor-widget-container\">\n\t\t\t\t\t\t\t<p>Vi <strong>oversetter<\/strong> brukerh\u00e5ndb\u00f8ker, motorkataloger og kvartalsvise tidsskrifter med fokus p\u00e5 motor. Hvis det skulle v\u00e6re n\u00f8dvendig, kan Akot\u00e9s <strong>oversettere<\/strong> dra ut til kundenes kontorer for \u00e5 <strong>oversette<\/strong> visse dokumenter som av sikkerhetsgrunner ikke kan sendes ut, slik vi allerede har gjort i mange tilfeller.<\/p>\n\t\t\t\t\t\t<\/div>\n\t\t\t\t<\/div>\n\t\t\t\t<div class=\"elementor-element elementor-element-61cb43d elementor-invisible lakit-has-entrance-animation elementor-widget elementor-widget-heading\" data-id=\"61cb43d\" data-element_type=\"widget\" data-settings=\"{&quot;_animation&quot;:&quot;rollIn&quot;,&quot;_animation_laptop&quot;:&quot;fadeInDown&quot;}\" data-widget_type=\"heading.default\">\n\t\t\t\t<div class=\"elementor-widget-container\">\n\t\t\t<p class=\"elementor-heading-title elementor-size-default\">MEDISINSK OVERSETTELSE<\/p>\t\t<\/div>\n\t\t\t\t<\/div>\n\t\t\t\t<div class=\"elementor-element elementor-element-50d332a elementor-widget elementor-widget-text-editor\" data-id=\"50d332a\" data-element_type=\"widget\" data-widget_type=\"text-editor.default\">\n\t\t\t\t<div class=\"elementor-widget-container\">\n\t\t\t\t\t\t\t<p>Vi har en stab av <strong>oversettere<\/strong> med utstrakt erfaring innen ulike medisinske spesialomr\u00e5der. I l\u00f8pet av \u00e5rene har teamet v\u00e5rt vokst, og vi kan oppfylle alle v\u00e5re kunders behov uansett hvilket omr\u00e5de innen medisinen det er snakk om. Vi <strong>oversetter<\/strong> medisinske unders\u00f8kelser, kliniske studier, publiserte artikler fra viktige tidsskrifter, forskningsprosjekter osv.<\/p>\n\t\t\t\t\t\t<\/div>\n\t\t\t\t<\/div>\n\t\t\t\t<\/div>\n\t\t<div class=\"elementor-element elementor-element-43fa270 e-con-full e-flex lakit-col-width-auto-no e-container e-con e-child\" data-id=\"43fa270\" data-element_type=\"container\" data-settings=\"{&quot;content_width&quot;:&quot;full&quot;,&quot;background_background&quot;:&quot;classic&quot;}\">\n\t\t\t\t<div class=\"elementor-element elementor-element-d77016c elementor-invisible lakit-has-entrance-animation elementor-widget elementor-widget-heading\" data-id=\"d77016c\" data-element_type=\"widget\" data-settings=\"{&quot;_animation&quot;:&quot;rollIn&quot;,&quot;_animation_laptop&quot;:&quot;fadeInDown&quot;}\" data-widget_type=\"heading.default\">\n\t\t\t\t<div class=\"elementor-widget-container\">\n\t\t\t<p class=\"elementor-heading-title elementor-size-default\">OVERSETTELSE AV PROGRAMVARE<\/p>\t\t<\/div>\n\t\t\t\t<\/div>\n\t\t\t\t<div class=\"elementor-element elementor-element-54f1b78 elementor-widget elementor-widget-text-editor\" data-id=\"54f1b78\" data-element_type=\"widget\" data-widget_type=\"text-editor.default\">\n\t\t\t\t<div class=\"elementor-widget-container\">\n\t\t\t\t\t\t\t<p>Disse prosjektene er sv\u00e6rt kompliserte, og n\u00f8ye planlegging og en grundig forh\u00e5ndsanalyse er n\u00f8dvendig. Man m\u00e5 f\u00f8lge instruksjoner og\/eller eksisterende stilveiledninger under oversettelsen av alle elementene i det grafiske grensesnittet.<\/p>\n\t\t\t\t\t\t<\/div>\n\t\t\t\t<\/div>\n\t\t\t\t<div class=\"elementor-element elementor-element-b891cad elementor-widget elementor-widget-spacer\" data-id=\"b891cad\" data-element_type=\"widget\" data-widget_type=\"spacer.default\">\n\t\t\t\t<div class=\"elementor-widget-container\">\n\t\t\t\t\t<div class=\"elementor-spacer\">\n\t\t\t<div class=\"elementor-spacer-inner\"><\/div>\n\t\t<\/div>\n\t\t\t\t<\/div>\n\t\t\t\t<\/div>\n\t\t\t\t<div class=\"elementor-element elementor-element-d163b06 elementor-invisible lakit-has-entrance-animation elementor-widget elementor-widget-heading\" data-id=\"d163b06\" data-element_type=\"widget\" data-settings=\"{&quot;_animation&quot;:&quot;rollIn&quot;,&quot;_animation_laptop&quot;:&quot;fadeInDown&quot;}\" data-widget_type=\"heading.default\">\n\t\t\t\t<div class=\"elementor-widget-container\">\n\t\t\t<p class=\"elementor-heading-title elementor-size-default\">JURIDISK OVERSETTELSE<\/p>\t\t<\/div>\n\t\t\t\t<\/div>\n\t\t\t\t<div class=\"elementor-element elementor-element-7b0794e elementor-widget elementor-widget-text-editor\" data-id=\"7b0794e\" data-element_type=\"widget\" data-widget_type=\"text-editor.default\">\n\t\t\t\t<div class=\"elementor-widget-container\">\n\t\t\t\t\t\t\t<p><strong>Oversettelsestjenester<\/strong> for stevninger, dommer og all slags dokumentasjon i forbindelse med rettstvister i utlandet der v\u00e5re kunder er involvert. Vi vet og tar hensyn til at disse oppdragene ofte har strenge leveringskrav som m\u00e5 overholdes, b\u00e5de n\u00e5r det gjelder hvordan og n\u00e5r de skal leveres<\/p>\n\t\t\t\t\t\t<\/div>\n\t\t\t\t<\/div>\n\t\t\t\t<\/div>\n\t\t\t\t\t<\/div>\n\t\t\t\t<\/div>\n\t\t<div class=\"elementor-element elementor-element-86b96e2 e-flex e-con-boxed lakit-col-width-auto-no e-container e-root-container elementor-top-section e-con e-parent\" data-id=\"86b96e2\" data-element_type=\"container\" data-settings=\"{&quot;content_width&quot;:&quot;boxed&quot;}\" data-core-v316-plus=\"true\">\n\t\t\t\t\t<div class=\"e-con-inner\">\n\t\t<div class=\"elementor-element elementor-element-9cb9241 e-con-full e-flex lakit-col-width-auto-no e-container e-con e-child\" data-id=\"9cb9241\" data-element_type=\"container\" data-settings=\"{&quot;content_width&quot;:&quot;full&quot;}\">\n\t\t\t\t<div class=\"elementor-element elementor-element-9e5d3b0 elementor-invisible lakit-has-entrance-animation elementor-widget elementor-widget-heading\" data-id=\"9e5d3b0\" data-element_type=\"widget\" data-settings=\"{&quot;_animation&quot;:&quot;rollIn&quot;,&quot;_animation_laptop&quot;:&quot;fadeInDown&quot;}\" data-widget_type=\"heading.default\">\n\t\t\t\t<div class=\"elementor-widget-container\">\n\t\t\t<p class=\"elementor-heading-title elementor-size-default\">OVERSETTELSE FOR MARKEDSF\u00d8RINGS- OG\nREKLAMEBRANSJEN<\/p>\t\t<\/div>\n\t\t\t\t<\/div>\n\t\t\t\t<div class=\"elementor-element elementor-element-ca66dd1 elementor-widget elementor-widget-text-editor\" data-id=\"ca66dd1\" data-element_type=\"widget\" data-widget_type=\"text-editor.default\">\n\t\t\t\t<div class=\"elementor-widget-container\">\n\t\t\t\t\t\t\t<p>Vi bruker <strong>oversettere<\/strong> med kreative profiler til disse oppdragene. De mest vanlige <strong>oversettelsene<\/strong> er produktpresentasjoner, pressemeldinger, tidsskriftartikler, kampanjer og markedsf\u00f8ringsmateriell. Vi jobber med mote-, bil-, forsikrings-, matvare- og bankbransjen osv.<\/p>\n\t\t\t\t\t\t<\/div>\n\t\t\t\t<\/div>\n\t\t\t\t<div class=\"elementor-element elementor-element-503642d elementor-widget elementor-widget-spacer\" data-id=\"503642d\" data-element_type=\"widget\" data-widget_type=\"spacer.default\">\n\t\t\t\t<div class=\"elementor-widget-container\">\n\t\t\t\t\t<div class=\"elementor-spacer\">\n\t\t\t<div class=\"elementor-spacer-inner\"><\/div>\n\t\t<\/div>\n\t\t\t\t<\/div>\n\t\t\t\t<\/div>\n\t\t\t\t<\/div>\n\t\t<div class=\"elementor-element elementor-element-acd9a57 e-con-full e-flex lakit-col-width-auto-no e-container e-con e-child\" data-id=\"acd9a57\" data-element_type=\"container\" data-settings=\"{&quot;content_width&quot;:&quot;full&quot;}\">\n\t\t\t\t<div class=\"elementor-element elementor-element-bba04fb elementor-invisible lakit-has-entrance-animation elementor-widget elementor-widget-heading\" data-id=\"bba04fb\" data-element_type=\"widget\" data-settings=\"{&quot;_animation&quot;:&quot;rollIn&quot;,&quot;_animation_laptop&quot;:&quot;fadeInDown&quot;}\" data-widget_type=\"heading.default\">\n\t\t\t\t<div class=\"elementor-widget-container\">\n\t\t\t<p class=\"elementor-heading-title elementor-size-default\"> AUDIOVISUELL OVERSETTELSE<\/p>\t\t<\/div>\n\t\t\t\t<\/div>\n\t\t\t\t<div class=\"elementor-element elementor-element-d037b38 elementor-widget elementor-widget-spacer\" data-id=\"d037b38\" data-element_type=\"widget\" data-widget_type=\"spacer.default\">\n\t\t\t\t<div class=\"elementor-widget-container\">\n\t\t\t\t\t<div class=\"elementor-spacer\">\n\t\t\t<div class=\"elementor-spacer-inner\"><\/div>\n\t\t<\/div>\n\t\t\t\t<\/div>\n\t\t\t\t<\/div>\n\t\t\t\t<div class=\"elementor-element elementor-element-e0961b1 elementor-widget elementor-widget-text-editor\" data-id=\"e0961b1\" data-element_type=\"widget\" data-widget_type=\"text-editor.default\">\n\t\t\t\t<div class=\"elementor-widget-container\">\n\t\t\t\t\t\t\t<p>Vi <strong>oversetter<\/strong> treatment til reklamefilmer og manus for audiovisuelle produsenter. P\u00e5 samme m\u00e5te som innen markedsf\u00f8rings- og reklamesektoren, er kreativitet grunnleggende ved <strong>oversettelser<\/strong> for den audiovisuelle sektoren.<\/p>\n\t\t\t\t\t\t<\/div>\n\t\t\t\t<\/div>\n\t\t\t\t<div class=\"elementor-element elementor-element-fe4ef3c elementor-widget elementor-widget-spacer\" data-id=\"fe4ef3c\" data-element_type=\"widget\" data-widget_type=\"spacer.default\">\n\t\t\t\t<div class=\"elementor-widget-container\">\n\t\t\t\t\t<div class=\"elementor-spacer\">\n\t\t\t<div class=\"elementor-spacer-inner\"><\/div>\n\t\t<\/div>\n\t\t\t\t<\/div>\n\t\t\t\t<\/div>\n\t\t\t\t<\/div>\n\t\t\t\t\t<\/div>\n\t\t\t\t<\/div>\n\t\t\t\t\t\t\t<\/div>\n\t\t","protected":false},"excerpt":{"rendered":"<p>SPESIALISERT OVERSETTELSE TEKNISK OVERSETTELSE BYGGETEKNIKK, FLYPLASSRELATERT, ARKITEKTUR\/BYGNINGSARBEID, FORNYBAR ENERGI OSV. P\u00e5 dette feltet er oversettelsene ofte en del av sv\u00e6rt omfattende prosjekter med knappe tidsfrister, der effektivt lagarbeid er n\u00f8dvendig *(to eller flere oversettere, inkl.*(to eller flere [&hellip;]<\/p>\n","protected":false},"author":1,"featured_media":7456,"parent":0,"menu_order":0,"comment_status":"closed","ping_status":"closed","template":"","meta":{"footnotes":""},"class_list":["post-9469","page","type-page","status-publish","has-post-thumbnail","hentry"],"_links":{"self":[{"href":"https:\/\/akotetraducciones.com\/nb-nor\/wp-json\/wp\/v2\/pages\/9469","targetHints":{"allow":["GET"]}}],"collection":[{"href":"https:\/\/akotetraducciones.com\/nb-nor\/wp-json\/wp\/v2\/pages"}],"about":[{"href":"https:\/\/akotetraducciones.com\/nb-nor\/wp-json\/wp\/v2\/types\/page"}],"author":[{"embeddable":true,"href":"https:\/\/akotetraducciones.com\/nb-nor\/wp-json\/wp\/v2\/users\/1"}],"replies":[{"embeddable":true,"href":"https:\/\/akotetraducciones.com\/nb-nor\/wp-json\/wp\/v2\/comments?post=9469"}],"version-history":[{"count":13,"href":"https:\/\/akotetraducciones.com\/nb-nor\/wp-json\/wp\/v2\/pages\/9469\/revisions"}],"predecessor-version":[{"id":10537,"href":"https:\/\/akotetraducciones.com\/nb-nor\/wp-json\/wp\/v2\/pages\/9469\/revisions\/10537"}],"wp:featuredmedia":[{"embeddable":true,"href":"https:\/\/akotetraducciones.com\/nb-nor\/wp-json\/wp\/v2\/media\/7456"}],"wp:attachment":[{"href":"https:\/\/akotetraducciones.com\/nb-nor\/wp-json\/wp\/v2\/media?parent=9469"}],"curies":[{"name":"wp","href":"https:\/\/api.w.org\/{rel}","templated":true}]}}