{"id":9479,"date":"2024-01-29T15:46:24","date_gmt":"2024-01-29T14:46:24","guid":{"rendered":"https:\/\/velectra.es\/akote\/statsautorisert-oversettelse\/"},"modified":"2024-02-02T12:03:43","modified_gmt":"2024-02-02T12:03:43","slug":"statsautorisert-oversettelse","status":"publish","type":"page","link":"https:\/\/akotetraducciones.com\/nb-nor\/statsautorisert-oversettelse\/","title":{"rendered":"Statsautorisert Overrsettelse"},"content":{"rendered":"\t\t<div data-elementor-type=\"wp-page\" data-elementor-id=\"9479\" class=\"elementor elementor-9479 elementor-9101\">\n\t\t\t\t\t\t\t<div class=\"elementor-element elementor-element-6863e1e e-con-full e-flex lakit-col-width-auto-no e-container e-root-container elementor-top-section e-con e-parent\" data-id=\"6863e1e\" data-element_type=\"container\" data-settings=\"{&quot;background_background&quot;:&quot;classic&quot;,&quot;content_width&quot;:&quot;full&quot;}\" data-core-v316-plus=\"true\">\n\t\t\t\t<div class=\"elementor-element elementor-element-2c31d8a elementor-widget elementor-widget-spacer\" data-id=\"2c31d8a\" data-element_type=\"widget\" data-widget_type=\"spacer.default\">\n\t\t\t\t<div class=\"elementor-widget-container\">\n\t\t\t<style>\/*! elementor - v3.17.0 - 25-10-2023 *\/\n.elementor-column .elementor-spacer-inner{height:var(--spacer-size)}.e-con{--container-widget-width:100%}.e-con-inner>.elementor-widget-spacer,.e-con>.elementor-widget-spacer{width:var(--container-widget-width,var(--spacer-size));--align-self:var(--container-widget-align-self,initial);--flex-shrink:0}.e-con-inner>.elementor-widget-spacer>.elementor-widget-container,.e-con>.elementor-widget-spacer>.elementor-widget-container{height:100%;width:100%}.e-con-inner>.elementor-widget-spacer>.elementor-widget-container>.elementor-spacer,.e-con>.elementor-widget-spacer>.elementor-widget-container>.elementor-spacer{height:100%}.e-con-inner>.elementor-widget-spacer>.elementor-widget-container>.elementor-spacer>.elementor-spacer-inner,.e-con>.elementor-widget-spacer>.elementor-widget-container>.elementor-spacer>.elementor-spacer-inner{height:var(--container-widget-height,var(--spacer-size))}.e-con-inner>.elementor-widget-spacer.elementor-widget-empty,.e-con>.elementor-widget-spacer.elementor-widget-empty{position:relative;min-height:22px;min-width:22px}.e-con-inner>.elementor-widget-spacer.elementor-widget-empty .elementor-widget-empty-icon,.e-con>.elementor-widget-spacer.elementor-widget-empty .elementor-widget-empty-icon{position:absolute;top:0;bottom:0;left:0;right:0;margin:auto;padding:0;width:22px;height:22px}<\/style>\t\t<div class=\"elementor-spacer\">\n\t\t\t<div class=\"elementor-spacer-inner\"><\/div>\n\t\t<\/div>\n\t\t\t\t<\/div>\n\t\t\t\t<\/div>\n\t\t\t\t<div class=\"elementor-element elementor-element-2b4b3f0 elementor-widget elementor-widget-heading\" data-id=\"2b4b3f0\" data-element_type=\"widget\" data-widget_type=\"heading.default\">\n\t\t\t\t<div class=\"elementor-widget-container\">\n\t\t\t<style>\/*! elementor - v3.17.0 - 25-10-2023 *\/\n.elementor-heading-title{padding:0;margin:0;line-height:1}.elementor-widget-heading .elementor-heading-title[class*=elementor-size-]>a{color:inherit;font-size:inherit;line-height:inherit}.elementor-widget-heading .elementor-heading-title.elementor-size-small{font-size:15px}.elementor-widget-heading .elementor-heading-title.elementor-size-medium{font-size:19px}.elementor-widget-heading .elementor-heading-title.elementor-size-large{font-size:29px}.elementor-widget-heading .elementor-heading-title.elementor-size-xl{font-size:39px}.elementor-widget-heading .elementor-heading-title.elementor-size-xxl{font-size:59px}<\/style><h2 class=\"elementor-heading-title elementor-size-default\">STATSAUTORISERT OVERSETTELSE<\/h2>\t\t<\/div>\n\t\t\t\t<\/div>\n\t\t\t\t<div class=\"elementor-element elementor-element-bb9f223 elementor-widget elementor-widget-spacer\" data-id=\"bb9f223\" data-element_type=\"widget\" data-widget_type=\"spacer.default\">\n\t\t\t\t<div class=\"elementor-widget-container\">\n\t\t\t\t\t<div class=\"elementor-spacer\">\n\t\t\t<div class=\"elementor-spacer-inner\"><\/div>\n\t\t<\/div>\n\t\t\t\t<\/div>\n\t\t\t\t<\/div>\n\t\t\t\t<\/div>\n\t\t<div class=\"elementor-element elementor-element-2ae9604 e-flex e-con-boxed lakit-col-width-auto-no e-container e-root-container elementor-top-section e-con e-parent\" data-id=\"2ae9604\" data-element_type=\"container\" data-settings=\"{&quot;content_width&quot;:&quot;boxed&quot;}\" data-core-v316-plus=\"true\">\n\t\t\t\t\t<div class=\"e-con-inner\">\n\t\t<div class=\"elementor-element elementor-element-27b5bf9 e-flex e-con-boxed lakit-col-width-auto-no e-container e-con e-child\" data-id=\"27b5bf9\" data-element_type=\"container\" data-settings=\"{&quot;content_width&quot;:&quot;boxed&quot;}\">\n\t\t\t\t\t<div class=\"e-con-inner\">\n\t\t\t\t<div class=\"elementor-element elementor-element-1bb3fcf elementor-widget elementor-widget-text-editor\" data-id=\"1bb3fcf\" data-element_type=\"widget\" data-widget_type=\"text-editor.default\">\n\t\t\t\t<div class=\"elementor-widget-container\">\n\t\t\t<style>\/*! elementor - v3.17.0 - 25-10-2023 *\/\n.elementor-widget-text-editor.elementor-drop-cap-view-stacked .elementor-drop-cap{background-color:#69727d;color:#fff}.elementor-widget-text-editor.elementor-drop-cap-view-framed .elementor-drop-cap{color:#69727d;border:3px solid;background-color:transparent}.elementor-widget-text-editor:not(.elementor-drop-cap-view-default) .elementor-drop-cap{margin-top:8px}.elementor-widget-text-editor:not(.elementor-drop-cap-view-default) .elementor-drop-cap-letter{width:1em;height:1em}.elementor-widget-text-editor .elementor-drop-cap{float:left;text-align:center;line-height:1;font-size:50px}.elementor-widget-text-editor .elementor-drop-cap-letter{display:inline-block}<\/style>\t\t\t\t<p>HOS AKOT\u00c9 HAR VI ET BREDT OG VARIERT TEAM AV STATSAUTORISERTE OVERSETTERE SOM ER H\u00d8YT KVALIFISERTE OG SPESIALISERTE, SLIK AT VI ALLTID KAN DEKKE V\u00c5RE KUNDERS BEHOV. ETTER AT OVERSETTELSESARBEIDET ER GJORT, SIGNERER OG STEMPLER OVERSETTERNE V\u00c5RE DOKUMENTENE SLIK AT DE DERMED F\u00c5R SAMME JURIDISKE GYLDIGHET SOM ORIGINALENE.<\/p>\n\t\t\t\t\t\t<\/div>\n\t\t\t\t<\/div>\n\t\t\t\t\t<\/div>\n\t\t\t\t<\/div>\n\t\t\t\t\t<\/div>\n\t\t\t\t<\/div>\n\t\t<div class=\"elementor-element elementor-element-884ff74 e-flex e-con-boxed lakit-col-width-auto-no e-container e-root-container elementor-top-section e-con e-parent\" data-id=\"884ff74\" data-element_type=\"container\" data-settings=\"{&quot;content_width&quot;:&quot;boxed&quot;}\" data-core-v316-plus=\"true\">\n\t\t\t\t\t<div class=\"e-con-inner\">\n\t\t<div class=\"elementor-element elementor-element-bfc75e8 e-con-full e-flex lakit-col-width-auto-no e-container e-con e-child\" data-id=\"bfc75e8\" data-element_type=\"container\" data-settings=\"{&quot;content_width&quot;:&quot;full&quot;,&quot;background_background&quot;:&quot;classic&quot;}\">\n\t\t\t\t<\/div>\n\t\t<div class=\"elementor-element elementor-element-43fa270 e-con-full e-flex lakit-col-width-auto-no e-container e-con e-child\" data-id=\"43fa270\" data-element_type=\"container\" data-settings=\"{&quot;content_width&quot;:&quot;full&quot;}\">\n\t\t\t\t<div class=\"elementor-element elementor-element-9c6fcca elementor-widget elementor-widget-text-editor\" data-id=\"9c6fcca\" data-element_type=\"widget\" data-widget_type=\"text-editor.default\">\n\t\t\t\t<div class=\"elementor-widget-container\">\n\t\t\t\t\t\t\t<p>Av erfaringen v\u00e5r b\u00f8r samarbeidet med multinasjonale selskaper spesielt nevnes, der vi oversetter all n\u00f8dvendig dokumentasjon i forbindelse med overf\u00f8ringer av personale fra et land til et annet, for eksempel:<\/p>\t\t\t\t\t\t<\/div>\n\t\t\t\t<\/div>\n\t\t\t\t<div class=\"elementor-element elementor-element-54f1b78 elementor-widget elementor-widget-text-editor\" data-id=\"54f1b78\" data-element_type=\"widget\" data-widget_type=\"text-editor.default\">\n\t\t\t\t<div class=\"elementor-widget-container\">\n\t\t\t\t\t\t\t<p>Arbeidskontrakter<\/p>\n<p>F\u00f8dsels- og vielsesattester<\/p>\n<p>Vandelsattester<\/p>\n<p>Akademiske diplomer og vitnem\u00e5l<\/p>\n<p>Legeerkl\u00e6ringer<\/p>\n\t\t\t\t\t\t<\/div>\n\t\t\t\t<\/div>\n\t\t\t\t<div class=\"elementor-element elementor-element-b891cad elementor-widget elementor-widget-spacer\" data-id=\"b891cad\" data-element_type=\"widget\" data-widget_type=\"spacer.default\">\n\t\t\t\t<div class=\"elementor-widget-container\">\n\t\t\t\t\t<div class=\"elementor-spacer\">\n\t\t\t<div class=\"elementor-spacer-inner\"><\/div>\n\t\t<\/div>\n\t\t\t\t<\/div>\n\t\t\t\t<\/div>\n\t\t\t\t<div class=\"elementor-element elementor-element-7b0794e elementor-widget elementor-widget-text-editor\" data-id=\"7b0794e\" data-element_type=\"widget\" data-widget_type=\"text-editor.default\">\n\t\t\t\t<div class=\"elementor-widget-container\">\n\t\t\t\t\t\t\t<p>Vi hjelper bedrifter i ingeni\u00f8r- og byggebransjen som konkurrerer i utlandet til \u00e5 f\u00e5 kontrakter. Hovedsakelig i anbudsfasen utf\u00f8rer vi statsautoriserte juridiske, tekniske og finansrelaterte oversettelser:<\/p><p>Forskjellige slags notarialbekreftede eller tinglyste dokumenter (fullmakter, utnevnelser, &#8230;)<\/p><p>Vedtekter<\/p><p>\u00c5rsberetninger og \u00e5rsregnskaper<\/p><p>Revisjonsrapporter utenom \u00e5rsregnskapene<\/p><p>Bekreftelse av dekning av sivilrettslig erstatningsansvar<\/p><p>Offisielle bekreftelser av utf\u00f8relse av arbeider og teknisk assistanse (flyplasser, veier, broer o.l.)<\/p><p>Attester fra skattemyndigheter ISO-sertifikater<\/p><p>Bekreftelser av registrering i foretaksregister<\/p>\t\t\t\t\t\t<\/div>\n\t\t\t\t<\/div>\n\t\t\t\t<\/div>\n\t\t\t\t\t<\/div>\n\t\t\t\t<\/div>\n\t\t\t\t\t\t\t<\/div>\n\t\t","protected":false},"excerpt":{"rendered":"<p>STATSAUTORISERT OVERSETTELSE HOS AKOT\u00c9 HAR VI ET BREDT OG VARIERT TEAM AV STATSAUTORISERTE OVERSETTERE SOM ER H\u00d8YT KVALIFISERTE OG SPESIALISERTE, SLIK AT VI ALLTID KAN DEKKE V\u00c5RE KUNDERS BEHOV. ETTER AT OVERSETTELSESARBEIDET ER GJORT, SIGNERER OG STEMPLER [&hellip;]<\/p>\n","protected":false},"author":1,"featured_media":7460,"parent":0,"menu_order":0,"comment_status":"closed","ping_status":"closed","template":"","meta":{"footnotes":""},"class_list":["post-9479","page","type-page","status-publish","has-post-thumbnail","hentry"],"_links":{"self":[{"href":"https:\/\/akotetraducciones.com\/nb-nor\/wp-json\/wp\/v2\/pages\/9479","targetHints":{"allow":["GET"]}}],"collection":[{"href":"https:\/\/akotetraducciones.com\/nb-nor\/wp-json\/wp\/v2\/pages"}],"about":[{"href":"https:\/\/akotetraducciones.com\/nb-nor\/wp-json\/wp\/v2\/types\/page"}],"author":[{"embeddable":true,"href":"https:\/\/akotetraducciones.com\/nb-nor\/wp-json\/wp\/v2\/users\/1"}],"replies":[{"embeddable":true,"href":"https:\/\/akotetraducciones.com\/nb-nor\/wp-json\/wp\/v2\/comments?post=9479"}],"version-history":[{"count":11,"href":"https:\/\/akotetraducciones.com\/nb-nor\/wp-json\/wp\/v2\/pages\/9479\/revisions"}],"predecessor-version":[{"id":10540,"href":"https:\/\/akotetraducciones.com\/nb-nor\/wp-json\/wp\/v2\/pages\/9479\/revisions\/10540"}],"wp:featuredmedia":[{"embeddable":true,"href":"https:\/\/akotetraducciones.com\/nb-nor\/wp-json\/wp\/v2\/media\/7460"}],"wp:attachment":[{"href":"https:\/\/akotetraducciones.com\/nb-nor\/wp-json\/wp\/v2\/media?parent=9479"}],"curies":[{"name":"wp","href":"https:\/\/api.w.org\/{rel}","templated":true}]}}