{"id":9415,"date":"2024-01-29T17:52:08","date_gmt":"2024-01-29T16:52:08","guid":{"rendered":"https:\/\/velectra.es\/akote\/design-e-layout\/"},"modified":"2024-03-26T11:17:44","modified_gmt":"2024-03-26T10:17:44","slug":"design-e-layout","status":"publish","type":"page","link":"https:\/\/akotetraducciones.com\/pt-pt\/design-e-layout\/","title":{"rendered":"Design &#038; Layout"},"content":{"rendered":"\t\t<div data-elementor-type=\"wp-page\" data-elementor-id=\"9415\" class=\"elementor elementor-9415 elementor-9195\">\n\t\t\t\t\t\t\t<div class=\"elementor-element elementor-element-d5bbc43 e-con-full e-flex lakit-col-width-auto-no e-container e-root-container elementor-top-section e-con e-parent\" data-id=\"d5bbc43\" data-element_type=\"container\" data-settings=\"{&quot;content_width&quot;:&quot;full&quot;,&quot;background_background&quot;:&quot;classic&quot;}\" data-core-v316-plus=\"true\">\n\t\t<div class=\"elementor-element elementor-element-c4af581 e-con-full e-flex lakit-col-width-auto-no e-container e-con e-child\" data-id=\"c4af581\" data-element_type=\"container\" data-settings=\"{&quot;content_width&quot;:&quot;full&quot;}\">\n\t\t\t\t<div class=\"elementor-element elementor-element-ee28bc9 elementor-widget elementor-widget-image\" data-id=\"ee28bc9\" data-element_type=\"widget\" data-widget_type=\"image.default\">\n\t\t\t\t<div class=\"elementor-widget-container\">\n\t\t\t<style>\/*! elementor - v3.17.0 - 25-10-2023 *\/\n.elementor-widget-image{text-align:center}.elementor-widget-image a{display:inline-block}.elementor-widget-image a img[src$=\".svg\"]{width:48px}.elementor-widget-image img{vertical-align:middle;display:inline-block}<\/style>\t\t\t\t\t\t\t\t\t\t\t\t<img fetchpriority=\"high\" decoding=\"async\" width=\"2392\" height=\"1396\" src=\"https:\/\/akotetraducciones.com\/wp-content\/uploads\/2023\/11\/DISENO-Y-MAQUETACION.png\" class=\"attachment-full size-full wp-image-3474\" alt=\"\" srcset=\"https:\/\/akotetraducciones.com\/wp-content\/uploads\/2023\/11\/DISENO-Y-MAQUETACION.png 2392w, https:\/\/akotetraducciones.com\/wp-content\/uploads\/2023\/11\/DISENO-Y-MAQUETACION-1536x896.png 1536w, https:\/\/akotetraducciones.com\/wp-content\/uploads\/2023\/11\/DISENO-Y-MAQUETACION-2048x1195.png 2048w\" sizes=\"(max-width: 2392px) 100vw, 2392px\" \/>\t\t\t\t\t\t\t\t\t\t\t\t\t\t\t<\/div>\n\t\t\t\t<\/div>\n\t\t\t\t<\/div>\n\t\t<div class=\"elementor-element elementor-element-f5adadc e-con-full e-flex lakit-col-width-auto-no e-container e-con e-child\" data-id=\"f5adadc\" data-element_type=\"container\" data-settings=\"{&quot;content_width&quot;:&quot;full&quot;}\">\n\t\t\t\t<div class=\"elementor-element elementor-element-2b4b3f0 elementor-invisible lakit-has-entrance-animation elementor-widget elementor-widget-heading\" data-id=\"2b4b3f0\" data-element_type=\"widget\" data-settings=\"{&quot;motion_fx_motion_fx_mouse&quot;:&quot;yes&quot;,&quot;motion_fx_mouseTrack_effect&quot;:&quot;yes&quot;,&quot;motion_fx_mouseTrack_direction&quot;:&quot;negative&quot;,&quot;_animation&quot;:&quot;fadeInLeft&quot;,&quot;motion_fx_mouseTrack_speed&quot;:{&quot;unit&quot;:&quot;px&quot;,&quot;size&quot;:1,&quot;sizes&quot;:[]}}\" data-widget_type=\"heading.default\">\n\t\t\t\t<div class=\"elementor-widget-container\">\n\t\t\t<style>\/*! elementor - v3.17.0 - 25-10-2023 *\/\n.elementor-heading-title{padding:0;margin:0;line-height:1}.elementor-widget-heading .elementor-heading-title[class*=elementor-size-]>a{color:inherit;font-size:inherit;line-height:inherit}.elementor-widget-heading .elementor-heading-title.elementor-size-small{font-size:15px}.elementor-widget-heading .elementor-heading-title.elementor-size-medium{font-size:19px}.elementor-widget-heading .elementor-heading-title.elementor-size-large{font-size:29px}.elementor-widget-heading .elementor-heading-title.elementor-size-xl{font-size:39px}.elementor-widget-heading .elementor-heading-title.elementor-size-xxl{font-size:59px}<\/style><h2 class=\"elementor-heading-title elementor-size-default\">DESIGN E LAYOUT<\/h2>\t\t<\/div>\n\t\t\t\t<\/div>\n\t\t\t\t<div class=\"elementor-element elementor-element-1bb3fcf elementor-widget elementor-widget-text-editor\" data-id=\"1bb3fcf\" data-element_type=\"widget\" data-widget_type=\"text-editor.default\">\n\t\t\t\t<div class=\"elementor-widget-container\">\n\t\t\t<style>\/*! elementor - v3.17.0 - 25-10-2023 *\/\n.elementor-widget-text-editor.elementor-drop-cap-view-stacked .elementor-drop-cap{background-color:#69727d;color:#fff}.elementor-widget-text-editor.elementor-drop-cap-view-framed .elementor-drop-cap{color:#69727d;border:3px solid;background-color:transparent}.elementor-widget-text-editor:not(.elementor-drop-cap-view-default) .elementor-drop-cap{margin-top:8px}.elementor-widget-text-editor:not(.elementor-drop-cap-view-default) .elementor-drop-cap-letter{width:1em;height:1em}.elementor-widget-text-editor .elementor-drop-cap{float:left;text-align:center;line-height:1;font-size:50px}.elementor-widget-text-editor .elementor-drop-cap-letter{display:inline-block}<\/style>\t\t\t\t<p>GERIMOS O PROCESSO COMPLETO DESDE A TRADU\u00c7\u00c3O, DESIGN E LAYOUT AT\u00c9 \u00c0 IMPRESS\u00c3O.<\/p><p>A ENTREGA DE TRADU\u00c7\u00d5ES NOS MESMOS FORMATOS A PARTIR DE DOCUMENTOS N\u00c3O EDIT\u00c1VEIS REQUER UM TRABALHO PROFISSIONAL.<\/p><p>OS NOSSOS CLIENTES SABEM-NO.<\/p>\t\t\t\t\t\t<\/div>\n\t\t\t\t<\/div>\n\t\t\t\t<\/div>\n\t\t\t\t<\/div>\n\t\t<div class=\"elementor-element elementor-element-1a974a0 e-flex e-con-boxed lakit-col-width-auto-no e-container e-root-container elementor-top-section e-con e-parent\" data-id=\"1a974a0\" data-element_type=\"container\" data-settings=\"{&quot;content_width&quot;:&quot;boxed&quot;}\" data-core-v316-plus=\"true\">\n\t\t\t\t\t<div class=\"e-con-inner\">\n\t\t\t\t<div class=\"elementor-element elementor-element-926ecaa elementor-widget elementor-widget-text-editor\" data-id=\"926ecaa\" data-element_type=\"widget\" data-widget_type=\"text-editor.default\">\n\t\t\t\t<div class=\"elementor-widget-container\">\n\t\t\t\t\t\t\t<p>Na Akot\u00e9, oferecemos solu\u00e7\u00f5es integrais de design e layout atrav\u00e9s do uso de programas como:<\/p><p style=\"text-align: center;\"><strong>InDesign, QuarkXpress e Illustrator.<\/strong><\/p><p>Pela nossa experi\u00eancia, sabemos que este servi\u00e7o \u00e9 fundamental para o cliente, especialmente quando \u00e9 necess\u00e1rio traduzir para os idiomas menos frequentes e com alfabetos distintos: manuais t\u00e9cnicos digitalizados com gr\u00e1ficos e imagens, cat\u00e1logos de produtos em pdf, apresenta\u00e7\u00f5es, etc. A cont\u00ednua adapta\u00e7\u00e3o \u00e0s necessidades e caracter\u00edsticas de cada projeto permitiu-nos projetar do zero as publica\u00e7\u00f5es dos nossos clientes, a sua tradu\u00e7\u00e3o em diferentes idiomas e a impress\u00e3o final.<\/p>\t\t\t\t\t\t<\/div>\n\t\t\t\t<\/div>\n\t\t\t\t\t<\/div>\n\t\t\t\t<\/div>\n\t\t\t\t\t\t\t<\/div>\n\t\t","protected":false},"excerpt":{"rendered":"<p>DESIGN E LAYOUT GERIMOS O PROCESSO COMPLETO DESDE A TRADU\u00c7\u00c3O, DESIGN E LAYOUT AT\u00c9 \u00c0 IMPRESS\u00c3O. A ENTREGA DE TRADU\u00c7\u00d5ES NOS MESMOS FORMATOS A PARTIR DE DOCUMENTOS N\u00c3O EDIT\u00c1VEIS REQUER UM TRABALHO PROFISSIONAL. OS NOSSOS CLIENTES SABEM-NO. [&hellip;]<\/p>\n","protected":false},"author":1,"featured_media":7477,"parent":0,"menu_order":0,"comment_status":"closed","ping_status":"closed","template":"","meta":{"footnotes":""},"class_list":["post-9415","page","type-page","status-publish","has-post-thumbnail","hentry"],"_links":{"self":[{"href":"https:\/\/akotetraducciones.com\/pt-pt\/wp-json\/wp\/v2\/pages\/9415","targetHints":{"allow":["GET"]}}],"collection":[{"href":"https:\/\/akotetraducciones.com\/pt-pt\/wp-json\/wp\/v2\/pages"}],"about":[{"href":"https:\/\/akotetraducciones.com\/pt-pt\/wp-json\/wp\/v2\/types\/page"}],"author":[{"embeddable":true,"href":"https:\/\/akotetraducciones.com\/pt-pt\/wp-json\/wp\/v2\/users\/1"}],"replies":[{"embeddable":true,"href":"https:\/\/akotetraducciones.com\/pt-pt\/wp-json\/wp\/v2\/comments?post=9415"}],"version-history":[{"count":8,"href":"https:\/\/akotetraducciones.com\/pt-pt\/wp-json\/wp\/v2\/pages\/9415\/revisions"}],"predecessor-version":[{"id":12114,"href":"https:\/\/akotetraducciones.com\/pt-pt\/wp-json\/wp\/v2\/pages\/9415\/revisions\/12114"}],"wp:featuredmedia":[{"embeddable":true,"href":"https:\/\/akotetraducciones.com\/pt-pt\/wp-json\/wp\/v2\/media\/7477"}],"wp:attachment":[{"href":"https:\/\/akotetraducciones.com\/pt-pt\/wp-json\/wp\/v2\/media?parent=9415"}],"curies":[{"name":"wp","href":"https:\/\/api.w.org\/{rel}","templated":true}]}}