{"id":9473,"date":"2020-10-31T03:37:17","date_gmt":"2020-10-31T02:37:17","guid":{"rendered":"https:\/\/velectra.es\/akote\/traducao-especializada\/"},"modified":"2024-03-26T11:08:31","modified_gmt":"2024-03-26T10:08:31","slug":"traducao-especializada","status":"publish","type":"page","link":"https:\/\/akotetraducciones.com\/pt-pt\/traducao-especializada\/","title":{"rendered":"Tradu\u00e7\u00e3o Especializada"},"content":{"rendered":"\t\t<div data-elementor-type=\"wp-page\" data-elementor-id=\"9473\" class=\"elementor elementor-9473 elementor-1600\">\n\t\t\t\t\t\t\t<div class=\"elementor-element elementor-element-6863e1e e-con-full e-flex lakit-col-width-auto-no e-container e-root-container elementor-top-section e-con e-parent\" data-id=\"6863e1e\" data-element_type=\"container\" data-settings=\"{&quot;background_background&quot;:&quot;classic&quot;,&quot;content_width&quot;:&quot;full&quot;}\" data-core-v316-plus=\"true\">\n\t\t\t\t<div class=\"elementor-element elementor-element-2c31d8a elementor-widget elementor-widget-spacer\" data-id=\"2c31d8a\" data-element_type=\"widget\" data-widget_type=\"spacer.default\">\n\t\t\t\t<div class=\"elementor-widget-container\">\n\t\t\t<style>\/*! elementor - v3.17.0 - 25-10-2023 *\/\n.elementor-column .elementor-spacer-inner{height:var(--spacer-size)}.e-con{--container-widget-width:100%}.e-con-inner>.elementor-widget-spacer,.e-con>.elementor-widget-spacer{width:var(--container-widget-width,var(--spacer-size));--align-self:var(--container-widget-align-self,initial);--flex-shrink:0}.e-con-inner>.elementor-widget-spacer>.elementor-widget-container,.e-con>.elementor-widget-spacer>.elementor-widget-container{height:100%;width:100%}.e-con-inner>.elementor-widget-spacer>.elementor-widget-container>.elementor-spacer,.e-con>.elementor-widget-spacer>.elementor-widget-container>.elementor-spacer{height:100%}.e-con-inner>.elementor-widget-spacer>.elementor-widget-container>.elementor-spacer>.elementor-spacer-inner,.e-con>.elementor-widget-spacer>.elementor-widget-container>.elementor-spacer>.elementor-spacer-inner{height:var(--container-widget-height,var(--spacer-size))}.e-con-inner>.elementor-widget-spacer.elementor-widget-empty,.e-con>.elementor-widget-spacer.elementor-widget-empty{position:relative;min-height:22px;min-width:22px}.e-con-inner>.elementor-widget-spacer.elementor-widget-empty .elementor-widget-empty-icon,.e-con>.elementor-widget-spacer.elementor-widget-empty .elementor-widget-empty-icon{position:absolute;top:0;bottom:0;left:0;right:0;margin:auto;padding:0;width:22px;height:22px}<\/style>\t\t<div class=\"elementor-spacer\">\n\t\t\t<div class=\"elementor-spacer-inner\"><\/div>\n\t\t<\/div>\n\t\t\t\t<\/div>\n\t\t\t\t<\/div>\n\t\t\t\t<div class=\"elementor-element elementor-element-2b4b3f0 elementor-invisible lakit-has-entrance-animation elementor-widget elementor-widget-heading\" data-id=\"2b4b3f0\" data-element_type=\"widget\" data-settings=\"{&quot;motion_fx_motion_fx_mouse&quot;:&quot;yes&quot;,&quot;motion_fx_mouseTrack_effect&quot;:&quot;yes&quot;,&quot;motion_fx_mouseTrack_direction&quot;:&quot;negative&quot;,&quot;_animation&quot;:&quot;fadeInLeft&quot;,&quot;motion_fx_mouseTrack_speed&quot;:{&quot;unit&quot;:&quot;px&quot;,&quot;size&quot;:1,&quot;sizes&quot;:[]}}\" data-widget_type=\"heading.default\">\n\t\t\t\t<div class=\"elementor-widget-container\">\n\t\t\t<style>\/*! elementor - v3.17.0 - 25-10-2023 *\/\n.elementor-heading-title{padding:0;margin:0;line-height:1}.elementor-widget-heading .elementor-heading-title[class*=elementor-size-]>a{color:inherit;font-size:inherit;line-height:inherit}.elementor-widget-heading .elementor-heading-title.elementor-size-small{font-size:15px}.elementor-widget-heading .elementor-heading-title.elementor-size-medium{font-size:19px}.elementor-widget-heading .elementor-heading-title.elementor-size-large{font-size:29px}.elementor-widget-heading .elementor-heading-title.elementor-size-xl{font-size:39px}.elementor-widget-heading .elementor-heading-title.elementor-size-xxl{font-size:59px}<\/style><h2 class=\"elementor-heading-title elementor-size-default\">TRADU\u00c7\u00c3O ESPECIALIZADA<\/h2>\t\t<\/div>\n\t\t\t\t<\/div>\n\t\t\t\t<div class=\"elementor-element elementor-element-bb9f223 elementor-widget elementor-widget-spacer\" data-id=\"bb9f223\" data-element_type=\"widget\" data-widget_type=\"spacer.default\">\n\t\t\t\t<div class=\"elementor-widget-container\">\n\t\t\t\t\t<div class=\"elementor-spacer\">\n\t\t\t<div class=\"elementor-spacer-inner\"><\/div>\n\t\t<\/div>\n\t\t\t\t<\/div>\n\t\t\t\t<\/div>\n\t\t\t\t<\/div>\n\t\t<div class=\"elementor-element elementor-element-2ae9604 e-flex e-con-boxed lakit-col-width-auto-no e-container e-root-container elementor-top-section e-con e-parent\" data-id=\"2ae9604\" data-element_type=\"container\" data-settings=\"{&quot;content_width&quot;:&quot;boxed&quot;}\" data-core-v316-plus=\"true\">\n\t\t\t\t\t<div class=\"e-con-inner\">\n\t\t<div class=\"elementor-element elementor-element-27b5bf9 e-flex e-con-boxed lakit-col-width-auto-no e-container e-con e-child\" data-id=\"27b5bf9\" data-element_type=\"container\" data-settings=\"{&quot;content_width&quot;:&quot;boxed&quot;}\">\n\t\t\t\t\t<div class=\"e-con-inner\">\n\t\t\t\t<div class=\"elementor-element elementor-element-881b2a2 elementor-invisible lakit-has-entrance-animation elementor-widget elementor-widget-heading\" data-id=\"881b2a2\" data-element_type=\"widget\" data-settings=\"{&quot;_animation&quot;:&quot;rollIn&quot;,&quot;_animation_laptop&quot;:&quot;fadeInDown&quot;}\" data-widget_type=\"heading.default\">\n\t\t\t\t<div class=\"elementor-widget-container\">\n\t\t\t<p class=\"elementor-heading-title elementor-size-default\">TRADU\u00c7\u00c3O T\u00c9CNICA<\/p>\t\t<\/div>\n\t\t\t\t<\/div>\n\t\t\t\t<div class=\"elementor-element elementor-element-1bb3fcf elementor-widget elementor-widget-text-editor\" data-id=\"1bb3fcf\" data-element_type=\"widget\" data-widget_type=\"text-editor.default\">\n\t\t\t\t<div class=\"elementor-widget-container\">\n\t\t\t<style>\/*! elementor - v3.17.0 - 25-10-2023 *\/\n.elementor-widget-text-editor.elementor-drop-cap-view-stacked .elementor-drop-cap{background-color:#69727d;color:#fff}.elementor-widget-text-editor.elementor-drop-cap-view-framed .elementor-drop-cap{color:#69727d;border:3px solid;background-color:transparent}.elementor-widget-text-editor:not(.elementor-drop-cap-view-default) .elementor-drop-cap{margin-top:8px}.elementor-widget-text-editor:not(.elementor-drop-cap-view-default) .elementor-drop-cap-letter{width:1em;height:1em}.elementor-widget-text-editor .elementor-drop-cap{float:left;text-align:center;line-height:1;font-size:50px}.elementor-widget-text-editor .elementor-drop-cap-letter{display:inline-block}<\/style>\t\t\t\t<p>ENGENHARIA CIVIL, AEROPORTU\u00c1RIA, ARQUITETURA\/EDIFICA\u00c7\u00c3O, ENERGIAS RENOV\u00c1VEIS, ETC.<\/p>\n\t\t\t\t\t\t<\/div>\n\t\t\t\t<\/div>\n\t\t\t\t<div class=\"elementor-element elementor-element-9c6fcca elementor-widget elementor-widget-text-editor\" data-id=\"9c6fcca\" data-element_type=\"widget\" data-widget_type=\"text-editor.default\">\n\t\t\t\t<div class=\"elementor-widget-container\">\n\t\t\t\t\t\t\t<p>Nesta \u00e1rea, as <strong>tradu\u00e7\u00f5es<\/strong> est\u00e3o geralmente inseridas em projetos de grande envergadura, com prazos muito curtos, que exigem a efic\u00e1cia de um trabalho em equipa (dois ou mais tradutores, incluindo um revisor). Neste sentido, mantemos uma rela\u00e7\u00e3o estreita e frut\u00edfera com os nossos clientes de engenharia, em expans\u00e3o em pa\u00edses como a Turquia, Brasil, Noruega e Ar\u00e1bia Saudita.<\/p>\n\t\t\t\t\t\t<\/div>\n\t\t\t\t<\/div>\n\t\t\t\t\t<\/div>\n\t\t\t\t<\/div>\n\t\t<div class=\"elementor-element elementor-element-54cafeb e-flex e-con-boxed lakit-col-width-auto-no e-container e-con e-child\" data-id=\"54cafeb\" data-element_type=\"container\" data-settings=\"{&quot;content_width&quot;:&quot;boxed&quot;}\">\n\t\t\t\t\t<div class=\"e-con-inner\">\n\t\t\t\t<div class=\"elementor-element elementor-element-7672b00 elementor-invisible lakit-has-entrance-animation elementor-widget elementor-widget-heading\" data-id=\"7672b00\" data-element_type=\"widget\" data-settings=\"{&quot;_animation&quot;:&quot;rollIn&quot;,&quot;_animation_laptop&quot;:&quot;fadeInDown&quot;}\" data-widget_type=\"heading.default\">\n\t\t\t\t<div class=\"elementor-widget-container\">\n\t\t\t<p class=\"elementor-heading-title elementor-size-default\">TRADU\u00c7\u00c3O FINANCEIRA<\/p>\t\t<\/div>\n\t\t\t\t<\/div>\n\t\t\t\t<div class=\"elementor-element elementor-element-f838fe8 elementor-widget elementor-widget-spacer\" data-id=\"f838fe8\" data-element_type=\"widget\" data-widget_type=\"spacer.default\">\n\t\t\t\t<div class=\"elementor-widget-container\">\n\t\t\t\t\t<div class=\"elementor-spacer\">\n\t\t\t<div class=\"elementor-spacer-inner\"><\/div>\n\t\t<\/div>\n\t\t\t\t<\/div>\n\t\t\t\t<\/div>\n\t\t\t\t<div class=\"elementor-element elementor-element-d8fd9ba elementor-widget elementor-widget-text-editor\" data-id=\"d8fd9ba\" data-element_type=\"widget\" data-widget_type=\"text-editor.default\">\n\t\t\t\t<div class=\"elementor-widget-container\">\n\t\t\t\t\t\t\t<p>As <strong>tradu\u00e7\u00f5es<\/strong> de documenta\u00e7\u00e3o relativa a este setor exigem <strong>tradutores<\/strong> altamente especializados. Traduzimos habitualmente: contas anuais, balan\u00e7os, mem\u00f3rias, demonstra\u00e7\u00e3o de resultados, relat\u00f3rios de auditoria, relat\u00f3rios de gest\u00e3o, certificados banc\u00e1rios, extratos de contas, etc.<\/p>\n\t\t\t\t\t\t<\/div>\n\t\t\t\t<\/div>\n\t\t\t\t\t<\/div>\n\t\t\t\t<\/div>\n\t\t\t\t\t<\/div>\n\t\t\t\t<\/div>\n\t\t<div class=\"elementor-element elementor-element-884ff74 e-flex e-con-boxed lakit-col-width-auto-no e-container e-root-container elementor-top-section e-con e-parent\" data-id=\"884ff74\" data-element_type=\"container\" data-settings=\"{&quot;content_width&quot;:&quot;boxed&quot;}\" data-core-v316-plus=\"true\">\n\t\t\t\t\t<div class=\"e-con-inner\">\n\t\t<div class=\"elementor-element elementor-element-bfc75e8 e-con-full e-flex lakit-col-width-auto-no e-container e-con e-child\" data-id=\"bfc75e8\" data-element_type=\"container\" data-settings=\"{&quot;content_width&quot;:&quot;full&quot;}\">\n\t\t\t\t<div class=\"elementor-element elementor-element-a3f88f6 elementor-invisible lakit-has-entrance-animation elementor-widget elementor-widget-heading\" data-id=\"a3f88f6\" data-element_type=\"widget\" data-settings=\"{&quot;_animation&quot;:&quot;rollIn&quot;,&quot;_animation_laptop&quot;:&quot;fadeInDown&quot;}\" data-widget_type=\"heading.default\">\n\t\t\t\t<div class=\"elementor-widget-container\">\n\t\t\t<p class=\"elementor-heading-title elementor-size-default\">TRADU\u00c7\u00c3O SETOR AUTOM\u00d3VEL<\/p>\t\t<\/div>\n\t\t\t\t<\/div>\n\t\t\t\t<div class=\"elementor-element elementor-element-f7e69ac elementor-widget elementor-widget-text-editor\" data-id=\"f7e69ac\" data-element_type=\"widget\" data-widget_type=\"text-editor.default\">\n\t\t\t\t<div class=\"elementor-widget-container\">\n\t\t\t\t\t\t\t<p><strong>Traduzimos<\/strong> manuais, cat\u00e1logos de motores e revistas trimestrais especializadas no mundo autom\u00f3vel. Se necess\u00e1rio, os nossos <strong>tradutores<\/strong> da Akot\u00e9 deslocam-se at\u00e9 aos escrit\u00f3rios dos clientes para <strong>traduzir<\/strong> determinados documentos que, por motivos de seguran\u00e7a, n\u00e3o podem ser enviados como fizemos em in\u00fameras ocasi\u00f5es.<\/p>\n\t\t\t\t\t\t<\/div>\n\t\t\t\t<\/div>\n\t\t\t\t<div class=\"elementor-element elementor-element-61cb43d elementor-invisible lakit-has-entrance-animation elementor-widget elementor-widget-heading\" data-id=\"61cb43d\" data-element_type=\"widget\" data-settings=\"{&quot;_animation&quot;:&quot;rollIn&quot;,&quot;_animation_laptop&quot;:&quot;fadeInDown&quot;}\" data-widget_type=\"heading.default\">\n\t\t\t\t<div class=\"elementor-widget-container\">\n\t\t\t<p class=\"elementor-heading-title elementor-size-default\">TRADU\u00c7\u00c3O M\u00c9DICA<\/p>\t\t<\/div>\n\t\t\t\t<\/div>\n\t\t\t\t<div class=\"elementor-element elementor-element-50d332a elementor-widget elementor-widget-text-editor\" data-id=\"50d332a\" data-element_type=\"widget\" data-widget_type=\"text-editor.default\">\n\t\t\t\t<div class=\"elementor-widget-container\">\n\t\t\t\t\t\t\t<p>Contamos com <strong>tradutores<\/strong> com uma ampla experi\u00eancia em diferentes especialidades m\u00e9dicas. Ao longo destes anos, a nossa equipa cresceu e satisfazemos as necessidades de todos os nossos clientes, independentemente da \u00e1rea da medicina a que pertencem. <strong>Traduzimos<\/strong> estudos m\u00e9dicos, ensaios cl\u00ednicos, artigos publicados em revistas de impacto, projetos de investiga\u00e7\u00e3o, etc.<\/p>\n\t\t\t\t\t\t<\/div>\n\t\t\t\t<\/div>\n\t\t\t\t<\/div>\n\t\t<div class=\"elementor-element elementor-element-43fa270 e-con-full e-flex lakit-col-width-auto-no e-container e-con e-child\" data-id=\"43fa270\" data-element_type=\"container\" data-settings=\"{&quot;content_width&quot;:&quot;full&quot;,&quot;background_background&quot;:&quot;classic&quot;}\">\n\t\t\t\t<div class=\"elementor-element elementor-element-d77016c elementor-invisible lakit-has-entrance-animation elementor-widget elementor-widget-heading\" data-id=\"d77016c\" data-element_type=\"widget\" data-settings=\"{&quot;_animation&quot;:&quot;rollIn&quot;,&quot;_animation_laptop&quot;:&quot;fadeInDown&quot;}\" data-widget_type=\"heading.default\">\n\t\t\t\t<div class=\"elementor-widget-container\">\n\t\t\t<p class=\"elementor-heading-title elementor-size-default\">TRADU\u00c7\u00c3O DE SOFTWARE<\/p>\t\t<\/div>\n\t\t\t\t<\/div>\n\t\t\t\t<div class=\"elementor-element elementor-element-40800da elementor-widget elementor-widget-spacer\" data-id=\"40800da\" data-element_type=\"widget\" data-widget_type=\"spacer.default\">\n\t\t\t\t<div class=\"elementor-widget-container\">\n\t\t\t\t\t<div class=\"elementor-spacer\">\n\t\t\t<div class=\"elementor-spacer-inner\"><\/div>\n\t\t<\/div>\n\t\t\t\t<\/div>\n\t\t\t\t<\/div>\n\t\t\t\t<div class=\"elementor-element elementor-element-54f1b78 elementor-widget elementor-widget-text-editor\" data-id=\"54f1b78\" data-element_type=\"widget\" data-widget_type=\"text-editor.default\">\n\t\t\t\t<div class=\"elementor-widget-container\">\n\t\t\t\t\t\t\t<p>S\u00e3o projetos muito complexos que requerem um planeamento rigoroso e um estudo pr\u00e9vio aprofundado. Devem seguir-se as instru\u00e7\u00f5es e\/ou guias de estilo existentes para traduzir todos os elementos da interface gr\u00e1fica.<\/p>\n\t\t\t\t\t\t<\/div>\n\t\t\t\t<\/div>\n\t\t\t\t<div class=\"elementor-element elementor-element-b891cad elementor-widget elementor-widget-spacer\" data-id=\"b891cad\" data-element_type=\"widget\" data-widget_type=\"spacer.default\">\n\t\t\t\t<div class=\"elementor-widget-container\">\n\t\t\t\t\t<div class=\"elementor-spacer\">\n\t\t\t<div class=\"elementor-spacer-inner\"><\/div>\n\t\t<\/div>\n\t\t\t\t<\/div>\n\t\t\t\t<\/div>\n\t\t\t\t<div class=\"elementor-element elementor-element-d163b06 elementor-invisible lakit-has-entrance-animation elementor-widget elementor-widget-heading\" data-id=\"d163b06\" data-element_type=\"widget\" data-settings=\"{&quot;_animation&quot;:&quot;rollIn&quot;,&quot;_animation_laptop&quot;:&quot;fadeInDown&quot;}\" data-widget_type=\"heading.default\">\n\t\t\t\t<div class=\"elementor-widget-container\">\n\t\t\t<p class=\"elementor-heading-title elementor-size-default\">TRADU\u00c7\u00c3O JUR\u00cdDICA<\/p>\t\t<\/div>\n\t\t\t\t<\/div>\n\t\t\t\t<div class=\"elementor-element elementor-element-7b0794e elementor-widget elementor-widget-text-editor\" data-id=\"7b0794e\" data-element_type=\"widget\" data-widget_type=\"text-editor.default\">\n\t\t\t\t<div class=\"elementor-widget-container\">\n\t\t\t\t\t\t\t<p>Servi\u00e7o de <strong>tradu\u00e7\u00e3o<\/strong> de requerimentos, senten\u00e7as e toda a documenta\u00e7\u00e3o relativa a lit\u00edgios dos nossos clientes no estrangeiro. Contamos antecipadamente com os prazos exigentes que estes projetos implicam, na forma e tempos de entrega.<\/p>\n\t\t\t\t\t\t<\/div>\n\t\t\t\t<\/div>\n\t\t\t\t<\/div>\n\t\t\t\t\t<\/div>\n\t\t\t\t<\/div>\n\t\t<div class=\"elementor-element elementor-element-86b96e2 e-flex e-con-boxed lakit-col-width-auto-no e-container e-root-container elementor-top-section e-con e-parent\" data-id=\"86b96e2\" data-element_type=\"container\" data-settings=\"{&quot;content_width&quot;:&quot;boxed&quot;}\" data-core-v316-plus=\"true\">\n\t\t\t\t\t<div class=\"e-con-inner\">\n\t\t<div class=\"elementor-element elementor-element-9cb9241 e-con-full e-flex lakit-col-width-auto-no e-container e-con e-child\" data-id=\"9cb9241\" data-element_type=\"container\" data-settings=\"{&quot;content_width&quot;:&quot;full&quot;}\">\n\t\t\t\t<div class=\"elementor-element elementor-element-9e5d3b0 elementor-invisible lakit-has-entrance-animation elementor-widget elementor-widget-heading\" data-id=\"9e5d3b0\" data-element_type=\"widget\" data-settings=\"{&quot;_animation&quot;:&quot;rollIn&quot;,&quot;_animation_laptop&quot;:&quot;fadeInDown&quot;}\" data-widget_type=\"heading.default\">\n\t\t\t\t<div class=\"elementor-widget-container\">\n\t\t\t<p class=\"elementor-heading-title elementor-size-default\">TRADU\u00c7\u00c3O NO SETOR DO MARKETING E DA\nPUBLICIDADE<\/p>\t\t<\/div>\n\t\t\t\t<\/div>\n\t\t\t\t<div class=\"elementor-element elementor-element-ca66dd1 elementor-widget elementor-widget-text-editor\" data-id=\"ca66dd1\" data-element_type=\"widget\" data-widget_type=\"text-editor.default\">\n\t\t\t\t<div class=\"elementor-widget-container\">\n\t\t\t\t\t\t\t<p>O perfil dos nossos <strong>tradutores<\/strong> para estes projetos \u00e9 o mais criativo. As <strong>tradu\u00e7\u00f5es<\/strong> habituais s\u00e3o as apresenta\u00e7\u00f5es de produto, comunicados de imprensa, artigos de revistas, campanhas e a\u00e7\u00f5es de marketing. Trabalhamos no setor da moda, do autom\u00f3vel, dos seguros, da alimenta\u00e7\u00e3o, da banca, etc.<\/p>\n\t\t\t\t\t\t<\/div>\n\t\t\t\t<\/div>\n\t\t\t\t<div class=\"elementor-element elementor-element-503642d elementor-widget elementor-widget-spacer\" data-id=\"503642d\" data-element_type=\"widget\" data-widget_type=\"spacer.default\">\n\t\t\t\t<div class=\"elementor-widget-container\">\n\t\t\t\t\t<div class=\"elementor-spacer\">\n\t\t\t<div class=\"elementor-spacer-inner\"><\/div>\n\t\t<\/div>\n\t\t\t\t<\/div>\n\t\t\t\t<\/div>\n\t\t\t\t<\/div>\n\t\t<div class=\"elementor-element elementor-element-acd9a57 e-con-full e-flex lakit-col-width-auto-no e-container e-con e-child\" data-id=\"acd9a57\" data-element_type=\"container\" data-settings=\"{&quot;content_width&quot;:&quot;full&quot;}\">\n\t\t\t\t<div class=\"elementor-element elementor-element-bba04fb elementor-invisible lakit-has-entrance-animation elementor-widget elementor-widget-heading\" data-id=\"bba04fb\" data-element_type=\"widget\" data-settings=\"{&quot;_animation&quot;:&quot;rollIn&quot;,&quot;_animation_laptop&quot;:&quot;fadeInDown&quot;}\" data-widget_type=\"heading.default\">\n\t\t\t\t<div class=\"elementor-widget-container\">\n\t\t\t<p class=\"elementor-heading-title elementor-size-default\"> TRADU\u00c7\u00c3O AUDIOVISUAL<\/p>\t\t<\/div>\n\t\t\t\t<\/div>\n\t\t\t\t<div class=\"elementor-element elementor-element-d037b38 elementor-widget elementor-widget-spacer\" data-id=\"d037b38\" data-element_type=\"widget\" data-widget_type=\"spacer.default\">\n\t\t\t\t<div class=\"elementor-widget-container\">\n\t\t\t\t\t<div class=\"elementor-spacer\">\n\t\t\t<div class=\"elementor-spacer-inner\"><\/div>\n\t\t<\/div>\n\t\t\t\t<\/div>\n\t\t\t\t<\/div>\n\t\t\t\t<div class=\"elementor-element elementor-element-e0961b1 elementor-widget elementor-widget-text-editor\" data-id=\"e0961b1\" data-element_type=\"widget\" data-widget_type=\"text-editor.default\">\n\t\t\t\t<div class=\"elementor-widget-container\">\n\t\t\t\t\t\t\t<p><strong>Traduzimos<\/strong> tratamentos de spots e gui\u00f5es para produtoras audiovisuais. Tal como acontece no marketing e na publicidade, a criatividade \u00e9 fundamental na <strong>tradu\u00e7\u00e3o<\/strong> do setor audiovisual..<\/p>\n\t\t\t\t\t\t<\/div>\n\t\t\t\t<\/div>\n\t\t\t\t<div class=\"elementor-element elementor-element-fe4ef3c elementor-widget elementor-widget-spacer\" data-id=\"fe4ef3c\" data-element_type=\"widget\" data-widget_type=\"spacer.default\">\n\t\t\t\t<div class=\"elementor-widget-container\">\n\t\t\t\t\t<div class=\"elementor-spacer\">\n\t\t\t<div class=\"elementor-spacer-inner\"><\/div>\n\t\t<\/div>\n\t\t\t\t<\/div>\n\t\t\t\t<\/div>\n\t\t\t\t<\/div>\n\t\t\t\t\t<\/div>\n\t\t\t\t<\/div>\n\t\t\t\t\t\t\t<\/div>\n\t\t","protected":false},"excerpt":{"rendered":"<p>TRADU\u00c7\u00c3O ESPECIALIZADA TRADU\u00c7\u00c3O T\u00c9CNICA ENGENHARIA CIVIL, AEROPORTU\u00c1RIA, ARQUITETURA\/EDIFICA\u00c7\u00c3O, ENERGIAS RENOV\u00c1VEIS, ETC. Nesta \u00e1rea, as tradu\u00e7\u00f5es est\u00e3o geralmente inseridas em projetos de grande envergadura, com prazos muito curtos, que exigem a efic\u00e1cia de um trabalho em equipa (dois [&hellip;]<\/p>\n","protected":false},"author":1,"featured_media":7457,"parent":0,"menu_order":0,"comment_status":"closed","ping_status":"closed","template":"","meta":{"footnotes":""},"class_list":["post-9473","page","type-page","status-publish","has-post-thumbnail","hentry"],"_links":{"self":[{"href":"https:\/\/akotetraducciones.com\/pt-pt\/wp-json\/wp\/v2\/pages\/9473","targetHints":{"allow":["GET"]}}],"collection":[{"href":"https:\/\/akotetraducciones.com\/pt-pt\/wp-json\/wp\/v2\/pages"}],"about":[{"href":"https:\/\/akotetraducciones.com\/pt-pt\/wp-json\/wp\/v2\/types\/page"}],"author":[{"embeddable":true,"href":"https:\/\/akotetraducciones.com\/pt-pt\/wp-json\/wp\/v2\/users\/1"}],"replies":[{"embeddable":true,"href":"https:\/\/akotetraducciones.com\/pt-pt\/wp-json\/wp\/v2\/comments?post=9473"}],"version-history":[{"count":8,"href":"https:\/\/akotetraducciones.com\/pt-pt\/wp-json\/wp\/v2\/pages\/9473\/revisions"}],"predecessor-version":[{"id":12093,"href":"https:\/\/akotetraducciones.com\/pt-pt\/wp-json\/wp\/v2\/pages\/9473\/revisions\/12093"}],"wp:featuredmedia":[{"embeddable":true,"href":"https:\/\/akotetraducciones.com\/pt-pt\/wp-json\/wp\/v2\/media\/7457"}],"wp:attachment":[{"href":"https:\/\/akotetraducciones.com\/pt-pt\/wp-json\/wp\/v2\/media?parent=9473"}],"curies":[{"name":"wp","href":"https:\/\/api.w.org\/{rel}","templated":true}]}}